{"id":8414,"date":"2021-02-14T23:38:21","date_gmt":"2021-02-14T20:38:21","guid":{"rendered":"https:\/\/ceoparts.com\/?post_type=product&#038;p=8414"},"modified":"2026-05-16T11:43:47","modified_gmt":"2026-05-16T08:43:47","slug":"85x100-102-17-yuk-tekeri","status":"publish","type":"product","link":"https:\/\/ceoparts.com\/it\/urun\/85x100-102-17-yuk-tekeri\/","title":{"rendered":"85&#215;100\/102-17 Ceoparts Ruote di carico -167599 , 225152"},"content":{"rendered":"<p>85&#215;100\/102-17 Ceoparts Ruote di carico -167599 , 225152<\/p>\n<p>BT 167599, 225152, 119991, 129929,129930<\/p>\n<p>BT L2000<br \/>\nBT L23<br \/>\nBT LWE 180<br \/>\nBT LWE 200<br \/>\nBT PPT 1400<br \/>\nBT PPT1600<br \/>\nBT PPT1800<br \/>\nBT PPT2000<br \/>\nBT W18 ORION<br \/>\nBT W20<\/p>","protected":false},"excerpt":{"rendered":"<p data-start=\"116\" data-end=\"558\"><br data-start=\"4220\" data-end=\"4223\" \/>La <strong data-start=\"4226\" data-end=\"4285\">Ruota di carico 85\u00d7100\/102-17 Ceoparts &#8211; 167599, 225152<\/strong> \u00e8 progettata per carrelli elevatori e macchinari pesanti, offrendo alta capacit\u00e0 di carico e durabilit\u00e0. La combinazione di gomma di qualit\u00e0 e corpo metallico robusto garantisce prestazioni durature anche in condizioni difficili. Migliora l\u2019efficienza della macchina grazie all\u2019elevata capacit\u00e0 di carico e riduce le vibrazioni per il comfort dell\u2019operatore. Facile da mantenere e migliora la sicurezza sul lavoro.<\/p>\n<p data-start=\"4702\" data-end=\"5063\"><strong data-start=\"4702\" data-end=\"4721\">Caratteristiche<\/strong><br data-start=\"4721\" data-end=\"4724\" \/><strong data-start=\"4724\" data-end=\"4742\">Nome prodotto:<\/strong> Ruota di carico<br data-start=\"4758\" data-end=\"4761\" \/><strong data-start=\"4761\" data-end=\"4778\">Numero parte:<\/strong> 167599, 225152<br data-start=\"4793\" data-end=\"4796\" \/><strong data-start=\"4796\" data-end=\"4810\">Materiale:<\/strong> Gomma durevole, corpo metallico rinforzato<br data-start=\"4853\" data-end=\"4856\" \/><strong data-start=\"4856\" data-end=\"4873\">Applicazione:<\/strong> Sistema di carico per carrelli elevatori e macchinari pesanti<br data-start=\"4935\" data-end=\"4938\" \/><strong data-start=\"4938\" data-end=\"4952\">Vantaggio:<\/strong> Alta capacit\u00e0 di carico, lunga durata, riduzione delle vibrazioni, facile manutenzione, stabilit\u00e0 migliorata<\/p>\n<p data-start=\"5065\" data-end=\"5544\">\n","protected":false},"featured_media":15552,"template":"","meta":[],"product_brand":[],"product_cat":[251,253,398,400],"product_tag":[],"class_list":{"0":"post-8414","1":"product","2":"type-product","3":"status-publish","4":"has-post-thumbnail","6":"product_cat-bt","7":"product_cat-catal-tekeri-bt","8":"product_cat-catal-tekeri-ceo","9":"product_cat-catal-tekeri","11":"first","12":"instock","13":"taxable","14":"shipping-taxable","15":"purchasable","16":"product-type-simple"},"_links":{"self":[{"href":"https:\/\/ceoparts.com\/it\/wp-json\/wp\/v2\/product\/8414","targetHints":{"allow":["GET"]}}],"collection":[{"href":"https:\/\/ceoparts.com\/it\/wp-json\/wp\/v2\/product"}],"about":[{"href":"https:\/\/ceoparts.com\/it\/wp-json\/wp\/v2\/types\/product"}],"wp:featuredmedia":[{"embeddable":true,"href":"https:\/\/ceoparts.com\/it\/wp-json\/wp\/v2\/media\/15552"}],"wp:attachment":[{"href":"https:\/\/ceoparts.com\/it\/wp-json\/wp\/v2\/media?parent=8414"}],"wp:term":[{"taxonomy":"product_brand","embeddable":true,"href":"https:\/\/ceoparts.com\/it\/wp-json\/wp\/v2\/product_brand?post=8414"},{"taxonomy":"product_cat","embeddable":true,"href":"https:\/\/ceoparts.com\/it\/wp-json\/wp\/v2\/product_cat?post=8414"},{"taxonomy":"product_tag","embeddable":true,"href":"https:\/\/ceoparts.com\/it\/wp-json\/wp\/v2\/product_tag?post=8414"}],"curies":[{"name":"wp","href":"https:\/\/api.w.org\/{rel}","templated":true}]}}