{"id":8419,"date":"2021-02-15T01:52:32","date_gmt":"2021-02-14T22:52:32","guid":{"rendered":"https:\/\/ceoparts.com\/?post_type=product&#038;p=8419"},"modified":"2026-05-16T07:29:35","modified_gmt":"2026-05-16T04:29:35","slug":"100x40-20-denge-tekeri","status":"publish","type":"product","link":"https:\/\/ceoparts.com\/it\/urun\/100x40-20-denge-tekeri\/","title":{"rendered":"100&#215;40-20 Wicke Ruote Bilanciate &#8211; 580037736 , 1530397 , 51161163"},"content":{"rendered":"<p>100&#215;40-20 Wicke Ruote Bilanciate &#8211; 580037736 , 1530397 , 51161163<\/p>\n<p>Yale MP16\/18\/20\u00a0 Serie C 841X\u00a0\u00a0 100&#215;40-20<\/p>\n<p><span style=\"color: #231f20; font-family: Arial; font-size: xx-large;\"><span style=\"color: #000000; font-family: Times New Roman; font-size: medium;\">Hyster P 1.6\/1.8\/2.0 Serie C437<\/span><\/span><\/p>","protected":false},"excerpt":{"rendered":"<p data-start=\"123\" data-end=\"608\"><br data-start=\"4641\" data-end=\"4644\" \/>La <strong data-start=\"4647\" data-end=\"4719\">Ruota stabilizzatrice 100\u00d740-20 Wicke \u2013 580037736, 1530397, 51161163<\/strong> \u00e8 appositamente prodotta per carrelli elevatori e macchinari pesanti, offrendo durabilit\u00e0 superiore e alta stabilit\u00e0. La combinazione di gomma di qualit\u00e0 e corpo metallico rinforzato garantisce una lunga durata in condizioni difficili. Minimizza le vibrazioni per migliorare il comfort dell\u2019operatore, riduce le esigenze di manutenzione e migliora l\u2019efficienza della macchina. Ideale per carrelli elevatori che operano in spazi ristretti e impegnativi, supporta la sicurezza sul lavoro.<\/p>\n<p data-start=\"5208\" data-end=\"5599\"><strong data-start=\"5208\" data-end=\"5227\">Caratteristiche<\/strong><br data-start=\"5227\" data-end=\"5230\" \/><strong data-start=\"5230\" data-end=\"5248\">Nome prodotto:<\/strong> Ruota stabilizzatrice<br data-start=\"5270\" data-end=\"5273\" \/><strong data-start=\"5273\" data-end=\"5290\">Numero parte:<\/strong> 580037736, 1530397, 51161163<br data-start=\"5319\" data-end=\"5322\" \/><strong data-start=\"5322\" data-end=\"5336\">Materiale:<\/strong> Gomma durevole, corpo metallico rinforzato<br data-start=\"5379\" data-end=\"5382\" \/><strong data-start=\"5382\" data-end=\"5399\">Applicazione:<\/strong> Sistema di stabilizzazione per carrelli elevatori e macchinari pesanti<br data-start=\"5470\" data-end=\"5473\" \/><strong data-start=\"5473\" data-end=\"5487\">Vantaggio:<\/strong> Alta resistenza all\u2019usura, lunga durata, riduzione delle vibrazioni, bassa manutenzione, stabilit\u00e0 migliorata<\/p>\n<p data-start=\"5601\" data-end=\"6169\">\n","protected":false},"featured_media":15080,"template":"","meta":[],"product_brand":[],"product_cat":[256,258,403,185],"product_tag":[],"class_list":{"0":"post-8419","1":"product","2":"type-product","3":"status-publish","4":"has-post-thumbnail","6":"product_cat-hyster","7":"product_cat-denge-tekeri-hyster","8":"product_cat-denge-tekeri-wicke","9":"product_cat-denge-tekeri","11":"first","12":"instock","13":"taxable","14":"shipping-taxable","15":"purchasable","16":"product-type-simple"},"_links":{"self":[{"href":"https:\/\/ceoparts.com\/it\/wp-json\/wp\/v2\/product\/8419","targetHints":{"allow":["GET"]}}],"collection":[{"href":"https:\/\/ceoparts.com\/it\/wp-json\/wp\/v2\/product"}],"about":[{"href":"https:\/\/ceoparts.com\/it\/wp-json\/wp\/v2\/types\/product"}],"wp:featuredmedia":[{"embeddable":true,"href":"https:\/\/ceoparts.com\/it\/wp-json\/wp\/v2\/media\/15080"}],"wp:attachment":[{"href":"https:\/\/ceoparts.com\/it\/wp-json\/wp\/v2\/media?parent=8419"}],"wp:term":[{"taxonomy":"product_brand","embeddable":true,"href":"https:\/\/ceoparts.com\/it\/wp-json\/wp\/v2\/product_brand?post=8419"},{"taxonomy":"product_cat","embeddable":true,"href":"https:\/\/ceoparts.com\/it\/wp-json\/wp\/v2\/product_cat?post=8419"},{"taxonomy":"product_tag","embeddable":true,"href":"https:\/\/ceoparts.com\/it\/wp-json\/wp\/v2\/product_tag?post=8419"}],"curies":[{"name":"wp","href":"https:\/\/api.w.org\/{rel}","templated":true}]}}