{"id":8420,"date":"2021-02-15T01:53:29","date_gmt":"2021-02-14T22:53:29","guid":{"rendered":"https:\/\/ceoparts.com\/?post_type=product&#038;p=8420"},"modified":"2026-05-16T06:16:16","modified_gmt":"2026-05-16T03:16:16","slug":"115x55x20-denge-tekeri","status":"publish","type":"product","link":"https:\/\/ceoparts.com\/it\/urun\/115x55x20-denge-tekeri\/","title":{"rendered":"115&#215;55-20 Ceoparts Ruote Bilanciate &#8211; 2700332001 , 2700332003"},"content":{"rendered":"<p>115&#215;55-20 Ceoparts Ruote Bilanciate &#8211; 2700332001 , 2700332003<\/p>\n<p>2700300000 2700332001 2700332003<\/p>\n<p>Heli CBD25<\/p>\n<p>CBD20-460\/470,<\/p>\n<p>CDD14-16L-930\/950\/960\/980<\/p>\n<p>CDD12-030<\/p>\n<p>CDD10-050 CDD10-070 CDD10-080 CDD10-090<\/p>","protected":false},"excerpt":{"rendered":"<p data-start=\"120\" data-end=\"621\"><br data-start=\"4651\" data-end=\"4654\" \/>La <strong data-start=\"4657\" data-end=\"4726\">Ruota stabilizzatrice 115\u00d755-20 Ceoparts \u2013 2700332001, 2700332003<\/strong> \u00e8 progettata per carrelli elevatori e macchinari pesanti, offrendo alta durata e stabilit\u00e0 superiore. La combinazione di gomma di qualit\u00e0 e corpo metallico rinforzato garantisce prestazioni durature anche in condizioni di lavoro difficili. Riduce le vibrazioni per migliorare il comfort dell\u2019operatore e supporta l\u2019efficienza della macchina. Facile da mantenere e ideale per carrelli elevatori che operano in spazi ristretti. Un componente critico per sicurezza e prestazioni.<\/p>\n<p data-start=\"5205\" data-end=\"5591\"><strong data-start=\"5205\" data-end=\"5224\">Caratteristiche<\/strong><br data-start=\"5224\" data-end=\"5227\" \/><strong data-start=\"5227\" data-end=\"5245\">Nome prodotto:<\/strong> Ruota stabilizzatrice<br data-start=\"5267\" data-end=\"5270\" \/><strong data-start=\"5270\" data-end=\"5287\">Numero parte:<\/strong> 2700332001, 2700332003<br data-start=\"5310\" data-end=\"5313\" \/><strong data-start=\"5313\" data-end=\"5327\">Materiale:<\/strong> Gomma durevole, corpo metallico rinforzato<br data-start=\"5370\" data-end=\"5373\" \/><strong data-start=\"5373\" data-end=\"5390\">Applicazione:<\/strong> Sistema di stabilizzazione per carrelli elevatori e macchinari pesanti<br data-start=\"5461\" data-end=\"5464\" \/><strong data-start=\"5464\" data-end=\"5478\">Vantaggio:<\/strong> Alta resistenza all\u2019usura, lunga durata, riduzione delle vibrazioni, facile manutenzione, stabilit\u00e0 migliorata<\/p>\n<p data-start=\"5593\" data-end=\"6155\">\n","protected":false},"featured_media":15083,"template":"","meta":[],"product_brand":[],"product_cat":[396,185],"product_tag":[],"class_list":{"0":"post-8420","1":"product","2":"type-product","3":"status-publish","4":"has-post-thumbnail","6":"product_cat-denge-tekeri-ceo","7":"product_cat-denge-tekeri","9":"first","10":"instock","11":"taxable","12":"shipping-taxable","13":"purchasable","14":"product-type-simple"},"_links":{"self":[{"href":"https:\/\/ceoparts.com\/it\/wp-json\/wp\/v2\/product\/8420","targetHints":{"allow":["GET"]}}],"collection":[{"href":"https:\/\/ceoparts.com\/it\/wp-json\/wp\/v2\/product"}],"about":[{"href":"https:\/\/ceoparts.com\/it\/wp-json\/wp\/v2\/types\/product"}],"wp:featuredmedia":[{"embeddable":true,"href":"https:\/\/ceoparts.com\/it\/wp-json\/wp\/v2\/media\/15083"}],"wp:attachment":[{"href":"https:\/\/ceoparts.com\/it\/wp-json\/wp\/v2\/media?parent=8420"}],"wp:term":[{"taxonomy":"product_brand","embeddable":true,"href":"https:\/\/ceoparts.com\/it\/wp-json\/wp\/v2\/product_brand?post=8420"},{"taxonomy":"product_cat","embeddable":true,"href":"https:\/\/ceoparts.com\/it\/wp-json\/wp\/v2\/product_cat?post=8420"},{"taxonomy":"product_tag","embeddable":true,"href":"https:\/\/ceoparts.com\/it\/wp-json\/wp\/v2\/product_tag?post=8420"}],"curies":[{"name":"wp","href":"https:\/\/api.w.org\/{rel}","templated":true}]}}