{"id":8425,"date":"2021-02-15T10:33:50","date_gmt":"2021-02-15T07:33:50","guid":{"rendered":"https:\/\/ceoparts.com\/?post_type=product&#038;p=8425"},"modified":"2026-05-16T13:20:01","modified_gmt":"2026-05-16T10:20:01","slug":"125x50-54-20-denge-tekeri","status":"publish","type":"product","link":"https:\/\/ceoparts.com\/it\/urun\/125x50-54-20-denge-tekeri\/","title":{"rendered":"125&#215;50\/54-20 Ceoparts Ruote Bilanciate &#8211; 156259"},"content":{"rendered":"<p>125&#215;50\/54-20 Ceoparts Ruote Bilanciate &#8211; 156259<\/p>\n<p>MO 15<\/p>\n<p>PPO 1500MX<\/p>\n<p>MPH 16<br \/>\nMPL 10<br \/>\nMPL 12<br \/>\nMPL 12 F<br \/>\nMPL 16D<\/p>\n<p>PPH 1600 MX<\/p>\n<p>PPS 1000 MX<br \/>\nPPS 1200 MX<br \/>\nPPS 1200MXF<br \/>\nPPS 1600 MXD<\/p>\n<p>S12 F<br \/>\nS16 D<\/p>\n<p>SWE 080 L<br \/>\nSWE100 STAXIO<br \/>\nSWE 120 IKEA<br \/>\nSWE 120 STAXIO<br \/>\nSWE 120 L<br \/>\nSWE 120 LIKEA<br \/>\nSWE 140 STAXIO<br \/>\nSWE 140 L STAXIO<br \/>\nSWE 160 D IKEA<br \/>\nSWE 160D<br \/>\nSWE 200 D IKEA<br \/>\nSWE 200 D<\/p>\n<p>LWE 140 LEVIO<br \/>\nLWE 160LEVIO<br \/>\nLWE 180<br \/>\nLWE 180 LEVIO<br \/>\nLWE 200<br \/>\nLWE 200 N<br \/>\nLWE 250LEVIO<\/p>\n<p>MP 14 C<br \/>\nMP 14<br \/>\nMP 16<br \/>\nMP 20<br \/>\nMP 20L<\/p>\n<p>PPL 2000 MX<\/p>\n<p>PPT 1400 C<br \/>\nPPT 1400 MX<br \/>\nPPT 1400MXC<br \/>\nPPT 1600 MX<br \/>\nPPT 1800 MMD<br \/>\nPPT 2000 MX<br \/>\nPPT 2000MMD<\/p>\n<p>W18 ORION<br \/>\nW20 ORION<br \/>\nW20 N<\/p>","protected":false},"excerpt":{"rendered":"<p data-start=\"203\" data-end=\"789\"><br data-start=\"5130\" data-end=\"5133\" \/>La <strong data-start=\"5136\" data-end=\"5192\">Ruota stabilizzatrice 125\u00d750\/54-20 Ceoparts \u2013 156259<\/strong> \u00e8 progettata per carrelli elevatori e macchinari pesanti per migliorare la stabilit\u00e0 del veicolo e garantire un funzionamento sicuro ed equilibrato. Realizzata in gomma di alta qualit\u00e0 e metallo resistente, questa ruota stabilizzatrice offre una lunga durata anche sotto carichi pesanti. Riduce le vibrazioni, aumentando il comfort dell\u2019operatore e migliorando l\u2019efficienza della macchina. La sua costruzione robusta resiste a condizioni di lavoro difficili e riduce le necessit\u00e0 di manutenzione. Permette ai carrelli elevatori di muoversi in modo pi\u00f9 stabile in spazi stretti e terreni impegnativi, migliorando la sicurezza sul lavoro.<\/p>\n<p data-start=\"5831\" data-end=\"6200\"><strong data-start=\"5831\" data-end=\"5850\">Caratteristiche<\/strong><br data-start=\"5850\" data-end=\"5853\" \/><strong data-start=\"5853\" data-end=\"5871\">Nome prodotto:<\/strong> Ruota stabilizzatrice<br data-start=\"5893\" data-end=\"5896\" \/><strong data-start=\"5896\" data-end=\"5913\">Numero parte:<\/strong> 156259<br data-start=\"5920\" data-end=\"5923\" \/><strong data-start=\"5923\" data-end=\"5937\">Materiale:<\/strong> Gomma durevole, corpo metallico rinforzato<br data-start=\"5980\" data-end=\"5983\" \/><strong data-start=\"5983\" data-end=\"6000\">Applicazione:<\/strong> Sistema di stabilizzazione per carrelli elevatori e macchinari pesanti<br data-start=\"6071\" data-end=\"6074\" \/><strong data-start=\"6074\" data-end=\"6088\">Vantaggio:<\/strong> Alta resistenza all\u2019usura, lunga durata, riduzione delle vibrazioni, bassa manutenzione, stabilit\u00e0 migliorata<\/p>\n<p data-start=\"6202\" data-end=\"6894\">\n","protected":false},"featured_media":12048,"template":"","meta":[],"product_brand":[],"product_cat":[396,185],"product_tag":[],"class_list":{"0":"post-8425","1":"product","2":"type-product","3":"status-publish","4":"has-post-thumbnail","6":"product_cat-denge-tekeri-ceo","7":"product_cat-denge-tekeri","9":"first","10":"instock","11":"taxable","12":"shipping-taxable","13":"purchasable","14":"product-type-simple"},"_links":{"self":[{"href":"https:\/\/ceoparts.com\/it\/wp-json\/wp\/v2\/product\/8425","targetHints":{"allow":["GET"]}}],"collection":[{"href":"https:\/\/ceoparts.com\/it\/wp-json\/wp\/v2\/product"}],"about":[{"href":"https:\/\/ceoparts.com\/it\/wp-json\/wp\/v2\/types\/product"}],"wp:featuredmedia":[{"embeddable":true,"href":"https:\/\/ceoparts.com\/it\/wp-json\/wp\/v2\/media\/12048"}],"wp:attachment":[{"href":"https:\/\/ceoparts.com\/it\/wp-json\/wp\/v2\/media?parent=8425"}],"wp:term":[{"taxonomy":"product_brand","embeddable":true,"href":"https:\/\/ceoparts.com\/it\/wp-json\/wp\/v2\/product_brand?post=8425"},{"taxonomy":"product_cat","embeddable":true,"href":"https:\/\/ceoparts.com\/it\/wp-json\/wp\/v2\/product_cat?post=8425"},{"taxonomy":"product_tag","embeddable":true,"href":"https:\/\/ceoparts.com\/it\/wp-json\/wp\/v2\/product_tag?post=8425"}],"curies":[{"name":"wp","href":"https:\/\/api.w.org\/{rel}","templated":true}]}}