{"id":8463,"date":"2021-02-15T13:38:38","date_gmt":"2021-02-15T10:38:38","guid":{"rendered":"https:\/\/ceoparts.com\/?post_type=product&#038;p=8463"},"modified":"2026-05-16T10:40:22","modified_gmt":"2026-05-16T07:40:22","slug":"285x85-yuk-tekeri","status":"publish","type":"product","link":"https:\/\/ceoparts.com\/it\/urun\/285x85-yuk-tekeri\/","title":{"rendered":"285&#215;85-75 Stellana Vulkollan Ruote di carico &#8211; 215806"},"content":{"rendered":"<p>285&#215;85-75 Stellana Vulkollan Ruote di carico &#8211; 215806<\/p>\n<p>BT,Toyota 280&#215;85\/75\u00a0 215806<\/p>\n<p>RR B1-B3 REFLEX AC<\/p>\n<p>RR B1CC-3CC<\/p>\n<p>RR E1-E3 REFLEX AC<\/p>\n<p>RR E1CC-E3CC<\/p>\n<p>RR M12 REFLEX<\/p>\n<p>RR M12C REFLEX<\/p>\n<p>RR M14 REFLEX<\/p>\n<p>RR M14 C\u00a0REFLEX<\/p>\n<p>RR M16 REFLEX<\/p>\n<p>RR M16C REFLEX<\/p>\n<p>RRE120M<\/p>\n<p>RRE140M\/MC\/160M\/MC<\/p>","protected":false},"excerpt":{"rendered":"<p data-start=\"131\" data-end=\"1063\"><br data-start=\"4907\" data-end=\"4910\" \/>La Ruota di Carico 285\u00d785-75 Stellana Vulkollan \u00e8 una ruota industriale ad alte prestazioni, progettata per la movimentazione di carichi pesanti con carrelli elevatori e transpallet. Grazie alla tecnologia di rivestimento Vulkollan di Stellana, offre eccezionale resistenza all\u2019usura e assorbimento degli urti. L\u2019elevata capacit\u00e0 di carico assicura stabilit\u00e0 e manovrabilit\u00e0 anche sotto carichi pesanti. Utilizzo silenzioso, senza tracce e a lunga durata in magazzini, ambienti logistici e industriali. Prestazioni stabili su diversi tipi di pavimentazione, migliorando l\u2019efficienza complessiva della macchina.<br data-start=\"5520\" data-end=\"5523\" \/><strong data-start=\"5523\" data-end=\"5543\">Caratteristiche:<\/strong><br data-start=\"5543\" data-end=\"5546\" \/><strong data-start=\"5546\" data-end=\"5564\">Nome prodotto:<\/strong> Ruota di Carico 285\u00d785-75 Stellana Vulkollan<br data-start=\"5609\" data-end=\"5612\" \/><strong data-start=\"5612\" data-end=\"5629\">Codice parte:<\/strong> 215806<br data-start=\"5636\" data-end=\"5639\" \/><strong data-start=\"5639\" data-end=\"5653\">Materiale:<\/strong> Rivestimento Vulkollan, anima ad alta resistenza<br data-start=\"5702\" data-end=\"5705\" \/><strong data-start=\"5705\" data-end=\"5726\">Area di utilizzo:<\/strong> Sistemi di movimentazione carichi per carrelli elevatori e transpallet<br data-start=\"5797\" data-end=\"5800\" \/><strong data-start=\"5800\" data-end=\"5814\">Vantaggio:<\/strong> Elevata resistenza a usura e urti, alta capacit\u00e0 di carico, funzionamento silenzioso e duraturo<\/p>\n<p data-start=\"5914\" data-end=\"6926\">\n","protected":false},"featured_media":11553,"template":"","meta":[],"product_brand":[],"product_cat":[528,251,255,416,419,521,194],"product_tag":[],"class_list":{"0":"post-8463","1":"product","2":"type-product","3":"status-publish","4":"has-post-thumbnail","6":"product_cat-yuk-tekeri-toyota","7":"product_cat-bt","8":"product_cat-yuk-tekeri-bt","9":"product_cat-stellana","10":"product_cat-yuk-tekeri-stellana","11":"product_cat-toyota","12":"product_cat-yuk-tekeri","14":"first","15":"instock","16":"taxable","17":"shipping-taxable","18":"purchasable","19":"product-type-simple"},"_links":{"self":[{"href":"https:\/\/ceoparts.com\/it\/wp-json\/wp\/v2\/product\/8463","targetHints":{"allow":["GET"]}}],"collection":[{"href":"https:\/\/ceoparts.com\/it\/wp-json\/wp\/v2\/product"}],"about":[{"href":"https:\/\/ceoparts.com\/it\/wp-json\/wp\/v2\/types\/product"}],"wp:featuredmedia":[{"embeddable":true,"href":"https:\/\/ceoparts.com\/it\/wp-json\/wp\/v2\/media\/11553"}],"wp:attachment":[{"href":"https:\/\/ceoparts.com\/it\/wp-json\/wp\/v2\/media?parent=8463"}],"wp:term":[{"taxonomy":"product_brand","embeddable":true,"href":"https:\/\/ceoparts.com\/it\/wp-json\/wp\/v2\/product_brand?post=8463"},{"taxonomy":"product_cat","embeddable":true,"href":"https:\/\/ceoparts.com\/it\/wp-json\/wp\/v2\/product_cat?post=8463"},{"taxonomy":"product_tag","embeddable":true,"href":"https:\/\/ceoparts.com\/it\/wp-json\/wp\/v2\/product_tag?post=8463"}],"curies":[{"name":"wp","href":"https:\/\/api.w.org\/{rel}","templated":true}]}}