{"id":8466,"date":"2021-02-15T13:49:06","date_gmt":"2021-02-15T10:49:06","guid":{"rendered":"https:\/\/ceoparts.com\/?post_type=product&#038;p=8466"},"modified":"2026-05-16T17:28:14","modified_gmt":"2026-05-16T14:28:14","slug":"285x100-40-yuk-tekeri-3","status":"publish","type":"product","link":"https:\/\/ceoparts.com\/it\/urun\/285x100-40-yuk-tekeri-3\/","title":{"rendered":"285&#215;100-40 Ceoparts Ruote di carico &#8211; Bullone incassato &#8211; 51160629"},"content":{"rendered":"<p>285&#215;100-40 Ceoparts Ruote di carico &#8211; Bullone incassato &#8211; 51160629<\/p>\n<p>Vulkollan\u00a0 Jugheinrich 51160629<\/p>\n<p>OEM STELLANA PT+<\/p>\n<p>&nbsp;<\/p>\n<table border=\"0\" width=\"224\" cellspacing=\"0\" cellpadding=\"0\">\n<colgroup>\n<col width=\"160\" \/>\n<col width=\"64\" \/><\/colgroup>\n<tbody>\n<tr>\n<td width=\"160\" height=\"20\">ETM\/V 318-325 (US)<\/td>\n<td width=\"64\">10.13 &#8211;<\/td>\n<\/tr>\n<tr>\n<td height=\"20\">ETM\/V 318-325 (CN)<\/td>\n<td>10.13 &#8211;<\/td>\n<\/tr>\n<tr>\n<td height=\"20\">ETM\/V 318-325<\/td>\n<td>10.13 &#8211;<\/td>\n<\/tr>\n<tr>\n<td height=\"20\">ETM\/V 214\/216 (US)<\/td>\n<td>9.11 &#8211;<\/td>\n<\/tr>\n<tr>\n<td height=\"20\">ETM\/V 214\/216 (CN)<\/td>\n<td>12.11 &#8211;<\/td>\n<\/tr>\n<tr>\n<td height=\"20\">ETM\/V 214\/216<\/td>\n<td>9.11 &#8211;<\/td>\n<\/tr>\n<tr>\n<td height=\"20\">ETM\/V 214-325 Cab<\/td>\n<td>9.11 &#8211;<\/td>\n<\/tr>\n<tr>\n<td height=\"20\">EJE 220X \/ EFG BR 2\/3<\/td>\n<\/tr>\n<\/tbody>\n<\/table>","protected":false},"excerpt":{"rendered":"<p data-start=\"142\" data-end=\"1217\"><br data-start=\"5328\" data-end=\"5331\" \/>La Ruota di Carico 285\u00d7100-40 Ceoparts con bulloni incassati \u00e8 una ruota industriale ad alta capacit\u00e0 progettata per la movimentazione di carichi pesanti con carrelli elevatori e transpallet. La struttura con bulloni incassati garantisce un fissaggio pi\u00f9 sicuro e stabile senza sporgenze. Il rivestimento in poliuretano o gomma ad alta resistenza offre eccellente resistenza all\u2019usura e agli urti. Il profilo largo assicura il massimo contatto con il pavimento, migliorando la stabilit\u00e0 e prevenendo scivolamenti. Ideale per magazzini, industrie e logistica, con funzionamento silenzioso e senza tracce su diversi tipi di pavimentazione.<br data-start=\"5968\" data-end=\"5971\" \/><strong data-start=\"5971\" data-end=\"5991\">Caratteristiche:<\/strong><br data-start=\"5991\" data-end=\"5994\" \/><strong data-start=\"5994\" data-end=\"6012\">Nome prodotto:<\/strong> Ruota di Carico 285\u00d7100-40 Ceoparts \u2013 Bulloni Incassati<br data-start=\"6068\" data-end=\"6071\" \/><strong data-start=\"6071\" data-end=\"6088\">Codice parte:<\/strong> 51160629<br data-start=\"6097\" data-end=\"6100\" \/><strong data-start=\"6100\" data-end=\"6114\">Materiale:<\/strong> Rivestimento in poliuretano o gomma ad alta resistenza<br data-start=\"6169\" data-end=\"6172\" \/><strong data-start=\"6172\" data-end=\"6193\">Area di utilizzo:<\/strong> Sistemi di movimentazione carichi per carrelli elevatori e transpallet<br data-start=\"6264\" data-end=\"6267\" \/><strong data-start=\"6267\" data-end=\"6281\">Vantaggio:<\/strong> Alta capacit\u00e0 di carico, bulloni incassati, resistenza a usura e urti, funzionamento silenzioso e duraturo<\/p>\n<p data-start=\"6392\" data-end=\"7512\">\n","protected":false},"featured_media":11036,"template":"","meta":[],"product_brand":[],"product_cat":[399,194],"product_tag":[],"class_list":{"0":"post-8466","1":"product","2":"type-product","3":"status-publish","4":"has-post-thumbnail","6":"product_cat-yuk-tekeri-ceo","7":"product_cat-yuk-tekeri","9":"first","10":"instock","11":"taxable","12":"shipping-taxable","13":"purchasable","14":"product-type-simple"},"_links":{"self":[{"href":"https:\/\/ceoparts.com\/it\/wp-json\/wp\/v2\/product\/8466","targetHints":{"allow":["GET"]}}],"collection":[{"href":"https:\/\/ceoparts.com\/it\/wp-json\/wp\/v2\/product"}],"about":[{"href":"https:\/\/ceoparts.com\/it\/wp-json\/wp\/v2\/types\/product"}],"wp:featuredmedia":[{"embeddable":true,"href":"https:\/\/ceoparts.com\/it\/wp-json\/wp\/v2\/media\/11036"}],"wp:attachment":[{"href":"https:\/\/ceoparts.com\/it\/wp-json\/wp\/v2\/media?parent=8466"}],"wp:term":[{"taxonomy":"product_brand","embeddable":true,"href":"https:\/\/ceoparts.com\/it\/wp-json\/wp\/v2\/product_brand?post=8466"},{"taxonomy":"product_cat","embeddable":true,"href":"https:\/\/ceoparts.com\/it\/wp-json\/wp\/v2\/product_cat?post=8466"},{"taxonomy":"product_tag","embeddable":true,"href":"https:\/\/ceoparts.com\/it\/wp-json\/wp\/v2\/product_tag?post=8466"}],"curies":[{"name":"wp","href":"https:\/\/api.w.org\/{rel}","templated":true}]}}