{"id":8484,"date":"2021-02-15T16:19:10","date_gmt":"2021-02-15T13:19:10","guid":{"rendered":"https:\/\/ceoparts.com\/?post_type=product&#038;p=8484"},"modified":"2026-05-16T19:30:33","modified_gmt":"2026-05-16T16:30:33","slug":"360x130-90-185-24-7b-yuruyus-tekeri","status":"publish","type":"product","link":"https:\/\/ceoparts.com\/it\/urun\/360x130-90-185-24-7b-yuruyus-tekeri\/","title":{"rendered":"360&#215;130-90 MSL Ruota da passeggio  &#8211; 8428189"},"content":{"rendered":"<p>360&#215;130-90 MSL Ruota da passeggio  &#8211; 8428189<\/p>\n<p>Still FM-X,<\/p>\n<p>STILL FM-XN,<\/p>\n<p>STILL FS-X33<\/p>","protected":false},"excerpt":{"rendered":"<p data-start=\"103\" data-end=\"607\"><br data-start=\"4412\" data-end=\"4415\" \/>La <strong data-start=\"4418\" data-end=\"4467\">Ruota di rotolamento 360\u00d7130-90 MSL \u2013 8428189<\/strong> \u00e8 progettata per carrelli elevatori e macchinari pesanti, offrendo alta durabilit\u00e0 e prestazioni. Realizzata con materiali MSL di qualit\u00e0, questa ruota di rotolamento garantisce una lunga durata in condizioni di lavoro difficili. La superficie esterna in gomma resistente e il corpo metallico robusto riducono le vibrazioni, migliorano il comfort dell\u2019operatore e assicurano un movimento equilibrato della macchina. Facile manutenzione e alta resistenza all\u2019usura aumentano l\u2019efficienza lavorativa.<\/p>\n<p data-start=\"4968\" data-end=\"5335\"><strong data-start=\"4968\" data-end=\"4987\">Caratteristiche<\/strong><br data-start=\"4987\" data-end=\"4990\" \/><strong data-start=\"4990\" data-end=\"5008\">Nome prodotto:<\/strong> Ruota di rotolamento MSL<br data-start=\"5033\" data-end=\"5036\" \/><strong data-start=\"5036\" data-end=\"5053\">Numero parte:<\/strong> 8428189<br data-start=\"5061\" data-end=\"5064\" \/><strong data-start=\"5064\" data-end=\"5079\">Dimensione:<\/strong> 360\u00d7130-90<br data-start=\"5090\" data-end=\"5093\" \/><strong data-start=\"5093\" data-end=\"5107\">Materiale:<\/strong> Gomma resistente, corpo metallico<br data-start=\"5141\" data-end=\"5144\" \/><strong data-start=\"5144\" data-end=\"5161\">Applicazione:<\/strong> Sistema di movimento per carrelli elevatori e macchinari pesanti<br data-start=\"5226\" data-end=\"5229\" \/><strong data-start=\"5229\" data-end=\"5243\">Vantaggio:<\/strong> Alta durabilit\u00e0, riduzione delle vibrazioni, lunga durata, stabilit\u00e0, facile manutenzione<\/p>\n<p data-start=\"5337\" data-end=\"5895\">\n","protected":false},"featured_media":17209,"template":"","meta":[],"product_brand":[],"product_cat":[241,244,395,397,193],"product_tag":[],"class_list":{"0":"post-8484","1":"product","2":"type-product","3":"status-publish","4":"has-post-thumbnail","6":"product_cat-still","7":"product_cat-yuruyus-tekeri-still","8":"product_cat-ceoparts","9":"product_cat-yuruyus-tekeri-ceo","10":"product_cat-yuruyus-tekeri","12":"first","13":"instock","14":"taxable","15":"shipping-taxable","16":"purchasable","17":"product-type-simple"},"_links":{"self":[{"href":"https:\/\/ceoparts.com\/it\/wp-json\/wp\/v2\/product\/8484","targetHints":{"allow":["GET"]}}],"collection":[{"href":"https:\/\/ceoparts.com\/it\/wp-json\/wp\/v2\/product"}],"about":[{"href":"https:\/\/ceoparts.com\/it\/wp-json\/wp\/v2\/types\/product"}],"wp:featuredmedia":[{"embeddable":true,"href":"https:\/\/ceoparts.com\/it\/wp-json\/wp\/v2\/media\/17209"}],"wp:attachment":[{"href":"https:\/\/ceoparts.com\/it\/wp-json\/wp\/v2\/media?parent=8484"}],"wp:term":[{"taxonomy":"product_brand","embeddable":true,"href":"https:\/\/ceoparts.com\/it\/wp-json\/wp\/v2\/product_brand?post=8484"},{"taxonomy":"product_cat","embeddable":true,"href":"https:\/\/ceoparts.com\/it\/wp-json\/wp\/v2\/product_cat?post=8484"},{"taxonomy":"product_tag","embeddable":true,"href":"https:\/\/ceoparts.com\/it\/wp-json\/wp\/v2\/product_tag?post=8484"}],"curies":[{"name":"wp","href":"https:\/\/api.w.org\/{rel}","templated":true}]}}