{"id":8493,"date":"2021-02-15T22:52:18","date_gmt":"2021-02-15T19:52:18","guid":{"rendered":"https:\/\/ceoparts.com\/?post_type=product&#038;p=8493"},"modified":"2026-05-16T19:51:41","modified_gmt":"2026-05-16T16:51:41","slug":"250x75-84-45-yuruyus-tekeri","status":"publish","type":"product","link":"https:\/\/ceoparts.com\/it\/urun\/250x75-84-45-yuruyus-tekeri\/","title":{"rendered":"250&#215;75\/84-45 MSL Ruota da passeggio"},"content":{"rendered":"<p>250&#215;75\/84-45 MSL Ruota da passeggio<\/p>\n<p>Hyster\u00a0\/\u00a0Yale 582042236<\/p>\n<p>Hyster P 1.6\u00a0 A418<\/p>","protected":false},"excerpt":{"rendered":"<p data-start=\"95\" data-end=\"563\"><br data-start=\"4291\" data-end=\"4294\" \/>La <strong data-start=\"4297\" data-end=\"4338\">Ruota di rotolamento 250\u00d775\/84-45 MSL<\/strong> \u00e8 progettata per carrelli elevatori e macchinari pesanti, offrendo alta durabilit\u00e0 e prestazioni superiori. Realizzata in materiale MSL, questa ruota \u00e8 resistente all\u2019usura e garantisce lunga durata in condizioni di lavoro difficili. Il corpo metallico rinforzato riduce le vibrazioni per migliorare il comfort dell\u2019operatore. Assicura un movimento equilibrato della macchina con alta stabilit\u00e0. Facile da mantenere, supporta l\u2019efficienza lavorativa.<\/p>\n<p data-start=\"4791\" data-end=\"5167\"><strong data-start=\"4791\" data-end=\"4810\">Caratteristiche<\/strong><br data-start=\"4810\" data-end=\"4813\" \/><strong data-start=\"4813\" data-end=\"4831\">Nome prodotto:<\/strong> Ruota di rotolamento MSL<br data-start=\"4856\" data-end=\"4859\" \/><strong data-start=\"4859\" data-end=\"4874\">Dimensione:<\/strong> 250\u00d775\/84-45<br data-start=\"4887\" data-end=\"4890\" \/><strong data-start=\"4890\" data-end=\"4904\">Materiale:<\/strong> MSL (gomma ad alta durabilit\u00e0), corpo metallico rinforzato<br data-start=\"4963\" data-end=\"4966\" \/><strong data-start=\"4966\" data-end=\"4983\">Applicazione:<\/strong> Sistema di movimento per carrelli elevatori e macchinari pesanti<br data-start=\"5048\" data-end=\"5051\" \/><strong data-start=\"5051\" data-end=\"5065\">Vantaggio:<\/strong> Alta resistenza all\u2019usura, riduzione delle vibrazioni, lunga durata, stabilit\u00e0, facile manutenzione<\/p>\n<p data-start=\"5169\" data-end=\"5671\">\n","protected":false},"featured_media":11276,"template":"","meta":[],"product_brand":[],"product_cat":[397,256,260,395,193],"product_tag":[],"class_list":{"0":"post-8493","1":"product","2":"type-product","3":"status-publish","4":"has-post-thumbnail","6":"product_cat-yuruyus-tekeri-ceo","7":"product_cat-hyster","8":"product_cat-yuruyus-tekeri-hyster","9":"product_cat-ceoparts","10":"product_cat-yuruyus-tekeri","12":"first","13":"instock","14":"taxable","15":"shipping-taxable","16":"purchasable","17":"product-type-simple"},"_links":{"self":[{"href":"https:\/\/ceoparts.com\/it\/wp-json\/wp\/v2\/product\/8493","targetHints":{"allow":["GET"]}}],"collection":[{"href":"https:\/\/ceoparts.com\/it\/wp-json\/wp\/v2\/product"}],"about":[{"href":"https:\/\/ceoparts.com\/it\/wp-json\/wp\/v2\/types\/product"}],"wp:featuredmedia":[{"embeddable":true,"href":"https:\/\/ceoparts.com\/it\/wp-json\/wp\/v2\/media\/11276"}],"wp:attachment":[{"href":"https:\/\/ceoparts.com\/it\/wp-json\/wp\/v2\/media?parent=8493"}],"wp:term":[{"taxonomy":"product_brand","embeddable":true,"href":"https:\/\/ceoparts.com\/it\/wp-json\/wp\/v2\/product_brand?post=8493"},{"taxonomy":"product_cat","embeddable":true,"href":"https:\/\/ceoparts.com\/it\/wp-json\/wp\/v2\/product_cat?post=8493"},{"taxonomy":"product_tag","embeddable":true,"href":"https:\/\/ceoparts.com\/it\/wp-json\/wp\/v2\/product_tag?post=8493"}],"curies":[{"name":"wp","href":"https:\/\/api.w.org\/{rel}","templated":true}]}}