{"id":9941,"date":"2024-09-06T13:37:15","date_gmt":"2024-09-06T10:37:15","guid":{"rendered":"https:\/\/ceoparts.com\/?post_type=product&#038;p=9941"},"modified":"2026-05-16T17:28:35","modified_gmt":"2026-05-16T14:28:35","slug":"100x74-78-20-ceoparts-yuk-tekeri","status":"publish","type":"product","link":"https:\/\/ceoparts.com\/it\/urun\/100x74-78-20-ceoparts-yuk-tekeri\/","title":{"rendered":"100&#215;74\/78-20 Ceoparts Ruote di carico &#8211; 215179, 235971"},"content":{"rendered":"<p>100&#215;74\/78-20 Ceoparts Ruote di carico &#8211; 215179, 235971<\/p>\n<p><span style=\"font-family: ti;\">BT SWE120S BT 235971\u00a0<span style=\"color: #1f497d;\"><span style=\"color: #000000;\">958303 Vulk Hjul 100\/80&#215;78 kpl<\/span><\/span><\/span><\/p>\n<p><span style=\"font-family: ti;\">S12 S<\/span><\/p>\n<p><span style=\"font-family: ti;\">MPL 12S<\/span><\/p>\n<p><span style=\"font-family: ti;\">PPS 120 MXS<\/span><\/p>\n<p><span style=\"font-family: ti;\">RSX 20\/25<\/span><\/p>","protected":false},"excerpt":{"rendered":"<p data-start=\"113\" data-end=\"526\"><br data-start=\"4110\" data-end=\"4113\" \/>La <strong data-start=\"4116\" data-end=\"4157\">Ruota di carico 100\u00d774\/78-20 Ceoparts<\/strong> \u00e8 progettata per carrelli elevatori e macchinari pesanti, offrendo alta capacit\u00e0 di carico e durabilit\u00e0. La combinazione di gomma di qualit\u00e0 e corpo metallico rinforzato garantisce prestazioni durature anche in condizioni difficili. Riduce le vibrazioni per migliorare il comfort dell\u2019operatore e supporta l\u2019efficienza della macchina. Facile da mantenere, \u00e8 un componente essenziale per la sicurezza sul lavoro.<\/p>\n<p data-start=\"4571\" data-end=\"4934\"><strong data-start=\"4571\" data-end=\"4590\">Caratteristiche<\/strong><br data-start=\"4590\" data-end=\"4593\" \/><strong data-start=\"4593\" data-end=\"4611\">Nome prodotto:<\/strong> Ruota di carico<br data-start=\"4627\" data-end=\"4630\" \/><strong data-start=\"4630\" data-end=\"4647\">Numero parte:<\/strong> 215179, 235971<br data-start=\"4662\" data-end=\"4665\" \/><strong data-start=\"4665\" data-end=\"4679\">Materiale:<\/strong> Gomma durevole, corpo metallico rinforzato<br data-start=\"4722\" data-end=\"4725\" \/><strong data-start=\"4725\" data-end=\"4742\">Applicazione:<\/strong> Sistema di carico per carrelli elevatori e macchinari pesanti<br data-start=\"4804\" data-end=\"4807\" \/><strong data-start=\"4807\" data-end=\"4821\">Vantaggio:<\/strong> Alta resistenza all\u2019usura, lunga durata, riduzione delle vibrazioni, facile manutenzione, stabilit\u00e0 migliorata<\/p>\n<p data-start=\"4936\" data-end=\"5387\">\n","protected":false},"featured_media":15522,"template":"","meta":[],"product_brand":[],"product_cat":[251,253,395,398,400],"product_tag":[],"class_list":{"0":"post-9941","1":"product","2":"type-product","3":"status-publish","4":"has-post-thumbnail","6":"product_cat-bt","7":"product_cat-catal-tekeri-bt","8":"product_cat-ceoparts","9":"product_cat-catal-tekeri-ceo","10":"product_cat-catal-tekeri","12":"first","13":"instock","14":"taxable","15":"shipping-taxable","16":"purchasable","17":"product-type-simple"},"_links":{"self":[{"href":"https:\/\/ceoparts.com\/it\/wp-json\/wp\/v2\/product\/9941","targetHints":{"allow":["GET"]}}],"collection":[{"href":"https:\/\/ceoparts.com\/it\/wp-json\/wp\/v2\/product"}],"about":[{"href":"https:\/\/ceoparts.com\/it\/wp-json\/wp\/v2\/types\/product"}],"wp:featuredmedia":[{"embeddable":true,"href":"https:\/\/ceoparts.com\/it\/wp-json\/wp\/v2\/media\/15522"}],"wp:attachment":[{"href":"https:\/\/ceoparts.com\/it\/wp-json\/wp\/v2\/media?parent=9941"}],"wp:term":[{"taxonomy":"product_brand","embeddable":true,"href":"https:\/\/ceoparts.com\/it\/wp-json\/wp\/v2\/product_brand?post=9941"},{"taxonomy":"product_cat","embeddable":true,"href":"https:\/\/ceoparts.com\/it\/wp-json\/wp\/v2\/product_cat?post=9941"},{"taxonomy":"product_tag","embeddable":true,"href":"https:\/\/ceoparts.com\/it\/wp-json\/wp\/v2\/product_tag?post=9941"}],"curies":[{"name":"wp","href":"https:\/\/api.w.org\/{rel}","templated":true}]}}