{"id":9953,"date":"2024-09-06T14:29:25","date_gmt":"2024-09-06T11:29:25","guid":{"rendered":"https:\/\/ceoparts.com\/?post_type=product&#038;p=9953"},"modified":"2026-05-16T18:41:06","modified_gmt":"2026-05-16T15:41:06","slug":"85x110-115-12-wicke-yuk-tekeri","status":"publish","type":"product","link":"https:\/\/ceoparts.com\/it\/urun\/85x110-115-12-wicke-yuk-tekeri\/","title":{"rendered":"85&#215;110\/115-12 Wicke Ruote di carico &#8211; 1590996 , 580064668"},"content":{"rendered":"<p>85&#215;110\/115-12 Wicke Ruote di carico &#8211; 1590996 , 580064668<\/p>\n<p>Yale MP16\/18\/20\u00a0 Serie C 841X<\/p>\n<p>Hyster P 1.3, P 1.6<\/p>","protected":false},"excerpt":{"rendered":"<p data-start=\"115\" data-end=\"557\"><br data-start=\"4179\" data-end=\"4182\" \/>La <strong data-start=\"4185\" data-end=\"4224\">Ruota di carico 85\u00d7110\/115-12 Wicke<\/strong> \u00e8 progettata per carrelli elevatori e macchinari pesanti, offrendo alta capacit\u00e0 di carico e durabilit\u00e0. La combinazione di gomma di qualit\u00e0 e corpo metallico rinforzato garantisce prestazioni durature anche in condizioni difficili. Riduce le vibrazioni per migliorare il comfort dell\u2019operatore e supporta l\u2019efficienza della macchina. Facile da mantenere, questa ruota di carico \u00e8 un componente essenziale per la sicurezza sul lavoro.<\/p>\n<p data-start=\"4661\" data-end=\"5028\"><strong data-start=\"4661\" data-end=\"4680\">Caratteristiche<\/strong><br data-start=\"4680\" data-end=\"4683\" \/><strong data-start=\"4683\" data-end=\"4701\">Nome prodotto:<\/strong> Ruota di carico<br data-start=\"4717\" data-end=\"4720\" \/><strong data-start=\"4720\" data-end=\"4737\">Numero parte:<\/strong> 1590996, 580064668<br data-start=\"4756\" data-end=\"4759\" \/><strong data-start=\"4759\" data-end=\"4773\">Materiale:<\/strong> Gomma durevole, corpo metallico rinforzato<br data-start=\"4816\" data-end=\"4819\" \/><strong data-start=\"4819\" data-end=\"4836\">Applicazione:<\/strong> Sistema di carico per carrelli elevatori e macchinari pesanti<br data-start=\"4898\" data-end=\"4901\" \/><strong data-start=\"4901\" data-end=\"4915\">Vantaggio:<\/strong> Alta resistenza all\u2019usura, lunga durata, riduzione delle vibrazioni, facile manutenzione, stabilit\u00e0 migliorata<\/p>\n<p data-start=\"5030\" data-end=\"5499\">\n","protected":false},"featured_media":15929,"template":"","meta":[],"product_brand":[],"product_cat":[256,259,400,401,402],"product_tag":[],"class_list":{"0":"post-9953","1":"product","2":"type-product","3":"status-publish","4":"has-post-thumbnail","6":"product_cat-hyster","7":"product_cat-catal-tekeri-hyster","8":"product_cat-catal-tekeri","9":"product_cat-wicke","10":"product_cat-catal-tekeri-wicke","12":"first","13":"instock","14":"taxable","15":"shipping-taxable","16":"purchasable","17":"product-type-simple"},"_links":{"self":[{"href":"https:\/\/ceoparts.com\/it\/wp-json\/wp\/v2\/product\/9953","targetHints":{"allow":["GET"]}}],"collection":[{"href":"https:\/\/ceoparts.com\/it\/wp-json\/wp\/v2\/product"}],"about":[{"href":"https:\/\/ceoparts.com\/it\/wp-json\/wp\/v2\/types\/product"}],"wp:featuredmedia":[{"embeddable":true,"href":"https:\/\/ceoparts.com\/it\/wp-json\/wp\/v2\/media\/15929"}],"wp:attachment":[{"href":"https:\/\/ceoparts.com\/it\/wp-json\/wp\/v2\/media?parent=9953"}],"wp:term":[{"taxonomy":"product_brand","embeddable":true,"href":"https:\/\/ceoparts.com\/it\/wp-json\/wp\/v2\/product_brand?post=9953"},{"taxonomy":"product_cat","embeddable":true,"href":"https:\/\/ceoparts.com\/it\/wp-json\/wp\/v2\/product_cat?post=9953"},{"taxonomy":"product_tag","embeddable":true,"href":"https:\/\/ceoparts.com\/it\/wp-json\/wp\/v2\/product_tag?post=9953"}],"curies":[{"name":"wp","href":"https:\/\/api.w.org\/{rel}","templated":true}]}}