{"id":8522,"date":"2021-02-18T13:09:22","date_gmt":"2021-02-18T10:09:22","guid":{"rendered":"https:\/\/ceoparts.com\/?page_id=8522"},"modified":"2021-02-19T11:53:03","modified_gmt":"2021-02-19T08:53:03","slug":"nasil-kullanilir","status":"publish","type":"page","link":"https:\/\/ceoparts.com\/ru\/nasil-kullanilir\/","title":{"rendered":"\u041a\u0430\u043a \u043f\u043e\u043b\u044c\u0437\u043e\u0432\u0430\u0442\u044c\u0441\u044f"},"content":{"rendered":"<div class=\"wpb-content-wrapper\"><p>[vc_row][vc_column width=&#8221;1\/2&#8243;][vc_video link=&#8221;https:\/\/www.youtube.com\/watch?v=aDt5m7OwLlk&#8221; poster_image=&#8221;8298&#8243; image_poster_switch=&#8221;yes&#8221;][vc_column_text text_larger=&#8221;no&#8221;]<\/p>\n<h3 style=\"text-align: center;\"><strong>\u041a\u0430\u043a \u0440\u0430\u0437\u043c\u0435\u0441\u0442\u0438\u0442\u044c \u0431\u044b\u0441\u0442\u0440\u044b\u0439 \u0437\u0430\u043a\u0430\u0437<\/strong><\/h3>\n<h3 style=\"text-align: center;\"><strong><\/strong><\/h3>\n<p>[\/vc_column_text][\/vc_column][vc_column width=&#8221;1\/2&#8243;][vc_video link=&#8221;https:\/\/www.youtube.com\/watch?v=XrjfViQXzEA&#8221; poster_image=&#8221;7637&#8243; image_poster_switch=&#8221;yes&#8221;][vc_column_text text_larger=&#8221;no&#8221;]<\/p>\n<h3 style=\"text-align: center;\"><strong>\u041a\u0430\u043a \u0443\u043c\u043d\u044b\u0439 \u043f\u043e\u0438\u0441\u043a<\/strong><\/h3>\n<h3 style=\"text-align: center;\"><strong><\/strong><\/h3>\n<p>[\/vc_column_text][\/vc_column][\/vc_row][vc_row][vc_column width=&#8221;1\/2&#8243;][vc_video link=&#8221;https:\/\/www.youtube.com\/watch?v=zaA7a773ynA&amp;feature=youtu.be&#8221; poster_image=&#8221;7637&#8243; image_poster_switch=&#8221;yes&#8221;][vc_column_text text_larger=&#8221;no&#8221;]<\/p>\n<h3 style=\"text-align: center;\"><strong>\u00c7oklu Adres Nas\u0131l Girilir<\/strong><\/h3>\n<p>[\/vc_column_text][\/vc_column][vc_column width=&#8221;1\/2&#8243;][vc_video link=&#8221;https:\/\/www.youtube.com\/watch?v=rrs0l8J2Nj8&amp;feature=youtu.be&#8221; poster_image=&#8221;7637&#8243; image_poster_switch=&#8221;yes&#8221;][vc_column_text text_larger=&#8221;no&#8221;]<\/p>\n<h3 style=\"text-align: center;\">M\u00fc\u015fteri Destek Sistemi<\/h3>\n<p>[\/vc_column_text][\/vc_column][\/vc_row][vc_row][vc_column width=&#8221;1\/2&#8243;][vc_video link=&#8221;https:\/\/www.youtube.com\/watch?v=aDt5m7OwLlk&#8221; poster_image=&#8221;8298&#8243; image_poster_switch=&#8221;yes&#8221;][vc_column_text text_larger=&#8221;no&#8221;]<\/p>\n<h3 style=\"text-align: center;\"><strong>Kargo Takibi Nas\u0131l Yap\u0131l\u0131r<\/strong><\/h3>\n<p>[\/vc_column_text][\/vc_column][vc_column width=&#8221;1\/2&#8243;][vc_video link=&#8221;https:\/\/www.youtube.com\/watch?v=XrjfViQXzEA&#8221; poster_image=&#8221;8298&#8243; image_poster_switch=&#8221;yes&#8221;][vc_column_text text_larger=&#8221;no&#8221;]<\/p>\n<h3 style=\"text-align: center;\"><strong>Nas\u0131l Kay\u0131t Olunur<\/strong><\/h3>\n<p>[\/vc_column_text][\/vc_column][\/vc_row]<\/p>\n<\/div>","protected":false},"excerpt":{"rendered":"<p>[vc_row][vc_column width=&#8221;1\/2&#8243;][vc_video link=&#8221;https:\/\/www.youtube.com\/watch?v=aDt5m7OwLlk&#8221; poster_image=&#8221;8298&#8243; image_poster_switch=&#8221;yes&#8221;][vc_column_text text_larger=&#8221;no&#8221;] \u041a\u0430\u043a \u0440\u0430\u0437\u043c\u0435\u0441\u0442\u0438\u0442\u044c \u0431\u044b\u0441\u0442\u0440\u044b\u0439 \u0437\u0430\u043a\u0430\u0437 [\/vc_column_text][\/vc_column][vc_column width=&#8221;1\/2&#8243;][vc_video link=&#8221;https:\/\/www.youtube.com\/watch?v=XrjfViQXzEA&#8221; poster_image=&#8221;7637&#8243; image_poster_switch=&#8221;yes&#8221;][vc_column_text text_larger=&#8221;no&#8221;] \u041a\u0430\u043a \u0443\u043c\u043d\u044b\u0439 \u043f\u043e\u0438\u0441\u043a [\/vc_column_text][\/vc_column][\/vc_row][vc_row][vc_column<\/p>\n","protected":false},"author":1,"featured_media":0,"parent":0,"menu_order":0,"comment_status":"closed","ping_status":"closed","template":"","meta":{"footnotes":""},"class_list":["post-8522","page","type-page","status-publish","hentry"],"_links":{"self":[{"href":"https:\/\/ceoparts.com\/ru\/wp-json\/wp\/v2\/pages\/8522","targetHints":{"allow":["GET"]}}],"collection":[{"href":"https:\/\/ceoparts.com\/ru\/wp-json\/wp\/v2\/pages"}],"about":[{"href":"https:\/\/ceoparts.com\/ru\/wp-json\/wp\/v2\/types\/page"}],"author":[{"embeddable":true,"href":"https:\/\/ceoparts.com\/ru\/wp-json\/wp\/v2\/users\/1"}],"replies":[{"embeddable":true,"href":"https:\/\/ceoparts.com\/ru\/wp-json\/wp\/v2\/comments?post=8522"}],"version-history":[{"count":21,"href":"https:\/\/ceoparts.com\/ru\/wp-json\/wp\/v2\/pages\/8522\/revisions"}],"predecessor-version":[{"id":8544,"href":"https:\/\/ceoparts.com\/ru\/wp-json\/wp\/v2\/pages\/8522\/revisions\/8544"}],"wp:attachment":[{"href":"https:\/\/ceoparts.com\/ru\/wp-json\/wp\/v2\/media?parent=8522"}],"curies":[{"name":"wp","href":"https:\/\/api.w.org\/{rel}","templated":true}]}}