{"id":11222,"date":"2024-10-09T16:33:16","date_gmt":"2024-10-09T13:33:16","guid":{"rendered":"https:\/\/ceoparts.com\/?post_type=product&#038;p=11222"},"modified":"2026-05-16T12:15:33","modified_gmt":"2026-05-16T09:15:33","slug":"230x75-45-msl-kanalli-yuruyus-tekeri","status":"publish","type":"product","link":"https:\/\/ceoparts.com\/ru\/urun\/230x75-45-msl-kanalli-yuruyus-tekeri\/","title":{"rendered":"230&#215;75-80  MSL \u043a\u0430\u043d\u0430\u0432\u043a\u0430\u043c \u0425\u043e\u0434\u044c\u0431\u044b \u041a\u043e\u043b\u0435\u0441\u043e &#8211; 4494268, 0009903807"},"content":{"rendered":"<p>230&#215;75-80  MSL \u043a\u0430\u043d\u0430\u0432\u043a\u0430\u043c \u0425\u043e\u0434\u044c\u0431\u044b \u041a\u043e\u043b\u0435\u0441\u043e &#8211; 4494268, 0009903807<\/p>\n<p><span class=\"short_text\" lang=\"en\"><span class=\"hps\" title=\"Kliknij, aby wy\u015bwietli\u0107 alternatywne t\u0142umaczenia\"><span style=\"font-family: tim;\">EGV-S 330221\/330222<br \/>\nEGV-S LB 330229\/330230<\/span><\/span><\/span><\/p>\n<p>YALE<\/p>\n<p>HYSTER<\/p>\n<p>OM PIMESPO, BR VESTERGAARD<\/p>\n<p>0009903807, 8494268, 4494268, 95309172, 50983508934, 129TA9068<\/p>","protected":false},"excerpt":{"rendered":"<p data-start=\"0\" data-end=\"395\"><br data-start=\"2241\" data-end=\"2244\" \/>230\u00d775-80 MSL \u043a\u0430\u043d\u0430\u043b\u044c\u043d\u043e\u0435 \u0445\u043e\u0434\u043e\u0432\u043e\u0435 \u043a\u043e\u043b\u0435\u0441\u043e \u2014 \u0432\u044b\u0441\u043e\u043a\u043e\u043a\u0430\u0447\u0435\u0441\u0442\u0432\u0435\u043d\u043d\u043e\u0435, \u043f\u0440\u043e\u0447\u043d\u043e\u0435 \u0438 \u043a\u0430\u043d\u0430\u043b\u044c\u043d\u043e\u0435 \u043a\u043e\u043b\u0435\u0441\u043e, \u0438\u0441\u043f\u043e\u043b\u044c\u0437\u0443\u0435\u043c\u043e\u0435 \u043d\u0430 \u0432\u0438\u043b\u043e\u0447\u043d\u044b\u0445 \u043f\u043e\u0433\u0440\u0443\u0437\u0447\u0438\u043a\u0430\u0445 \u0438 \u043f\u0440\u043e\u043c\u044b\u0448\u043b\u0435\u043d\u043d\u043e\u043c \u0442\u0440\u0430\u043d\u0441\u043f\u043e\u0440\u0442\u0435. \u0414\u0438\u0430\u043c\u0435\u0442\u0440 230 \u043c\u043c, \u0448\u0438\u0440\u0438\u043d\u0430 75 \u043c\u043c, \u043f\u043e\u0441\u0430\u0434\u043a\u0430 \u043f\u043e\u0434\u0448\u0438\u043f\u043d\u0438\u043a\u0430 80 \u043c\u043c. \u042d\u0442\u043e\u0442 \u043f\u0440\u043e\u0434\u0443\u043a\u0442 \u043c\u0430\u0440\u043a\u0438 MSL \u043e\u0431\u0435\u0441\u043f\u0435\u0447\u0438\u0432\u0430\u0435\u0442 \u043e\u0442\u043b\u0438\u0447\u043d\u043e\u0435 \u0441\u0446\u0435\u043f\u043b\u0435\u043d\u0438\u0435 \u0438 \u0434\u043e\u043b\u0433\u0438\u0439 \u0441\u0440\u043e\u043a \u0441\u043b\u0443\u0436\u0431\u044b \u0432 \u0442\u044f\u0436\u0435\u043b\u044b\u0445 \u0443\u0441\u043b\u043e\u0432\u0438\u044f\u0445 \u0440\u0430\u0431\u043e\u0442\u044b. \u041a\u0430\u043d\u0430\u043b\u044c\u043d\u044b\u0439 \u0434\u0438\u0437\u0430\u0439\u043d \u043f\u0440\u0435\u0434\u043e\u0442\u0432\u0440\u0430\u0449\u0430\u0435\u0442 \u0441\u043a\u043e\u043b\u044c\u0436\u0435\u043d\u0438\u0435 \u0438 \u043e\u0431\u0435\u0441\u043f\u0435\u0447\u0438\u0432\u0430\u0435\u0442 \u0441\u0442\u0430\u0431\u0438\u043b\u044c\u043d\u043e\u0435 \u0434\u0432\u0438\u0436\u0435\u043d\u0438\u0435.<\/p>\n<p data-start=\"2635\" data-end=\"3016\"><strong data-start=\"2635\" data-end=\"2654\">\u0425\u0430\u0440\u0430\u043a\u0442\u0435\u0440\u0438\u0441\u0442\u0438\u043a\u0438:<\/strong><br data-start=\"2654\" data-end=\"2657\" \/><strong data-start=\"2657\" data-end=\"2681\">\u041d\u0430\u0438\u043c\u0435\u043d\u043e\u0432\u0430\u043d\u0438\u0435 \u0442\u043e\u0432\u0430\u0440\u0430:<\/strong> 230\u00d775-80 MSL \u043a\u0430\u043d\u0430\u043b\u044c\u043d\u043e\u0435 \u0445\u043e\u0434\u043e\u0432\u043e\u0435 \u043a\u043e\u043b\u0435\u0441\u043e<br data-start=\"2720\" data-end=\"2723\" \/><strong data-start=\"2723\" data-end=\"2738\">\u041a\u043e\u0434 \u0434\u0435\u0442\u0430\u043b\u0438:<\/strong> 4494268, 0009903807<br data-start=\"2758\" data-end=\"2761\" \/><strong data-start=\"2761\" data-end=\"2774\">\u041c\u0430\u0442\u0435\u0440\u0438\u0430\u043b:<\/strong> \u041a\u0430\u043d\u0430\u043b\u044c\u043d\u043e\u0435 \u0440\u0435\u0437\u0438\u043d\u043e\u0432\u043e\u0435 \u043f\u043e\u043a\u0440\u044b\u0442\u0438\u0435, \u043f\u0440\u043e\u0447\u043d\u044b\u0439 \u043c\u0435\u0442\u0430\u043b\u043b\u0438\u0447\u0435\u0441\u043a\u0438\u0439 \u043a\u043e\u0440\u043f\u0443\u0441<br data-start=\"2833\" data-end=\"2836\" \/><strong data-start=\"2836\" data-end=\"2859\">\u041e\u0431\u043b\u0430\u0441\u0442\u044c \u043f\u0440\u0438\u043c\u0435\u043d\u0435\u043d\u0438\u044f:<\/strong> \u0425\u043e\u0434\u043e\u0432\u043e\u0435 \u043a\u043e\u043b\u0435\u0441\u043e \u0434\u043b\u044f \u0432\u0438\u043b\u043e\u0447\u043d\u044b\u0445 \u043f\u043e\u0433\u0440\u0443\u0437\u0447\u0438\u043a\u043e\u0432 \u0438 \u043f\u0440\u043e\u043c\u044b\u0448\u043b\u0435\u043d\u043d\u043e\u0433\u043e \u0442\u0440\u0430\u043d\u0441\u043f\u043e\u0440\u0442\u0430<br data-start=\"2926\" data-end=\"2929\" \/><strong data-start=\"2929\" data-end=\"2946\">\u041f\u0440\u0435\u0438\u043c\u0443\u0449\u0435\u0441\u0442\u0432\u0430:<\/strong> \u041a\u0430\u043d\u0430\u043b\u044c\u043d\u0430\u044f \u043f\u043e\u0432\u0435\u0440\u0445\u043d\u043e\u0441\u0442\u044c, \u0432\u044b\u0441\u043e\u043a\u0430\u044f \u0438\u0437\u043d\u043e\u0441\u043e\u0441\u0442\u043e\u0439\u043a\u043e\u0441\u0442\u044c \u0438 \u0434\u043e\u043b\u0433\u0438\u0439 \u0441\u0440\u043e\u043a \u0441\u043b\u0443\u0436\u0431\u044b<\/p>\n<p data-start=\"3018\" data-end=\"3453\">\n","protected":false},"featured_media":11223,"template":"","meta":[],"product_brand":[],"product_cat":[251,254,256,260,395,397,193],"product_tag":[],"class_list":{"0":"post-11222","1":"product","2":"type-product","3":"status-publish","4":"has-post-thumbnail","6":"product_cat-bt","7":"product_cat-yuruyus-tekeri-bt","8":"product_cat-hyster","9":"product_cat-yuruyus-tekeri-hyster","10":"product_cat-ceoparts","11":"product_cat-yuruyus-tekeri-ceo","12":"product_cat-yuruyus-tekeri","14":"first","15":"instock","16":"taxable","17":"shipping-taxable","18":"purchasable","19":"product-type-simple"},"_links":{"self":[{"href":"https:\/\/ceoparts.com\/ru\/wp-json\/wp\/v2\/product\/11222","targetHints":{"allow":["GET"]}}],"collection":[{"href":"https:\/\/ceoparts.com\/ru\/wp-json\/wp\/v2\/product"}],"about":[{"href":"https:\/\/ceoparts.com\/ru\/wp-json\/wp\/v2\/types\/product"}],"wp:featuredmedia":[{"embeddable":true,"href":"https:\/\/ceoparts.com\/ru\/wp-json\/wp\/v2\/media\/11223"}],"wp:attachment":[{"href":"https:\/\/ceoparts.com\/ru\/wp-json\/wp\/v2\/media?parent=11222"}],"wp:term":[{"taxonomy":"product_brand","embeddable":true,"href":"https:\/\/ceoparts.com\/ru\/wp-json\/wp\/v2\/product_brand?post=11222"},{"taxonomy":"product_cat","embeddable":true,"href":"https:\/\/ceoparts.com\/ru\/wp-json\/wp\/v2\/product_cat?post=11222"},{"taxonomy":"product_tag","embeddable":true,"href":"https:\/\/ceoparts.com\/ru\/wp-json\/wp\/v2\/product_tag?post=11222"}],"curies":[{"name":"wp","href":"https:\/\/api.w.org\/{rel}","templated":true}]}}