{"id":11983,"date":"2024-11-12T10:15:27","date_gmt":"2024-11-12T07:15:27","guid":{"rendered":"https:\/\/ceoparts.com\/?post_type=product&#038;p=11983"},"modified":"2026-05-16T21:25:02","modified_gmt":"2026-05-16T18:25:02","slug":"230x70-80-msl-yuruyus-tekeri-0009903807","status":"publish","type":"product","link":"https:\/\/ceoparts.com\/ru\/urun\/230x70-80-msl-yuruyus-tekeri-0009903807\/","title":{"rendered":"230X75-80 MSL \u0425\u043e\u0434\u044c\u0431\u044b \u041a\u043e\u043b\u0435\u0441\u043e 6B &#8211; 4494268, 0009903807"},"content":{"rendered":"<p>230X75-80 MSL \u0425\u043e\u0434\u044c\u0431\u044b \u041a\u043e\u043b\u0435\u0441\u043e 6B &#8211; 4494268, 0009903807<\/p>\n<p><span class=\"short_text\" lang=\"en\"><span class=\"hps\" title=\"Kliknij, aby wy\u015bwietli\u0107 alternatywne t\u0142umaczenia\"><span style=\"font-family: tim;\">EGV-S 330221\/330222<br \/>\nEGV-S LB 330229\/330230<\/span><\/span><\/span><\/p>\n<p>YALE<\/p>\n<p>HYSTER<\/p>\n<p>OM PIMESPO, BR VESTERGAARD<\/p>\n<p>0009903807, 8494268, 4494268, 95309172, 50983508934, 129TA9068<\/p>","protected":false},"excerpt":{"rendered":"<p data-start=\"0\" data-end=\"289\"><br data-start=\"1813\" data-end=\"1816\" \/>230\u00d775-80 MSL \u041e\u043f\u043e\u0440\u043d\u043e\u0435 \u043a\u043e\u043b\u0435\u0441\u043e 6B \u2014 \u043f\u0440\u043e\u0447\u043d\u043e\u0435 \u0438 \u0432\u044b\u0441\u043e\u043a\u043e\u043f\u0440\u043e\u0438\u0437\u0432\u043e\u0434\u0438\u0442\u0435\u043b\u044c\u043d\u043e\u0435 \u043e\u043f\u043e\u0440\u043d\u043e\u0435 \u043a\u043e\u043b\u0435\u0441\u043e, \u0438\u0441\u043f\u043e\u043b\u044c\u0437\u0443\u0435\u043c\u043e\u0435 \u0432 \u0432\u0438\u043b\u043e\u0447\u043d\u044b\u0445 \u043f\u043e\u0433\u0440\u0443\u0437\u0447\u0438\u043a\u0430\u0445 \u0438 \u0448\u0442\u0430\u0431\u0435\u043b\u0451\u0440\u0430\u0445. \u0418\u0437\u0433\u043e\u0442\u043e\u0432\u043b\u0435\u043d\u043e \u0441 \u0438\u0441\u043f\u043e\u043b\u044c\u0437\u043e\u0432\u0430\u043d\u0438\u0435\u043c \u0442\u0435\u0445\u043d\u043e\u043b\u043e\u0433\u0438\u0438 MSL, \u043e\u0431\u043b\u0430\u0434\u0430\u0435\u0442 \u0432\u044b\u0441\u043e\u043a\u043e\u0439 \u0438\u0437\u043d\u043e\u0441\u043e\u0441\u0442\u043e\u0439\u043a\u043e\u0441\u0442\u044c\u044e \u0438 \u0434\u043e\u043b\u0433\u0438\u043c \u0441\u0440\u043e\u043a\u043e\u043c \u0441\u043b\u0443\u0436\u0431\u044b. \u041e\u0431\u0435\u0441\u043f\u0435\u0447\u0438\u0432\u0430\u0435\u0442 \u0441\u0442\u0430\u0431\u0438\u043b\u044c\u043d\u043e\u0435 \u0438 \u0431\u0435\u0437\u043e\u043f\u0430\u0441\u043d\u043e\u0435 \u0434\u0432\u0438\u0436\u0435\u043d\u0438\u0435 \u043c\u0430\u0448\u0438\u043d\u044b \u0432\u043e \u0432\u0440\u0435\u043c\u044f \u0440\u0430\u0431\u043e\u0442\u044b.<\/p>\n<p data-start=\"2123\" data-end=\"2483\"><strong data-start=\"2123\" data-end=\"2142\">\u0425\u0430\u0440\u0430\u043a\u0442\u0435\u0440\u0438\u0441\u0442\u0438\u043a\u0438:<\/strong><br data-start=\"2142\" data-end=\"2145\" \/><strong data-start=\"2145\" data-end=\"2169\">\u041d\u0430\u0438\u043c\u0435\u043d\u043e\u0432\u0430\u043d\u0438\u0435 \u0442\u043e\u0432\u0430\u0440\u0430:<\/strong> 230\u00d775-80 MSL \u041e\u043f\u043e\u0440\u043d\u043e\u0435 \u043a\u043e\u043b\u0435\u0441\u043e 6B<br data-start=\"2201\" data-end=\"2204\" \/><strong data-start=\"2204\" data-end=\"2219\">\u041a\u043e\u0434 \u0434\u0435\u0442\u0430\u043b\u0438:<\/strong> 4494268, 0009903807<br data-start=\"2239\" data-end=\"2242\" \/><strong data-start=\"2242\" data-end=\"2255\">\u041c\u0430\u0442\u0435\u0440\u0438\u0430\u043b:<\/strong> \u0412\u044b\u0441\u043e\u043a\u043e\u043f\u0440\u043e\u0447\u043d\u0430\u044f \u0440\u0435\u0437\u0438\u043d\u0430 \u0438 \u043c\u0435\u0442\u0430\u043b\u043b\u0438\u0447\u0435\u0441\u043a\u0438\u0439 \u0441\u043f\u043b\u0430\u0432<br data-start=\"2298\" data-end=\"2301\" \/><strong data-start=\"2301\" data-end=\"2324\">\u041e\u0431\u043b\u0430\u0441\u0442\u044c \u043f\u0440\u0438\u043c\u0435\u043d\u0435\u043d\u0438\u044f:<\/strong> \u041e\u043f\u043e\u0440\u043d\u043e\u0435 \u043a\u043e\u043b\u0435\u0441\u043e \u0434\u043b\u044f \u0432\u0438\u043b\u043e\u0447\u043d\u044b\u0445 \u043f\u043e\u0433\u0440\u0443\u0437\u0447\u0438\u043a\u043e\u0432 \u0438 \u0448\u0442\u0430\u0431\u0435\u043b\u0451\u0440\u043e\u0432<br data-start=\"2377\" data-end=\"2380\" \/><strong data-start=\"2380\" data-end=\"2397\">\u041f\u0440\u0435\u0438\u043c\u0443\u0449\u0435\u0441\u0442\u0432\u0430:<\/strong> \u0412\u044b\u0441\u043e\u043a\u0430\u044f \u043f\u0440\u043e\u0447\u043d\u043e\u0441\u0442\u044c, \u0434\u043e\u043b\u0433\u0438\u0439 \u0441\u0440\u043e\u043a \u0441\u043b\u0443\u0436\u0431\u044b, \u0432\u044b\u0441\u043e\u043a\u0430\u044f \u0438\u0437\u043d\u043e\u0441\u043e\u0441\u0442\u043e\u0439\u043a\u043e\u0441\u0442\u044c, \u0441\u0442\u0430\u0431\u0438\u043b\u044c\u043d\u043e\u0435 \u0434\u0432\u0438\u0436\u0435\u043d\u0438\u0435<\/p>\n<p data-start=\"2485\" data-end=\"2797\">\n","protected":false},"featured_media":11984,"template":"","meta":[],"product_brand":[],"product_cat":[256,260,395,397,193],"product_tag":[],"class_list":{"0":"post-11983","1":"product","2":"type-product","3":"status-publish","4":"has-post-thumbnail","6":"product_cat-hyster","7":"product_cat-yuruyus-tekeri-hyster","8":"product_cat-ceoparts","9":"product_cat-yuruyus-tekeri-ceo","10":"product_cat-yuruyus-tekeri","12":"first","13":"instock","14":"taxable","15":"shipping-taxable","16":"purchasable","17":"product-type-simple"},"_links":{"self":[{"href":"https:\/\/ceoparts.com\/ru\/wp-json\/wp\/v2\/product\/11983","targetHints":{"allow":["GET"]}}],"collection":[{"href":"https:\/\/ceoparts.com\/ru\/wp-json\/wp\/v2\/product"}],"about":[{"href":"https:\/\/ceoparts.com\/ru\/wp-json\/wp\/v2\/types\/product"}],"wp:featuredmedia":[{"embeddable":true,"href":"https:\/\/ceoparts.com\/ru\/wp-json\/wp\/v2\/media\/11984"}],"wp:attachment":[{"href":"https:\/\/ceoparts.com\/ru\/wp-json\/wp\/v2\/media?parent=11983"}],"wp:term":[{"taxonomy":"product_brand","embeddable":true,"href":"https:\/\/ceoparts.com\/ru\/wp-json\/wp\/v2\/product_brand?post=11983"},{"taxonomy":"product_cat","embeddable":true,"href":"https:\/\/ceoparts.com\/ru\/wp-json\/wp\/v2\/product_cat?post=11983"},{"taxonomy":"product_tag","embeddable":true,"href":"https:\/\/ceoparts.com\/ru\/wp-json\/wp\/v2\/product_tag?post=11983"}],"curies":[{"name":"wp","href":"https:\/\/api.w.org\/{rel}","templated":true}]}}