{"id":14103,"date":"2025-02-08T09:45:24","date_gmt":"2025-02-08T06:45:24","guid":{"rendered":"https:\/\/ceoparts.com\/?post_type=product&#038;p=14103"},"modified":"2026-05-16T12:10:31","modified_gmt":"2026-05-16T09:10:31","slug":"kontak-anahtari-linde-monitou-9-fisli-701-80184-701-45500-70145500-85804674","status":"publish","type":"product","link":"https:\/\/ceoparts.com\/ru\/urun\/kontak-anahtari-linde-monitou-9-fisli-701-80184-701-45500-70145500-85804674\/","title":{"rendered":"\u0417\u0430\u043c\u043e\u043a \u0437\u0430\u0436\u0438\u0433\u0430\u043d\u0438\u044f Linde Monitou 9 \u043a\u043e\u043d\u0442\u0430\u043a\u0442\u043e\u0432 &#8211; 701\/80184 701\/45500 70145500 85804674"},"content":{"rendered":"<p>\u0417\u0430\u043c\u043e\u043a \u0437\u0430\u0436\u0438\u0433\u0430\u043d\u0438\u044f Linde Monitou 9 \u043a\u043e\u043d\u0442\u0430\u043a\u0442\u043e\u0432 &#8211; 701\/80184 701\/45500 70145500 85804674<\/p>\n<p>JCB Beko Y\u00fckleyici I CX, 2018 i\u00e7in; JCB beko y\u00fckleyici 2CX, 210, 212,MIDI CX;<br \/>\nBeko Loder 3CX, 4CX, 5CX, 214, 215, 217<\/p>\n<p>Deutz-Fahr D 6006D 6007D 6206D 6207D 6507D 6806D 6807D 6907D 7006D 7007D 7206D 7207D 7807<\/p>\n<p>Manitou 01171659 01176269 04350834<\/p>\n<p>Case IH 1055 (55 Serisi)1055XL1056 (56 Serisi)1056XL1255 (55 Serisi)1455 (55 Serisi)485 (85 Serisi)<br \/>\n485XL585 (85 Utility Serisi)585XL685 (85 Serisi)685XL743 (43 Serisi)743 (Uluslararas\u0131)745<br \/>\n(45 Serisi)745 (Uluslararas\u0131)785 (85 Serisi)785 (Uluslararas\u0131)785XL844 (44 Serisi)845 (45 Serisi)<br \/>\n856 (56 Serisi)885 (85 Serisi)885XL955 (55 Serisi)955XL956 (56 Serisi<\/p>","protected":false},"excerpt":{"rendered":"<p data-start=\"178\" data-end=\"370\"><br data-start=\"2359\" data-end=\"2362\" \/>9-\u043a\u043e\u043d\u0442\u0430\u043a\u0442\u043d\u044b\u0439 \u0432\u044b\u043a\u043b\u044e\u0447\u0430\u0442\u0435\u043b\u044c \u0437\u0430\u0436\u0438\u0433\u0430\u043d\u0438\u044f \u043f\u0440\u0435\u0434\u043d\u0430\u0437\u043d\u0430\u0447\u0435\u043d \u0434\u043b\u044f \u043f\u043e\u0433\u0440\u0443\u0437\u0447\u0438\u043a\u043e\u0432 Linde \u0438 Monitou, \u043e\u0431\u0435\u0441\u043f\u0435\u0447\u0438\u0432\u0430\u044f \u0431\u0435\u0437\u043e\u043f\u0430\u0441\u043d\u0443\u044e \u0438 \u043f\u043b\u0430\u0432\u043d\u0443\u044e \u0440\u0430\u0431\u043e\u0442\u0443 \u0442\u0435\u0445\u043d\u0438\u043a\u0438. \u0418\u0437\u0433\u043e\u0442\u043e\u0432\u043b\u0435\u043d \u0438\u0437 \u043f\u0440\u043e\u0447\u043d\u044b\u0445 \u043c\u0430\u0442\u0435\u0440\u0438\u0430\u043b\u043e\u0432 \u0434\u043b\u044f \u0434\u043e\u043b\u0433\u043e\u0441\u0440\u043e\u0447\u043d\u043e\u0439 \u044d\u043a\u0441\u043f\u043b\u0443\u0430\u0442\u0430\u0446\u0438\u0438.<\/p>\n<p data-start=\"2557\" data-end=\"2926\"><strong data-start=\"2557\" data-end=\"2576\">\u0425\u0430\u0440\u0430\u043a\u0442\u0435\u0440\u0438\u0441\u0442\u0438\u043a\u0438:<\/strong><br data-start=\"2576\" data-end=\"2579\" \/><strong data-start=\"2579\" data-end=\"2603\">\u041d\u0430\u0438\u043c\u0435\u043d\u043e\u0432\u0430\u043d\u0438\u0435 \u0442\u043e\u0432\u0430\u0440\u0430:<\/strong> 9-\u043a\u043e\u043d\u0442\u0430\u043a\u0442\u043d\u044b\u0439 \u0432\u044b\u043a\u043b\u044e\u0447\u0430\u0442\u0435\u043b\u044c \u0437\u0430\u0436\u0438\u0433\u0430\u043d\u0438\u044f Linde Monitou<br data-start=\"2652\" data-end=\"2655\" \/><strong data-start=\"2655\" data-end=\"2670\">\u041a\u043e\u0434 \u0434\u0435\u0442\u0430\u043b\u0438:<\/strong> 701\/80184, 701\/45500, 70145500, 85804674<br data-start=\"2711\" data-end=\"2714\" \/><strong data-start=\"2714\" data-end=\"2727\">\u041c\u0430\u0442\u0435\u0440\u0438\u0430\u043b:<\/strong> \u041f\u0440\u043e\u0447\u043d\u044b\u0435 \u043c\u0435\u0442\u0430\u043b\u043b\u0438\u0447\u0435\u0441\u043a\u0438\u0435 \u0438 \u043f\u043b\u0430\u0441\u0442\u0438\u043a\u043e\u0432\u044b\u0435 \u043a\u043e\u043c\u043f\u043e\u043d\u0435\u043d\u0442\u044b<br data-start=\"2774\" data-end=\"2777\" \/><strong data-start=\"2777\" data-end=\"2800\">\u041e\u0431\u043b\u0430\u0441\u0442\u044c \u043f\u0440\u0438\u043c\u0435\u043d\u0435\u043d\u0438\u044f:<\/strong> \u0421\u0438\u0441\u0442\u0435\u043c\u044b \u0437\u0430\u0436\u0438\u0433\u0430\u043d\u0438\u044f \u043f\u043e\u0433\u0440\u0443\u0437\u0447\u0438\u043a\u043e\u0432 Linde \u0438 Monitou<br data-start=\"2846\" data-end=\"2849\" \/><strong data-start=\"2849\" data-end=\"2866\">\u041f\u0440\u0435\u0438\u043c\u0443\u0449\u0435\u0441\u0442\u0432\u043e:<\/strong> \u0411\u0435\u0437\u043e\u043f\u0430\u0441\u043d\u0430\u044f \u044d\u043a\u0441\u043f\u043b\u0443\u0430\u0442\u0430\u0446\u0438\u044f, \u043f\u0440\u043e\u0447\u043d\u044b\u0439 \u0434\u0438\u0437\u0430\u0439\u043d \u0438 \u043f\u0440\u043e\u0441\u0442\u0430\u044f \u0443\u0441\u0442\u0430\u043d\u043e\u0432\u043a\u0430<\/p>\n<p data-start=\"2928\" data-end=\"3139\">\n","protected":false},"featured_media":14108,"template":"","meta":[],"product_brand":[],"product_cat":[246,469,523],"product_tag":[],"class_list":{"0":"post-14103","1":"product","2":"type-product","3":"status-publish","4":"has-post-thumbnail","6":"product_cat-linde","7":"product_cat-elektrik-ve-sistem-parcalari","8":"product_cat-yedek-parca-linde","10":"first","11":"instock","12":"taxable","13":"shipping-taxable","14":"purchasable","15":"product-type-simple"},"_links":{"self":[{"href":"https:\/\/ceoparts.com\/ru\/wp-json\/wp\/v2\/product\/14103","targetHints":{"allow":["GET"]}}],"collection":[{"href":"https:\/\/ceoparts.com\/ru\/wp-json\/wp\/v2\/product"}],"about":[{"href":"https:\/\/ceoparts.com\/ru\/wp-json\/wp\/v2\/types\/product"}],"wp:featuredmedia":[{"embeddable":true,"href":"https:\/\/ceoparts.com\/ru\/wp-json\/wp\/v2\/media\/14108"}],"wp:attachment":[{"href":"https:\/\/ceoparts.com\/ru\/wp-json\/wp\/v2\/media?parent=14103"}],"wp:term":[{"taxonomy":"product_brand","embeddable":true,"href":"https:\/\/ceoparts.com\/ru\/wp-json\/wp\/v2\/product_brand?post=14103"},{"taxonomy":"product_cat","embeddable":true,"href":"https:\/\/ceoparts.com\/ru\/wp-json\/wp\/v2\/product_cat?post=14103"},{"taxonomy":"product_tag","embeddable":true,"href":"https:\/\/ceoparts.com\/ru\/wp-json\/wp\/v2\/product_tag?post=14103"}],"curies":[{"name":"wp","href":"https:\/\/api.w.org\/{rel}","templated":true}]}}