{"id":16124,"date":"2025-03-19T14:38:41","date_gmt":"2025-03-19T11:38:41","guid":{"rendered":"https:\/\/ceoparts.com\/?post_type=product&#038;p=16124"},"modified":"2026-05-16T05:14:55","modified_gmt":"2026-05-16T02:14:55","slug":"250x100-80-5-blickle-yuruyus-tekeri-4493241","status":"publish","type":"product","link":"https:\/\/ceoparts.com\/ru\/urun\/250x100-80-5-blickle-yuruyus-tekeri-4493241\/","title":{"rendered":"Roue pivotante Blickle 250&#215;100\/80-5 &#8211; 4493241"},"content":{"rendered":"<p>Roue pivotante Blickle 250&#215;100\/80-5 &#8211; 4493241<\/p>\n<p><span class=\"short_text\" lang=\"en\"><span class=\"hps\" title=\"Kliknij, aby wy\u015bwietli\u0107 alternatywne t\u0142umaczenia\">4493241 Still, 0009903813 Linde, 95325503 Pimespo 428367,4494575, 8428367<\/span><\/span><\/p>\n<p><span class=\"short_text\" lang=\"en\"><span class=\"hps\" title=\"Kliknij, aby wy\u015bwietli\u0107 alternatywne t\u0142umaczenia\">250&#215;100 5&#215;18<\/span><\/span><\/p>\n<p><span class=\"short_text\" lang=\"en\"><span class=\"hps\" title=\"Kliknij, aby wy\u015bwietli\u0107 alternatywne t\u0142umaczenia\">CS 10M\/711041\/06-06<br \/>\nCS 16S\/711042\/06-06<br \/>\nCS 20\/711040\/06-06<br \/>\nCS 30Z\/711043\/06-06<br \/>\nCX-T\/711050\/01-08<br \/>\nCX20\/711044\/01-07<br \/>\nCXM 10\/711045\/01-07<br \/>\nCXS 16\/711046\/01-07<br \/>\nCXZ 30\/711047\/01-07<br \/>\nEXD S20\/710249\/01-07<br \/>\nEXU-S\/710148-710149\/01-07<\/span><\/span><\/p>","protected":false},"excerpt":{"rendered":"<p data-start=\"1733\" data-end=\"1987\"><strong data-start=\"1733\" data-end=\"1774\">\u041f\u0440\u0438\u0432\u043e\u0434\u043d\u043e\u0435 \u043a\u043e\u043b\u0435\u0441\u043e Blickle 250&#215;100\/80-5<\/strong> \u2014 \u043f\u0440\u043e\u0447\u043d\u043e\u0435 \u0438 \u043d\u0430\u0434\u0435\u0436\u043d\u043e\u0435 \u043a\u043e\u043b\u0435\u0441\u043e \u0434\u043b\u044f \u0432\u0438\u043b\u043e\u0447\u043d\u044b\u0445 \u043f\u043e\u0433\u0440\u0443\u0437\u0447\u0438\u043a\u043e\u0432 \u0438 \u043f\u0440\u043e\u043c\u044b\u0448\u043b\u0435\u043d\u043d\u043e\u0433\u043e \u043e\u0431\u043e\u0440\u0443\u0434\u043e\u0432\u0430\u043d\u0438\u044f. \u041f\u0440\u043e\u0438\u0437\u0432\u043e\u0434\u0441\u0442\u0432\u043e Blickle \u0433\u0430\u0440\u0430\u043d\u0442\u0438\u0440\u0443\u0435\u0442 \u0434\u043e\u043b\u0433\u043e\u0432\u0435\u0447\u043d\u043e\u0441\u0442\u044c. \u041f\u043e\u043b\u0438\u0443\u0440\u0435\u0442\u0430\u043d\u043e\u0432\u043e\u0435 \u043f\u043e\u043a\u0440\u044b\u0442\u0438\u0435 \u043e\u0431\u0435\u0441\u043f\u0435\u0447\u0438\u0432\u0430\u0435\u0442 \u0437\u0430\u0449\u0438\u0442\u0443 \u043f\u043e\u043b\u0430, \u0442\u0438\u0445\u0443\u044e \u0440\u0430\u0431\u043e\u0442\u0443 \u0438 \u0438\u0437\u043d\u043e\u0441\u043e\u0441\u0442\u043e\u0439\u043a\u043e\u0441\u0442\u044c.<\/p>\n<p data-start=\"1989\" data-end=\"2010\"><strong data-start=\"1989\" data-end=\"2008\">\u0425\u0430\u0440\u0430\u043a\u0442\u0435\u0440\u0438\u0441\u0442\u0438\u043a\u0438:<\/strong><\/p>\n<ul data-start=\"2011\" data-end=\"2219\">\n<li data-start=\"2011\" data-end=\"2035\">\n<p data-start=\"2013\" data-end=\"2035\">\u0420\u0430\u0437\u043c\u0435\u0440: 250&#215;100\/80-5<\/p>\n<\/li>\n<li data-start=\"2036\" data-end=\"2054\">\n<p data-start=\"2038\" data-end=\"2054\">\u0411\u0440\u0435\u043d\u0434: Blickle<\/p>\n<\/li>\n<li data-start=\"2055\" data-end=\"2112\">\n<p data-start=\"2057\" data-end=\"2112\">\u041f\u0440\u0438\u043c\u0435\u043d\u0435\u043d\u0438\u0435: \u043f\u0440\u0438\u0432\u043e\u0434\u043d\u043e\u0435 \u043a\u043e\u043b\u0435\u0441\u043e \u0434\u043b\u044f \u0432\u0438\u043b\u043e\u0447\u043d\u044b\u0445 \u043f\u043e\u0433\u0440\u0443\u0437\u0447\u0438\u043a\u043e\u0432<\/p>\n<\/li>\n<li data-start=\"2113\" data-end=\"2158\">\n<p data-start=\"2115\" data-end=\"2158\">\u041f\u043e\u043b\u0438\u0443\u0440\u0435\u0442\u0430\u043d\u043e\u0432\u043e\u0435 \u043f\u043e\u043a\u0440\u044b\u0442\u0438\u0435 \u0434\u043b\u044f \u0434\u043e\u043b\u0433\u043e\u0432\u0435\u0447\u043d\u043e\u0441\u0442\u0438<\/p>\n<\/li>\n<li data-start=\"2159\" data-end=\"2189\">\n<p data-start=\"2161\" data-end=\"2189\">\u0422\u0438\u0445\u0430\u044f \u0440\u0430\u0431\u043e\u0442\u0430 \u0438 \u0437\u0430\u0449\u0438\u0442\u0430 \u043f\u043e\u043b\u0430<\/p>\n<\/li>\n<li data-start=\"2190\" data-end=\"2219\">\n<p data-start=\"2192\" data-end=\"2219\">\u0418\u0437\u043d\u043e\u0441\u043e\u0441\u0442\u043e\u0439\u043a\u0430\u044f \u043a\u043e\u043d\u0441\u0442\u0440\u0443\u043a\u0446\u0438\u044f<\/p>\n<\/li>\n<\/ul>\n","protected":false},"featured_media":16125,"template":"","meta":[],"product_brand":[],"product_cat":[241,244,246,249,503,193],"product_tag":[],"class_list":{"0":"post-16124","1":"product","2":"type-product","3":"status-publish","4":"has-post-thumbnail","6":"product_cat-still","7":"product_cat-yuruyus-tekeri-still","8":"product_cat-linde","9":"product_cat-yuruyus-tekeri-linde","10":"product_cat-yuruyus-tekeri-blickle","11":"product_cat-yuruyus-tekeri","13":"first","14":"instock","15":"taxable","16":"shipping-taxable","17":"purchasable","18":"product-type-simple"},"_links":{"self":[{"href":"https:\/\/ceoparts.com\/ru\/wp-json\/wp\/v2\/product\/16124","targetHints":{"allow":["GET"]}}],"collection":[{"href":"https:\/\/ceoparts.com\/ru\/wp-json\/wp\/v2\/product"}],"about":[{"href":"https:\/\/ceoparts.com\/ru\/wp-json\/wp\/v2\/types\/product"}],"wp:featuredmedia":[{"embeddable":true,"href":"https:\/\/ceoparts.com\/ru\/wp-json\/wp\/v2\/media\/16125"}],"wp:attachment":[{"href":"https:\/\/ceoparts.com\/ru\/wp-json\/wp\/v2\/media?parent=16124"}],"wp:term":[{"taxonomy":"product_brand","embeddable":true,"href":"https:\/\/ceoparts.com\/ru\/wp-json\/wp\/v2\/product_brand?post=16124"},{"taxonomy":"product_cat","embeddable":true,"href":"https:\/\/ceoparts.com\/ru\/wp-json\/wp\/v2\/product_cat?post=16124"},{"taxonomy":"product_tag","embeddable":true,"href":"https:\/\/ceoparts.com\/ru\/wp-json\/wp\/v2\/product_tag?post=16124"}],"curies":[{"name":"wp","href":"https:\/\/api.w.org\/{rel}","templated":true}]}}