{"id":8173,"date":"2021-01-21T01:23:48","date_gmt":"2021-01-20T22:23:48","guid":{"rendered":"https:\/\/ceoparts.com\/?post_type=product&#038;p=8173"},"modified":"2026-05-16T14:00:33","modified_gmt":"2026-05-16T11:00:33","slug":"230x75-80-6b-o14-still-4494268","status":"publish","type":"product","link":"https:\/\/ceoparts.com\/ru\/urun\/230x75-80-6b-o14-still-4494268\/","title":{"rendered":"230&#215;75-80 Wicke \u0425\u043e\u0434\u044c\u0431\u044b \u041a\u043e\u043b\u0435\u0441\u043e &#8211; 0009933848, 4494268, 0009903807"},"content":{"rendered":"<p>230&#215;75-80 Wicke \u0425\u043e\u0434\u044c\u0431\u044b \u041a\u043e\u043b\u0435\u0441\u043e &#8211; 0009933848, 4494268, 0009903807<\/p>\n<p><span class=\"short_text\" lang=\"en\"><span class=\"hps\" title=\"Kliknij, aby wy\u015bwietli\u0107 alternatywne t\u0142umaczenia\">EGV-S 330221\/330222<br \/>\nEGV-S LB 330229\/330230<\/span><\/span><\/p>\n<p>YALE<\/p>\n<p>HYSTER<\/p>\n<p>OM PIMESPO, BR VESTERGAARD<\/p>\n<p>0009903807, 8494268, 4494268, 95309172, 50983508934, 129TA9068<\/p>","protected":false},"excerpt":{"rendered":"<p data-start=\"151\" data-end=\"662\"><br data-start=\"2881\" data-end=\"2884\" \/><strong data-start=\"2884\" data-end=\"2918\">230\u00d775-80 Wicke \u0412\u0435\u0434\u0443\u0449\u0435\u0435 \u043a\u043e\u043b\u0435\u0441\u043e<\/strong> \u2014 \u0432\u044b\u0441\u043e\u043a\u043e\u043a\u0430\u0447\u0435\u0441\u0442\u0432\u0435\u043d\u043d\u043e\u0435 \u0438 \u0434\u043e\u043b\u0433\u043e\u0432\u0435\u0447\u043d\u043e\u0435 \u043a\u043e\u043b\u0435\u0441\u043e, \u0438\u0441\u043f\u043e\u043b\u044c\u0437\u0443\u0435\u043c\u043e\u0435 \u0432 \u043f\u0440\u0438\u0432\u043e\u0434\u043d\u043e\u043c \u043c\u0435\u0445\u0430\u043d\u0438\u0437\u043c\u0435 \u043f\u043e\u0433\u0440\u0443\u0437\u0447\u0438\u043a\u043e\u0432 \u0438 \u0430\u043d\u0430\u043b\u043e\u0433\u0438\u0447\u043d\u043e\u0439 \u043f\u0440\u043e\u043c\u044b\u0448\u043b\u0435\u043d\u043d\u043e\u0439 \u0442\u0435\u0445\u043d\u0438\u043a\u0438. \u0418\u043c\u0435\u0435\u0442 \u043f\u0440\u043e\u0447\u043d\u044b\u0439 \u043c\u0435\u0442\u0430\u043b\u043b\u0438\u0447\u0435\u0441\u043a\u0438\u0439 \u0441\u0435\u0440\u0434\u0435\u0447\u043d\u0438\u043a \u0441 \u0438\u0437\u043d\u043e\u0441\u043e\u0441\u0442\u043e\u0439\u043a\u0438\u043c \u0440\u0435\u0437\u0438\u043d\u043e\u0432\u044b\u043c \u0438\u043b\u0438 \u043f\u043e\u043b\u0438\u0443\u0440\u0435\u0442\u0430\u043d\u043e\u0432\u044b\u043c \u043f\u043e\u043a\u0440\u044b\u0442\u0438\u0435\u043c. \u0428\u0438\u0440\u043e\u043a\u0430\u044f \u043f\u043e\u0432\u0435\u0440\u0445\u043d\u043e\u0441\u0442\u044c \u043e\u0431\u0435\u0441\u043f\u0435\u0447\u0438\u0432\u0430\u0435\u0442 \u0440\u0430\u0432\u043d\u043e\u043c\u0435\u0440\u043d\u043e\u0435 \u0438 \u043d\u0430\u0434\u0435\u0436\u043d\u043e\u0435 \u0440\u0430\u0441\u043f\u0440\u0435\u0434\u0435\u043b\u0435\u043d\u0438\u0435 \u043d\u0430\u0433\u0440\u0443\u0437\u043a\u0438. \u0421\u043d\u0438\u0436\u0430\u0435\u0442 \u0432\u0438\u0431\u0440\u0430\u0446\u0438\u0438, \u043e\u0431\u0435\u0441\u043f\u0435\u0447\u0438\u0432\u0430\u044f \u0442\u0438\u0445\u0443\u044e \u0438 \u043a\u043e\u043c\u0444\u043e\u0440\u0442\u043d\u0443\u044e \u0440\u0430\u0431\u043e\u0442\u0443. \u042d\u0442\u043e \u0432\u044b\u0441\u043e\u043a\u043e\u043f\u0440\u043e\u0438\u0437\u0432\u043e\u0434\u0438\u0442\u0435\u043b\u044c\u043d\u043e\u0435 \u0432\u0435\u0434\u0443\u0449\u0435\u0435 \u043a\u043e\u043b\u0435\u0441\u043e \u0438\u0434\u0435\u0430\u043b\u044c\u043d\u043e \u043f\u043e\u0434\u0445\u043e\u0434\u0438\u0442 \u0434\u043b\u044f \u0434\u043b\u0438\u0442\u0435\u043b\u044c\u043d\u043e\u0439 \u044d\u043a\u0441\u043f\u043b\u0443\u0430\u0442\u0430\u0446\u0438\u0438 \u0432 \u0441\u043b\u043e\u0436\u043d\u044b\u0445 \u0443\u0441\u043b\u043e\u0432\u0438\u044f\u0445.<\/p>\n<p data-start=\"3385\" data-end=\"3828\"><strong data-start=\"3385\" data-end=\"3403\">\u0425\u0430\u0440\u0430\u043a\u0442\u0435\u0440\u0438\u0441\u0442\u0438\u043a\u0438<\/strong><br data-start=\"3403\" data-end=\"3406\" \/><strong data-start=\"3406\" data-end=\"3428\">\u041d\u0430\u0437\u0432\u0430\u043d\u0438\u0435 \u043f\u0440\u043e\u0434\u0443\u043a\u0442\u0430:<\/strong> 230\u00d775-80 Wicke \u0412\u0435\u0434\u0443\u0449\u0435\u0435 \u043a\u043e\u043b\u0435\u0441\u043e<br data-start=\"3459\" data-end=\"3462\" \/><strong data-start=\"3462\" data-end=\"3479\">\u041a\u043e\u0434\u044b \u0434\u0435\u0442\u0430\u043b\u0435\u0439:<\/strong> 0009933848, 4494268, 0009903807<br data-start=\"3511\" data-end=\"3514\" \/><strong data-start=\"3514\" data-end=\"3527\">\u041c\u0430\u0442\u0435\u0440\u0438\u0430\u043b:<\/strong> \u041f\u0440\u043e\u0447\u043d\u044b\u0439 \u043c\u0435\u0442\u0430\u043b\u043b\u0438\u0447\u0435\u0441\u043a\u0438\u0439 \u0441\u0435\u0440\u0434\u0435\u0447\u043d\u0438\u043a, \u0438\u0437\u043d\u043e\u0441\u043e\u0441\u0442\u043e\u0439\u043a\u043e\u0435 \u0440\u0435\u0437\u0438\u043d\u043e\u0432\u043e\u0435 \u0438\u043b\u0438 \u043f\u043e\u043b\u0438\u0443\u0440\u0435\u0442\u0430\u043d\u043e\u0432\u043e\u0435 \u043f\u043e\u043a\u0440\u044b\u0442\u0438\u0435<br data-start=\"3612\" data-end=\"3615\" \/><strong data-start=\"3615\" data-end=\"3638\">\u041e\u0431\u043b\u0430\u0441\u0442\u044c \u043f\u0440\u0438\u043c\u0435\u043d\u0435\u043d\u0438\u044f:<\/strong> \u041f\u0440\u0438\u0432\u043e\u0434\u043d\u044b\u0435 \u043c\u0435\u0445\u0430\u043d\u0438\u0437\u043c\u044b \u043f\u043e\u0433\u0440\u0443\u0437\u0447\u0438\u043a\u043e\u0432 \u0438 \u043f\u0440\u043e\u043c\u044b\u0448\u043b\u0435\u043d\u043d\u043e\u0439 \u0442\u0435\u0445\u043d\u0438\u043a\u0438<br data-start=\"3693\" data-end=\"3696\" \/><strong data-start=\"3696\" data-end=\"3713\">\u041f\u0440\u0435\u0438\u043c\u0443\u0449\u0435\u0441\u0442\u0432\u043e:<\/strong> \u0420\u0430\u0432\u043d\u043e\u043c\u0435\u0440\u043d\u043e\u0435 \u0440\u0430\u0441\u043f\u0440\u0435\u0434\u0435\u043b\u0435\u043d\u0438\u0435 \u043d\u0430\u0433\u0440\u0443\u0437\u043a\u0438, \u0441\u043d\u0438\u0436\u0435\u043d\u0438\u0435 \u0432\u0438\u0431\u0440\u0430\u0446\u0438\u0439, \u0442\u0438\u0445\u0430\u044f \u0440\u0430\u0431\u043e\u0442\u0430, \u0434\u043b\u0438\u0442\u0435\u043b\u044c\u043d\u044b\u0439 \u0441\u0440\u043e\u043a \u0441\u043b\u0443\u0436\u0431\u044b, \u043f\u0440\u043e\u0447\u043d\u0430\u044f \u043a\u043e\u043d\u0441\u0442\u0440\u0443\u043a\u0446\u0438\u044f<\/p>\n<hr data-start=\"3830\" data-end=\"3833\" \/>\n<p data-start=\"3835\" data-end=\"4395\">\n","protected":false},"featured_media":11227,"template":"","meta":[],"product_brand":[],"product_cat":[256,260,401,404,193],"product_tag":[],"class_list":{"0":"post-8173","1":"product","2":"type-product","3":"status-publish","4":"has-post-thumbnail","6":"product_cat-hyster","7":"product_cat-yuruyus-tekeri-hyster","8":"product_cat-wicke","9":"product_cat-yuruyus-tekeri-wicke","10":"product_cat-yuruyus-tekeri","12":"first","13":"instock","14":"taxable","15":"shipping-taxable","16":"purchasable","17":"product-type-simple"},"_links":{"self":[{"href":"https:\/\/ceoparts.com\/ru\/wp-json\/wp\/v2\/product\/8173","targetHints":{"allow":["GET"]}}],"collection":[{"href":"https:\/\/ceoparts.com\/ru\/wp-json\/wp\/v2\/product"}],"about":[{"href":"https:\/\/ceoparts.com\/ru\/wp-json\/wp\/v2\/types\/product"}],"wp:featuredmedia":[{"embeddable":true,"href":"https:\/\/ceoparts.com\/ru\/wp-json\/wp\/v2\/media\/11227"}],"wp:attachment":[{"href":"https:\/\/ceoparts.com\/ru\/wp-json\/wp\/v2\/media?parent=8173"}],"wp:term":[{"taxonomy":"product_brand","embeddable":true,"href":"https:\/\/ceoparts.com\/ru\/wp-json\/wp\/v2\/product_brand?post=8173"},{"taxonomy":"product_cat","embeddable":true,"href":"https:\/\/ceoparts.com\/ru\/wp-json\/wp\/v2\/product_cat?post=8173"},{"taxonomy":"product_tag","embeddable":true,"href":"https:\/\/ceoparts.com\/ru\/wp-json\/wp\/v2\/product_tag?post=8173"}],"curies":[{"name":"wp","href":"https:\/\/api.w.org\/{rel}","templated":true}]}}