{"id":20950,"date":"2026-02-09T16:09:38","date_gmt":"2026-02-09T13:09:38","guid":{"rendered":"https:\/\/ceoparts.com\/?page_id=20950"},"modified":"2026-02-10T09:21:10","modified_gmt":"2026-02-10T06:21:10","slug":"hakkimizda","status":"publish","type":"page","link":"https:\/\/ceoparts.com\/tr\/hakkimizda\/","title":{"rendered":"Hakk\u0131m\u0131zda"},"content":{"rendered":"<p>CEOPARTS, lojistik ve end\u00fcstriyel ta\u015f\u0131ma sekt\u00f6r\u00fcn\u00fcn kalbinde yer alan forkliftlerin; tekerler, mekanizmalar ve yedek par\u00e7a \u00e7\u00f6z\u00fcmleri sunan bir markad\u0131r.<br \/>\n15 y\u0131l\u0131 a\u015fan sekt\u00f6r tecr\u00fcbesiyle firmam\u0131z 2019 y\u0131l\u0131nda ba\u015flayan CEOPARTS, bug\u00fcn birden \u00e7ok lokasyonlu organizasyon yap\u0131s\u0131 ve yayg\u0131n bayi a\u011f\u0131yla T\u00fcrkiye genelinde hizmet vermektedir.<\/p>\n<ul>\n<li>\u00a0\u0130stanbul \/ Tuzla \/ Orhanl\u0131 Mahallesi\u2019nde faaliyet g\u00f6stermekte,<\/li>\n<li>Birden \u00e7ok lokasyonlu organizasyon yap\u0131s\u0131yla hizmet a\u011f\u0131n\u0131 her ge\u00e7en g\u00fcn geni\u015fletmekte,,<\/li>\n<li>5 b\u00f6lgede yer alan toplam 6 bayi a\u011f\u0131 ile T\u00fcrkiye\u2019nin her noktas\u0131na h\u0131zl\u0131 ve kesintisiz \u00e7\u00f6z\u00fcm ula\u015ft\u0131rmaktad\u0131r.<\/li>\n<\/ul>\n<p>Biz b\u00fcy\u00fcrken, sadece hacmimizi de\u011fil; hizmet kalitemizi, operasyon g\u00fcc\u00fcm\u00fcz\u00fc ve kurumsal duru\u015fumuzu b\u00fcy\u00fctt\u00fck.<\/p>\n<h3 style=\"text-align: center;\"><strong>Ne Yap\u0131yoruz?<\/strong><\/h3>\n<p>CEOPARTS olarak lojistik ve depo y\u00f6netiminin bel kemi\u011fini olu\u015fturan ekipmanlar i\u00e7in geni\u015f, g\u00fcvenilir ve s\u00fcrekli eri\u015filebilir bir \u00fcr\u00fcn portf\u00f6y\u00fc sunuyoruz.<br \/>\n<strong>Ba\u015fl\u0131ca \u00fcr\u00fcn gruplar\u0131m\u0131z:<\/strong><\/p>\n<ul>\n<li>Tekerler ve Mekanizmalar<\/li>\n<li>Transpalet Yedek Par\u00e7alar\u0131<\/li>\n<li>\u0130stif Makineleri Yedek Par\u00e7alar\u0131<\/li>\n<li>Forklift Yedek Par\u00e7alar\u0131<\/li>\n<li>Reach Truck Yedek Par\u00e7alar\u0131<\/li>\n<\/ul>\n<p>Depo, lojistik merkezleri, \u00fcretim tesisleri ve a\u011f\u0131r sanayi alanlar\u0131nda kullan\u0131lan forkliftlerin \u00a0kesintisiz \u00e7al\u0131\u015fmas\u0131n\u0131 sa\u011flamak, bizim i\u015fimizin \u00f6z\u00fcd\u00fcr.<\/p>\n<h3 style=\"text-align: center;\"><strong>Misyonumuz<\/strong><\/h3>\n<p>M\u00fc\u015fterilerimizin operasyonlar\u0131n\u0131 kesintisiz s\u00fcrd\u00fcrebilmesi i\u00e7in; y\u00fcksek kaliteli, teknik uyumlulu\u011fu do\u011fru, uzun \u00f6m\u00fcrl\u00fc yedek par\u00e7a \u00e7\u00f6z\u00fcmlerini <strong>do\u011fru zamanda, do\u011fru fiyatla ve s\u00fcrd\u00fcr\u00fclebilir hizmet anlay\u0131\u015f\u0131yla<\/strong> sunmak.Sadece \u00fcr\u00fcn tedarik eden bir firma de\u011fil; sahay\u0131 anlayan, ihtiyac\u0131 do\u011fru analiz eden ve \u00e7\u00f6z\u00fcm odakl\u0131 yakla\u015f\u0131m\u0131yla m\u00fc\u015fterilerinin i\u015f s\u00fcre\u00e7lerine ger\u00e7ek de\u011fer katan bir \u00e7\u00f6z\u00fcm orta\u011f\u0131 olmay\u0131 hedefliyoruz.G\u00fc\u00e7l\u00fc stok yap\u0131m\u0131z, uzman kadromuz ve yayg\u0131n hizmet a\u011f\u0131m\u0131zla lojistik ve end\u00fcstriyel ta\u015f\u0131ma sekt\u00f6r\u00fcnde g\u00fcvenilirli\u011fi standart haline getirmek temel misyonumuzdur.<\/p>\n<h3 style=\"text-align: center;\"><strong>Vizyonumuz<\/strong><\/h3>\n<p>T\u00fcrkiye\u2019de ve global pazarda; forklift ve end\u00fcstriyel yedek par\u00e7a denildi\u011finde ilk akla gelen, g\u00fcvenilirli\u011fiyle referans g\u00f6sterilen, operasyon g\u00fcc\u00fc y\u00fcksek ve s\u00fcrd\u00fcr\u00fclebilir b\u00fcy\u00fcme sa\u011flayan lider markalardan biri olmak.Teknolojiyi, kaliteyi ve saha tecr\u00fcbesini ayn\u0131 potada bulu\u015fturarak sekt\u00f6rde fark yaratan \u00e7\u00f6z\u00fcmler \u00fcretmek; i\u015f ortaklar\u0131m\u0131zla birlikte s\u00fcrekli geli\u015fen, yenilik\u00e7i ve g\u00fc\u00e7l\u00fc bir ekosistem olu\u015fturmak vizyonumuzun temelini olu\u015fturur.<\/p>\n<h3 style=\"text-align: center;\"><strong>\u00a0 \u00a0\u015eirket Politikam\u0131z\u00a0 \u00a0 \u00a0\u00a0<\/strong><\/h3>\n<p>\u2022 Kaliteden asla \u00f6d\u00fcn vermeden \u00e7al\u0131\u015fmak<br \/>\n\u2022 Do\u011fru \u00fcr\u00fcn\u00fc, do\u011fru ihtiyaca g\u00f6re sunmak<br \/>\n\u2022 Uzun vadeli, g\u00fcvene dayal\u0131 i\u015f birlikleri kurmak<br \/>\n\u2022 \u015eeffafl\u0131k ve d\u00fcr\u00fcstl\u00fc\u011f\u00fc t\u00fcm s\u00fcre\u00e7lerde esas almak<br \/>\n\u2022 M\u00fc\u015fteri memnuniyetini operasyonlar\u0131m\u0131z\u0131n merkezine koymak<br \/>\n\u2022 Uzman kadromuzla s\u00fcrekli geli\u015fimi desteklemek<br \/>\n\u2022 Stok g\u00fcc\u00fc ve h\u0131zl\u0131 tedarik avantaj\u0131yla kesintisiz \u00e7\u00f6z\u00fcm sa\u011flamak<br \/>\n\u2022 \u00c7evreye ve i\u015f sa\u011fl\u0131\u011f\u0131na duyarl\u0131 s\u00fcrd\u00fcr\u00fclebilir bir yap\u0131 olu\u015fturmak<\/p>\n<p>Her ge\u00e7en g\u00fcn b\u00fcy\u00fcyen organizasyon yap\u0131m\u0131zla sadece bug\u00fcn\u00fcn de\u011fil, yar\u0131n\u0131n ihtiya\u00e7lar\u0131n\u0131 da \u00f6ng\u00f6ren bir anlay\u0131\u015fla hareket ederiz.<\/p>\n<h3 style=\"text-align: center;\"><strong>Global Markalar &amp; Temsilcilikler<\/strong><\/h3>\n<p>CEOPARTS, d\u00fcnya \u00e7ap\u0131nda bilinirli\u011fi ve kalite standartlar\u0131yla \u00f6ne \u00e7\u0131kan bir\u00e7ok global markan\u0131n <strong>T\u00fcrkiye temsilcisi ve \u00e7\u00f6z\u00fcm orta\u011f\u0131d\u0131r<\/strong>.<\/p>\n<h5 style=\"text-align: left;\"><strong>Ba\u015fl\u0131ca i\u015f ortaklar\u0131m\u0131z:<\/strong><\/h5>\n<p>Stellana, Wicke, Tellure Rota, Vulkoprin, Blickle, Teleco Freni, Allbright, Norma, Grammer, Stabilus, Wanda, Rema, Fr\u00f6tek, Global Cables, Anderson Power ve di\u011ferleri.<br \/>\nBu g\u00fc\u00e7l\u00fc marka portf\u00f6y\u00fc sayesinde m\u00fc\u015fterilerimize kaliteden \u00f6d\u00fcn vermeden, do\u011fru \u00fcr\u00fcn\u00fc do\u011fru zamanda sunuyoruz.<\/p>\n<h3 style=\"text-align: center;\"><strong>Kalite Belgeleri &amp; Sertifikalar<\/strong><\/h3>\n<p>CEOPARTS, ulusal ve uluslararas\u0131 kalite standartlar\u0131na uygun \u015fekilde faaliyet g\u00f6stermektedir.<\/p>\n<ul>\n<li>ISO 9001 Kalite Y\u00f6netim Sistemi<\/li>\n<li>ISO 10002 M\u00fc\u015fteri Memnuniyeti Y\u00f6netim Sistemi<\/li>\n<li>ISO 14001 \u00c7evre Y\u00f6netim Sistemi<\/li>\n<li>ISO 45001 \u0130\u015f Sa\u011fl\u0131\u011f\u0131 ve G\u00fcvenli\u011fi<\/li>\n<\/ul>\n<p><strong><em>CEOPARTS YEDEK PAR\u00c7A<\/em><\/strong><br \/>\nG\u00fcvenilir Tekerler ve Yedek Par\u00e7alarla G\u00fc\u00e7l\u00fc Ad\u0131mlar.<\/p>\n<p><a href=\"http:\/\/ceoparts.com\/wp-content\/uploads\/2026\/02\/turkce-hakkimizda-scaled.jpg\"><img loading=\"lazy\" decoding=\"async\" class=\"alignnone wp-image-20982 size-full\" src=\"http:\/\/ceoparts.com\/wp-content\/uploads\/2026\/02\/turkce-hakkimizda-scaled.jpg\" alt=\"\" width=\"2560\" height=\"1040\" srcset=\"https:\/\/ceoparts.com\/wp-content\/uploads\/2026\/02\/turkce-hakkimizda-scaled.jpg 2560w, https:\/\/ceoparts.com\/wp-content\/uploads\/2026\/02\/turkce-hakkimizda-scaled-300x122.jpg 300w, https:\/\/ceoparts.com\/wp-content\/uploads\/2026\/02\/turkce-hakkimizda-scaled-1024x416.jpg 1024w, https:\/\/ceoparts.com\/wp-content\/uploads\/2026\/02\/turkce-hakkimizda-scaled-768x312.jpg 768w, https:\/\/ceoparts.com\/wp-content\/uploads\/2026\/02\/turkce-hakkimizda-scaled-1536x624.jpg 1536w, https:\/\/ceoparts.com\/wp-content\/uploads\/2026\/02\/turkce-hakkimizda-scaled-2048x832.jpg 2048w, https:\/\/ceoparts.com\/wp-content\/uploads\/2026\/02\/turkce-hakkimizda-scaled-1200x488.jpg 1200w, https:\/\/ceoparts.com\/wp-content\/uploads\/2026\/02\/turkce-hakkimizda-scaled-150x61.jpg 150w\" sizes=\"auto, (max-width: 2560px) 100vw, 2560px\" \/><\/a><\/p>\n","protected":false},"excerpt":{"rendered":"<p>CEOPARTS, lojistik ve end\u00fcstriyel ta\u015f\u0131ma sekt\u00f6r\u00fcn\u00fcn kalbinde yer alan forkliftlerin; tekerler, mekanizmalar ve yedek par\u00e7a \u00e7\u00f6z\u00fcmleri sunan bir markad\u0131r. 15<\/p>\n","protected":false},"author":256,"featured_media":0,"parent":0,"menu_order":0,"comment_status":"closed","ping_status":"closed","template":"","meta":{"footnotes":""},"class_list":["post-20950","page","type-page","status-publish","hentry"],"_links":{"self":[{"href":"https:\/\/ceoparts.com\/tr\/wp-json\/wp\/v2\/pages\/20950","targetHints":{"allow":["GET"]}}],"collection":[{"href":"https:\/\/ceoparts.com\/tr\/wp-json\/wp\/v2\/pages"}],"about":[{"href":"https:\/\/ceoparts.com\/tr\/wp-json\/wp\/v2\/types\/page"}],"author":[{"embeddable":true,"href":"https:\/\/ceoparts.com\/tr\/wp-json\/wp\/v2\/users\/256"}],"replies":[{"embeddable":true,"href":"https:\/\/ceoparts.com\/tr\/wp-json\/wp\/v2\/comments?post=20950"}],"version-history":[{"count":14,"href":"https:\/\/ceoparts.com\/tr\/wp-json\/wp\/v2\/pages\/20950\/revisions"}],"predecessor-version":[{"id":20983,"href":"https:\/\/ceoparts.com\/tr\/wp-json\/wp\/v2\/pages\/20950\/revisions\/20983"}],"wp:attachment":[{"href":"https:\/\/ceoparts.com\/tr\/wp-json\/wp\/v2\/media?parent=20950"}],"curies":[{"name":"wp","href":"https:\/\/api.w.org\/{rel}","templated":true}]}}