{"id":4839,"date":"2020-10-07T07:50:13","date_gmt":"2020-10-07T07:50:13","guid":{"rendered":"http:\/\/ceoparts.com\/quick-order\/"},"modified":"2024-09-03T05:58:43","modified_gmt":"2024-09-03T02:58:43","slug":"hizli-siparis","status":"publish","type":"page","link":"https:\/\/ceoparts.com\/tr\/hizli-siparis\/","title":{"rendered":"H\u0131zl\u0131 Sipari\u015f"},"content":{"rendered":"<p style=\"text-align: center;\">\n<div id=\"content-wrapper\">\n\n\t\t<div id=\"wk_right_column\">\n\t\t\n\t\t<div class=\"wk_quick_order_box\">\n\n\t\t\t<form method=\"post\" action=\"\" enctype=\"multipart\/form-data\" id=\"uploadForm\">\n\t\n\t\t\t\t<input type=\"hidden\" id=\"quick_order_csvnonce_field\" name=\"quick_order_csvnonce_field\" value=\"567c80d783\" \/><input type=\"hidden\" name=\"_wp_http_referer\" value=\"\/tr\/wp-json\/wp\/v2\/pages\/4839\" \/>\t\t\t\n\t\t\t\t<div class=\"product-customization\">\n\t\t\t\t\t<div class=\"clearfix\">\n\t\t\t\t\t\t<div class=\"col-md-6\">\n\t\t\t\t\t\t\t<h3 class=\"h4 card-title\">Sipari\u015finizi y\u00fckleyin\n<\/h3>\n\t\t\t\t\t\t\tBilgisayar\u0131n\u0131zdan notepad (txt) dosyas\u0131 y\u00fckleyerek sipari\u015f verebilirsiniz.\n\n\n\n\t\t\t\t\t\t<\/div>\n\t\t\t\t\t\t<div class=\"wk_get_direction_button_div float-xs-right col-md-6\">\n\t\t\t\t\t\t\t<button type=\"button\" class=\"wk_quick_order_direction\" data-modal-trigger=\"quick-modal\">\n\t\t\t\t\t\t\tNas\u0131l \u00c7al\u0131\u015f\u0131r\t\t\t\t\t\t\t<\/button>\n\t\t\t\t\t\t<\/div>\n\t\t\t\t\t<\/div>\n\t\t\t\t\t\t<span class=\"custom-file\">\n\t\t\t\t\t\t\t<span class=\"js-file-name\">Se\u00e7ili dosya yok\n<\/span>\n\t\t\t\t\t\t\t\t<input class=\"file-input js-file-input\" required=\"\" type=\"file\" name=\"wk_quick_order_file\" id=\"wk_quick_order_file\">\n\t\t\t\t\t\t\t\t<button class=\"btn btn-primary\">Dosya se\u00e7in\n<\/button>\n\t\t\t\t\t\t\t<\/span>\n\t\t\t\t\t\t\t<button class=\"btn btn-primary\" type=\"submit\" name=\"submitCustomizedData\">y\u00fckle<\/button>\n\t\t\t\t\t\t\n\t\t\t\t\t<div class=\"wk_quick_order_error\"><\/div>\n\t\t\t\t<\/div>\n\t\t\t<\/form>\n\t\t\t<div class=\"quick-modal\" id=\"quick-modal\"> \n\t\t\t\t<div class=\"quick-modal-content\">\n\t\t\t\t\t<div class=\"quick-modal-header\">\n\t\t\t\t\t\t<button type=\"button\" class=\"close\"> \n\t\t\t\t\t\t<\/button>\n\t\t\t\t\t\t<h3 class=\"quick-modal-title\" id=\"examplequick-modalLongTitle\">Siparis.txt Dosyas\u0131n\u0131 \u0130\u00e7e Aktar\n<\/h3>\n\t\t\t\t\t<\/div>\n\t\t\t\t\t<div class=\"quick-modal-body\">\n\t\t\t\t\t\t<div>Bir .txt dosyas\u0131 (Notepad) kullanarak birden \u00e7ok \u00fcr\u00fcn\u00fc i\u00e7e aktarmak i\u00e7in a\u015fa\u011f\u0131daki ad\u0131mlar\u0131 izleyin. \u0130ndirmek i\u00e7in buraya t\u0131klay\u0131n\n <\/div>\n\t\t\t\t\t\t<ul id=\"wk_file_type_info_ul\">\n\t\t\t\t\t\t\t<li>\n\t\t\t\t\t\t\t\t<a href=\"https:\/\/ceoparts.com\/wp-content\/plugins\/woo-quick-order\/inc\/quick-order.csv\">\n\t\t\t\t\t\t\t\t\t<span>\u00d6rnek txt Dosyas\u0131\n<\/span>\n\t\t\t\t\t\t\t\t<\/a>\n\t\t\t\t\t\t\t<\/li>\n\t\t\t\t\t\t<\/ul>\n\t\t\t\t\t\t<h3>Nas\u0131l \u00c7al\u0131\u015f\u0131yor<\/h3>\n\t\t\t\t\t\t<ul id=\"wk_file_type_info_ul\" style=\"list-style-type:disc; padding-left:10px;\">\n\t\t\t\t\t\t\t<li>\n\t\t\t\t\t\t\tA S\u00fctununa \u00dcr\u00fcn Kimli\u011fini \/ SKU&#039;yu girin\n\t\t\t\t\t\t\t<\/li>\n\t\t\t\t\t\t\t<li>\n\t\t\t\t\t\t\tStok kodunun sonuna , virg\u00fcl koyup gerekli miktar\u0131 giriniz.\t\t\t\t\t\t\t<\/li>\n\t\t\t\t\t\t\t<li>\n\t\t\t\t\t\t\tDosyan\u0131z\u0131 isterseniz txt uzant\u0131l\u0131 olarak da y\u00fckleyebilirsiniz. \u00d6rne\u011fin stok kodu 471.12  nolu bir \u00fcr\u00fcnden 5 adet al\u0131nacaksa 471.12,5 \u015feklinde girilmelidir.\t\t\t\t\t\t\t<\/li>\n\t\t\t\t\t\t<\/ul> \n\t\t\t\t\t<\/div>\n\t\t\t\t<\/div> \n\t\t\t<\/div>\n\t\t<\/div>\n\t<\/div>\n\n\t<\/div>\n","protected":false},"excerpt":{"rendered":"Sipari\u015finizi y\u00fckleyin Bilgisayar\u0131n\u0131zdan notepad (txt) dosyas\u0131 y\u00fckleyerek sipari\u015f verebilirsiniz. Nas\u0131l \u00c7al\u0131\u015f\u0131r Se\u00e7ili dosya yok Dosya se\u00e7in y\u00fckle Siparis.txt Dosyas\u0131n\u0131 \u0130\u00e7e","protected":false},"author":1,"featured_media":0,"parent":0,"menu_order":0,"comment_status":"closed","ping_status":"closed","template":"","meta":{"footnotes":""},"class_list":["post-4839","page","type-page","status-publish","hentry"],"_links":{"self":[{"href":"https:\/\/ceoparts.com\/tr\/wp-json\/wp\/v2\/pages\/4839","targetHints":{"allow":["GET"]}}],"collection":[{"href":"https:\/\/ceoparts.com\/tr\/wp-json\/wp\/v2\/pages"}],"about":[{"href":"https:\/\/ceoparts.com\/tr\/wp-json\/wp\/v2\/types\/page"}],"author":[{"embeddable":true,"href":"https:\/\/ceoparts.com\/tr\/wp-json\/wp\/v2\/users\/1"}],"replies":[{"embeddable":true,"href":"https:\/\/ceoparts.com\/tr\/wp-json\/wp\/v2\/comments?post=4839"}],"version-history":[{"count":8,"href":"https:\/\/ceoparts.com\/tr\/wp-json\/wp\/v2\/pages\/4839\/revisions"}],"predecessor-version":[{"id":8514,"href":"https:\/\/ceoparts.com\/tr\/wp-json\/wp\/v2\/pages\/4839\/revisions\/8514"}],"wp:attachment":[{"href":"https:\/\/ceoparts.com\/tr\/wp-json\/wp\/v2\/media?parent=4839"}],"curies":[{"name":"wp","href":"https:\/\/api.w.org\/{rel}","templated":true}]}}