{"id":7907,"date":"2020-10-28T06:32:57","date_gmt":"2020-10-28T03:32:57","guid":{"rendered":"https:\/\/ceoparts.com\/?page_id=7907"},"modified":"2024-08-17T00:25:47","modified_gmt":"2024-08-16T21:25:47","slug":"odeme-ve-teslimat","status":"publish","type":"page","link":"https:\/\/ceoparts.com\/tr\/odeme-ve-teslimat\/","title":{"rendered":"\u00d6deme ve Teslimat"},"content":{"rendered":"<p><span style=\"font-size: medium;\">1) Banka Havalesi veya EFT (Elektronik Fon Transferi) yaparak<\/span><\/p>\n<p><span style=\"font-size: medium;\">Garanti Bankas\u0131 ve Halk bankas\u0131 hesaplar\u0131m\u0131zdan TL,EURO,DOLAR herhangi birine yapabilirsiniz<\/span><\/p>\n<p><strong><span style=\"font-size: medium;\">2) Sitemiz \u00fczerinden kredi kartlar\u0131n\u0131z ile<\/span><\/strong><\/p>\n<p><span style=\"font-size: medium;\">Her t\u00fcrl\u00fc kredi kart\u0131n\u0131za online tek \u00f6deme ya da online taksit imk\u00e2nlar\u0131m\u0131zdan yararlanabilirsiniz. Online \u00f6demelerinizde sipari\u015finiz sonunda kredi kart\u0131n\u0131zdan tutar \u00e7ekim i\u015flemi ger\u00e7ekle\u015fecektir. Muhtemel sipari\u015f iptali veya stok sorunlar\u0131 nedeniyle sipari\u015f iptallerinde kredi kart\u0131n\u0131za para iadesi bankalar\u0131n prosed\u00fcrlerine g\u00f6re de\u011fi\u015fmektedir.<\/span><\/p>\n<p><strong><span style=\"font-size: medium;\">3) Sipari\u015f Bedeli \u0130adesi<\/span><\/strong><\/p>\n<p><span style=\"font-size: medium;\">Sipari\u015flerinizin olas\u0131 sebeplerle iptali durumunda; Ceoparts Makine Yedek Par\u00e7a A.\u015e yedi i\u015f g\u00fcn\u00fc i\u00e7erisinde \u00fcr\u00fcn bedelini hesab\u0131n\u0131za ve\/veya kredi kart\u0131n\u0131za iade eder. Ancak, banka hesap bilgilerinizi ve\/veya kredi kart\u0131 bilgilerinizi do\u011fru ve eksiksiz olarak \u015firketimiz finans yetkililerine bildirmeniz gerekmektedir.<\/span><\/p>\n<p><strong><span style=\"font-size: medium;\">4) Teslimat<\/span><\/strong><\/p>\n<p><span style=\"font-size: medium;\">Sipari\u015f etmi\u015f oldu\u011funuz \u00fcr\u00fcnleri ayn\u0131 g\u00fcn kargoya teslim etmeye gayret ediyoruz. Temini zaman alan \u00fcr\u00fcnler i\u00e7in kargo teslim s\u00fcresi \u00fcr\u00fcn detay\u0131nda belirtildi\u011fi gibi 3 i\u015f g\u00fcn\u00fcd\u00fcr. Gecikmesi muhtemel teslimat durumunda size bilgi verilecektir.<\/span><\/p>\n<p><span style=\"font-size: medium;\">\u00dcr\u00fcn teslimat\u0131n\u0131n aksamadan ger\u00e7ekle\u015ftirilebilmesi i\u00e7in l\u00fctfen g\u00fcn i\u00e7inde bulundu\u011funuz yerin adresini teslimat adresi olarak bildiriniz.<\/span><\/p>\n<p><span style=\"font-size: medium;\">Talepleriniz sipari\u015f sonunda belirlemi\u015f oldu\u011funuz teslimat tipine g\u00f6re haz\u0131rlanmak \u00fczere i\u015fleme al\u0131nacakt\u0131r. \u0130stanbul merkezli \u015firketimizden \u00fcr\u00fcnler MNG kargo firmas\u0131yla g\u00f6nderilecektir. Sipari\u015fleriniz onayland\u0131ktan sonra en ge\u00e7 2 (iki) i\u015f g\u00fcn\u00fc sonunda Kargo firmas\u0131na teslim edilir.<\/span><\/p>\n<p><span style=\"font-size: medium;\">M\u00fc\u015fteri temsilcimize dan\u0131\u015farak de\u011fi\u015fik teslimat \u015fartlar\u0131 konusunda g\u00f6r\u00fc\u015febilirsiniz. Ayr\u0131ca kargo teslimatlar\u0131 sadece T\u00fcrkiye i\u00e7in ge\u00e7erlidir<\/span><\/p>\n<p><strong><span style=\"font-size: medium;\">5) \u00d6deme Takibi<\/span><\/strong><\/p>\n<p><span style=\"font-size: medium;\">S\u00f6z konusu sistem herhangi bir sorun nedeni ile i\u015flemi ger\u00e7ekle\u015ftiremiyorsa \u00f6deme sayfas\u0131 sonucunda ziyaret\u00e7imiz bu durumdan haberdar edilmektedir.<\/span><\/p>\n<p><span style=\"font-size: medium;\">Belirtilen adreste herhangi bir hata durumunda teslimat\u0131 ger\u00e7ekle\u015femeyen sipari\u015f ile ilgili olarak sipari\u015fi veren ile ba\u011flant\u0131 kurulmaktad\u0131r.<\/span><\/p>\n<p><span style=\"font-size: medium;\">Ziyaret\u00e7imiz taraf\u0131ndan belirtilen e-posta adresinin ge\u00e7erlili\u011fi sipari\u015fin aktar\u0131lmas\u0131n\u0131 takiben g\u00f6nderilen otomatik e-posta ile teyit edilmektedir.<\/span><\/p>\n<p><span style=\"font-size: medium;\">Teslimat\u0131n ger\u00e7ekle\u015fmesi konusunda m\u00fc\u015fteri kadar kredi kart\u0131 sistemini kulland\u0131\u011f\u0131m\u0131z bankaya kar\u015f\u0131 da sorumlulu\u011fumuz s\u00f6z konusudur.<\/span><\/p>\n<p><span style=\"font-size: medium;\"><b>L\u00fctfen dikkat ediniz!<\/b><\/span><\/p>\n<p><span style=\"font-size: medium;\">Sevkiyat s\u0131ras\u0131nda zarar g\u00f6rd\u00fc\u011f\u00fcn\u00fc d\u00fc\u015f\u00fcnd\u00fc\u011f\u00fcn\u00fcz paketleri, teslim ald\u0131\u011f\u0131n\u0131z firma yetkilisi \u00f6n\u00fcnde a\u00e7\u0131p kontrol ediniz. E\u011fer \u00fcr\u00fcnde herhangi bir zarar oldu\u011funu d\u00fc\u015f\u00fcn\u00fcyorsan\u0131z kargo firmas\u0131na tutanak tutturularak \u00fcr\u00fcn\u00fc teslim almay\u0131n\u0131z.<\/span><\/p>\n<p><span style=\"font-size: medium;\">\u00dcr\u00fcn teslim al\u0131nd\u0131ktan sonra kargo firmas\u0131n\u0131n g\u00f6revini tam olarak yerine getirdi\u011fi kabul edilmektedir.<\/span><\/p>\n<p><span style=\"font-size: medium;\">\u00dcr\u00fcn hasarl\u0131 ise: Haz\u0131rlam\u0131\u015f oldu\u011funuz tutana\u011f\u0131 en k\u0131sa zamanda <strong>0216 394 16 37<\/strong> numaral\u0131 fax\u2019a g\u00f6nderin veya durumu<strong> info@ceoparts.com<\/strong> mail adresine bildiriniz.<\/span><\/p>\n<p><span style=\"font-size: medium;\">Bu i\u015flemleri ger\u00e7ekle\u015ftirdi\u011finiz takdirde paketinizle ilgili \u00e7al\u0131\u015fmalara ba\u015flayarak, en k\u0131sa zamanda teslimat\u0131n tekrarlanmas\u0131n\u0131 sa\u011flayaca\u011f\u0131z.<\/span><\/p>\n","protected":false},"excerpt":{"rendered":"<p>1) Banka Havalesi veya EFT (Elektronik Fon Transferi) yaparak Garanti Bankas\u0131 ve Halk bankas\u0131 hesaplar\u0131m\u0131zdan TL,EURO,DOLAR herhangi birine yapabilirsiniz 2)<\/p>\n","protected":false},"author":1,"featured_media":0,"parent":0,"menu_order":0,"comment_status":"closed","ping_status":"closed","template":"","meta":{"footnotes":""},"class_list":["post-7907","page","type-page","status-publish","hentry"],"_links":{"self":[{"href":"https:\/\/ceoparts.com\/tr\/wp-json\/wp\/v2\/pages\/7907","targetHints":{"allow":["GET"]}}],"collection":[{"href":"https:\/\/ceoparts.com\/tr\/wp-json\/wp\/v2\/pages"}],"about":[{"href":"https:\/\/ceoparts.com\/tr\/wp-json\/wp\/v2\/types\/page"}],"author":[{"embeddable":true,"href":"https:\/\/ceoparts.com\/tr\/wp-json\/wp\/v2\/users\/1"}],"replies":[{"embeddable":true,"href":"https:\/\/ceoparts.com\/tr\/wp-json\/wp\/v2\/comments?post=7907"}],"version-history":[{"count":4,"href":"https:\/\/ceoparts.com\/tr\/wp-json\/wp\/v2\/pages\/7907\/revisions"}],"predecessor-version":[{"id":9422,"href":"https:\/\/ceoparts.com\/tr\/wp-json\/wp\/v2\/pages\/7907\/revisions\/9422"}],"wp:attachment":[{"href":"https:\/\/ceoparts.com\/tr\/wp-json\/wp\/v2\/media?parent=7907"}],"curies":[{"name":"wp","href":"https:\/\/api.w.org\/{rel}","templated":true}]}}