{"id":10204,"date":"2024-09-12T14:08:13","date_gmt":"2024-09-12T11:08:13","guid":{"rendered":"https:\/\/ceoparts.com\/?post_type=product&#038;p=10204"},"modified":"2026-05-16T13:08:27","modified_gmt":"2026-05-16T10:08:27","slug":"85x65-70-17-wicke-yuk-tekeri","status":"publish","type":"product","link":"https:\/\/ceoparts.com\/tr\/urun\/85x65-70-17-wicke-yuk-tekeri\/","title":{"rendered":"85&#215;66\/70-17 Wicke Y\u00fck Tekeri &#8211; 1531785 , 580038706"},"content":{"rendered":"<p>85&#215;66\/70-17 Wicke Y\u00fck Tekeri &#8211; 1531785 , 580038706<\/p>\n<p>Yale 580038706<\/p>\n<p>Hyster 1531785<\/p>\n<p>85&#215;66\/70-17<\/p>","protected":false},"excerpt":{"rendered":"<p data-start=\"113\" data-end=\"636\"><br data-start=\"118\" data-end=\"121\" \/><strong data-start=\"121\" data-end=\"153\">85\u00d766\/70-17 Wicke Y\u00fck Tekeri<\/strong>, forklift ve i\u015f makineleri i\u00e7in y\u00fcksek dayan\u0131kl\u0131l\u0131k ve performans sunan \u00f6zel bir y\u00fck tekeridir. 85 mm geni\u015fli\u011fi, 66-70 mm aras\u0131 \u00e7ap\u0131yla, makinenizin stabil hareketini sa\u011flar ve a\u011f\u0131r y\u00fcklerin g\u00fcvenli ta\u015f\u0131nmas\u0131na olanak tan\u0131r. Wicke markas\u0131n\u0131n kaliteli kau\u00e7uk malzemesi sayesinde y\u00fcksek a\u015f\u0131nma direnci ve uzun \u00f6m\u00fcrl\u00fc kullan\u0131m garantisi verir. Kau\u00e7uk d\u0131\u015f y\u00fczey titre\u015fimleri azaltarak operat\u00f6r konforunu art\u0131r\u0131r. Montaj\u0131 kolayd\u0131r ve dayan\u0131kl\u0131 metal g\u00f6vdesi ile i\u015f verimlili\u011fini art\u0131r\u0131r.<\/p>\n<p data-start=\"638\" data-end=\"953\"><strong data-start=\"638\" data-end=\"652\">\u00d6zellikler<\/strong><br data-start=\"652\" data-end=\"655\" \/><strong data-start=\"655\" data-end=\"668\">\u00dcr\u00fcn Ad\u0131:<\/strong> Wicke Y\u00fck Tekeri<br data-start=\"685\" data-end=\"688\" \/><strong data-start=\"688\" data-end=\"706\">Par\u00e7a Kodlar\u0131:<\/strong> 1531785, 580038706<br data-start=\"725\" data-end=\"728\" \/><strong data-start=\"728\" data-end=\"738\">Boyut:<\/strong> 85\u00d766\/70-17<br data-start=\"750\" data-end=\"753\" \/><strong data-start=\"753\" data-end=\"765\">Malzeme:<\/strong> Dayan\u0131kl\u0131 kau\u00e7uk, metal g\u00f6vde<br data-start=\"795\" data-end=\"798\" \/><strong data-start=\"798\" data-end=\"817\">Kullan\u0131m Alan\u0131:<\/strong> Forklift ve i\u015f makineleri y\u00fck ta\u015f\u0131ma sistemi<br data-start=\"862\" data-end=\"865\" \/><strong data-start=\"865\" data-end=\"877\">Avantaj:<\/strong> Y\u00fcksek dayan\u0131kl\u0131l\u0131k, titre\u015fim azaltma, uzun \u00f6m\u00fcr, kolay montaj, stabilite<\/p>\n<p data-start=\"955\" data-end=\"1494\">\n","protected":false},"featured_media":15979,"template":"","meta":[],"product_brand":[],"product_cat":[401,402,256,259,400],"product_tag":[],"class_list":{"0":"post-10204","1":"product","2":"type-product","3":"status-publish","4":"has-post-thumbnail","6":"product_cat-wicke","7":"product_cat-catal-tekeri-wicke","8":"product_cat-hyster","9":"product_cat-catal-tekeri-hyster","10":"product_cat-catal-tekeri","12":"first","13":"instock","14":"taxable","15":"shipping-taxable","16":"purchasable","17":"product-type-simple"},"_links":{"self":[{"href":"https:\/\/ceoparts.com\/tr\/wp-json\/wp\/v2\/product\/10204","targetHints":{"allow":["GET"]}}],"collection":[{"href":"https:\/\/ceoparts.com\/tr\/wp-json\/wp\/v2\/product"}],"about":[{"href":"https:\/\/ceoparts.com\/tr\/wp-json\/wp\/v2\/types\/product"}],"wp:featuredmedia":[{"embeddable":true,"href":"https:\/\/ceoparts.com\/tr\/wp-json\/wp\/v2\/media\/15979"}],"wp:attachment":[{"href":"https:\/\/ceoparts.com\/tr\/wp-json\/wp\/v2\/media?parent=10204"}],"wp:term":[{"taxonomy":"product_brand","embeddable":true,"href":"https:\/\/ceoparts.com\/tr\/wp-json\/wp\/v2\/product_brand?post=10204"},{"taxonomy":"product_cat","embeddable":true,"href":"https:\/\/ceoparts.com\/tr\/wp-json\/wp\/v2\/product_cat?post=10204"},{"taxonomy":"product_tag","embeddable":true,"href":"https:\/\/ceoparts.com\/tr\/wp-json\/wp\/v2\/product_tag?post=10204"}],"curies":[{"name":"wp","href":"https:\/\/api.w.org\/{rel}","templated":true}]}}