{"id":10214,"date":"2024-09-12T14:56:53","date_gmt":"2024-09-12T11:56:53","guid":{"rendered":"https:\/\/ceoparts.com\/?post_type=product&#038;p=10214"},"modified":"2026-05-16T15:04:41","modified_gmt":"2026-05-16T12:04:41","slug":"85x90-83-20-wicke-yuk-tekeri","status":"publish","type":"product","link":"https:\/\/ceoparts.com\/tr\/urun\/85x90-83-20-wicke-yuk-tekeri\/","title":{"rendered":"85&#215;90\/83-20 Wicke Y\u00fck Tekeri &#8211; 0009903545"},"content":{"rendered":"<p>85&#215;90\/83-20 Wicke Y\u00fck Tekeri &#8211; 0009903545<\/p>","protected":false},"excerpt":{"rendered":"<p data-start=\"105\" data-end=\"594\"><br data-start=\"110\" data-end=\"113\" \/><strong data-start=\"113\" data-end=\"145\">85\u00d790\/83-20 Wicke Y\u00fck Tekeri<\/strong>, forklift ve i\u015f makineleri i\u00e7in tasarlanm\u0131\u015f dayan\u0131kl\u0131 ve y\u00fcksek performansl\u0131 bir y\u00fck tekeridir. 85 mm geni\u015fli\u011fi ve 90 mm \u00e7ap\u0131 ile, 83 mm montaj geni\u015fli\u011fi sayesinde makinenizin dengeli ve g\u00fcvenli hareketini sa\u011flar. Wicke kalitesiyle \u00fcretilmi\u015f kau\u00e7uk d\u0131\u015f y\u00fczeyi, y\u00fcksek a\u015f\u0131nma direnci ve titre\u015fim azaltma \u00f6zelli\u011fi sunar. Sa\u011flam metal g\u00f6vdesi, uzun \u00f6m\u00fcrl\u00fc kullan\u0131m i\u00e7in ekstra dayan\u0131kl\u0131l\u0131k sa\u011flar. Kolay montaj avantaj\u0131 ile i\u015f verimlili\u011finizi art\u0131r\u0131r.<\/p>\n<p data-start=\"596\" data-end=\"900\"><strong data-start=\"596\" data-end=\"610\">\u00d6zellikler<\/strong><br data-start=\"610\" data-end=\"613\" \/><strong data-start=\"613\" data-end=\"626\">\u00dcr\u00fcn Ad\u0131:<\/strong> Wicke Y\u00fck Tekeri<br data-start=\"643\" data-end=\"646\" \/><strong data-start=\"646\" data-end=\"661\">Par\u00e7a Kodu:<\/strong> 0009903545<br data-start=\"672\" data-end=\"675\" \/><strong data-start=\"675\" data-end=\"685\">Boyut:<\/strong> 85\u00d790\/83-20<br data-start=\"697\" data-end=\"700\" \/><strong data-start=\"700\" data-end=\"712\">Malzeme:<\/strong> Dayan\u0131kl\u0131 kau\u00e7uk, metal g\u00f6vde<br data-start=\"742\" data-end=\"745\" \/><strong data-start=\"745\" data-end=\"764\">Kullan\u0131m Alan\u0131:<\/strong> Forklift ve i\u015f makineleri y\u00fck ta\u015f\u0131ma sistemi<br data-start=\"809\" data-end=\"812\" \/><strong data-start=\"812\" data-end=\"824\">Avantaj:<\/strong> Y\u00fcksek dayan\u0131kl\u0131l\u0131k, titre\u015fim azaltma, uzun \u00f6m\u00fcr, kolay montaj, stabilite<\/p>\n<p data-start=\"902\" data-end=\"1388\">\n","protected":false},"featured_media":15512,"template":"","meta":[],"product_brand":[],"product_cat":[400,402],"product_tag":[],"class_list":{"0":"post-10214","1":"product","2":"type-product","3":"status-publish","4":"has-post-thumbnail","6":"product_cat-catal-tekeri","7":"product_cat-catal-tekeri-wicke","9":"first","10":"instock","11":"taxable","12":"shipping-taxable","13":"purchasable","14":"product-type-simple"},"_links":{"self":[{"href":"https:\/\/ceoparts.com\/tr\/wp-json\/wp\/v2\/product\/10214","targetHints":{"allow":["GET"]}}],"collection":[{"href":"https:\/\/ceoparts.com\/tr\/wp-json\/wp\/v2\/product"}],"about":[{"href":"https:\/\/ceoparts.com\/tr\/wp-json\/wp\/v2\/types\/product"}],"wp:featuredmedia":[{"embeddable":true,"href":"https:\/\/ceoparts.com\/tr\/wp-json\/wp\/v2\/media\/15512"}],"wp:attachment":[{"href":"https:\/\/ceoparts.com\/tr\/wp-json\/wp\/v2\/media?parent=10214"}],"wp:term":[{"taxonomy":"product_brand","embeddable":true,"href":"https:\/\/ceoparts.com\/tr\/wp-json\/wp\/v2\/product_brand?post=10214"},{"taxonomy":"product_cat","embeddable":true,"href":"https:\/\/ceoparts.com\/tr\/wp-json\/wp\/v2\/product_cat?post=10214"},{"taxonomy":"product_tag","embeddable":true,"href":"https:\/\/ceoparts.com\/tr\/wp-json\/wp\/v2\/product_tag?post=10214"}],"curies":[{"name":"wp","href":"https:\/\/api.w.org\/{rel}","templated":true}]}}