{"id":10232,"date":"2024-09-12T16:58:48","date_gmt":"2024-09-12T13:58:48","guid":{"rendered":"https:\/\/ceoparts.com\/?post_type=product&#038;p=10232"},"modified":"2026-05-16T14:01:05","modified_gmt":"2026-05-16T11:01:05","slug":"bt-lwe-catal-mekanizmasi-takim-tekli","status":"publish","type":"product","link":"https:\/\/ceoparts.com\/tr\/urun\/bt-lwe-catal-mekanizmasi-takim-tekli\/","title":{"rendered":"BT Toyota LWE\/SWE \u00c7atal Mekanizmas\u0131 Tekli &#8211; 130685"},"content":{"rendered":"<p>BT Toyota LWE\/SWE \u00c7atal Mekanizmas\u0131 Tekli &#8211; 130685<\/p>\n<ul>\n<li>BT L2000, L23, L2300, LHM230<\/li>\n<li>Toyota HT23<\/li>\n<\/ul>","protected":false},"excerpt":{"rendered":"<p data-start=\"110\" data-end=\"604\"><br data-start=\"115\" data-end=\"118\" \/><strong data-start=\"118\" data-end=\"159\">BT Toyota LWE\/SWE \u00c7atal Mekanizmas\u0131 Tekli<\/strong>, forklift ve i\u015f makinelerinde kullan\u0131lan y\u00fcksek kaliteli bir \u00e7atal mekanizmas\u0131d\u0131r. Bu mekanizma, forklift \u00e7atallar\u0131n\u0131n hareketini kontrol ederek y\u00fcklerin g\u00fcvenli ve hassas bir \u015fekilde ta\u015f\u0131nmas\u0131n\u0131 sa\u011flar. Dayan\u0131kl\u0131 malzemeden \u00fcretilmi\u015f olup, uzun \u00f6m\u00fcrl\u00fc ve y\u00fcksek performans sunar. BT Toyota LWE modeline \u00f6zel olarak tasarlanm\u0131\u015ft\u0131r ve kolay montaj imkan\u0131yla i\u015f verimlili\u011fini art\u0131r\u0131r. Tekli yap\u0131s\u0131, bak\u0131m ve de\u011fi\u015fim s\u00fcre\u00e7lerinde pratiklik sa\u011flar.<\/p>\n<p data-start=\"606\" data-end=\"885\"><strong data-start=\"606\" data-end=\"620\">\u00d6zellikler<\/strong><br data-start=\"620\" data-end=\"623\" \/><strong data-start=\"623\" data-end=\"636\">\u00dcr\u00fcn Ad\u0131:<\/strong> BT Toyota LWE\/SWE \u00c7atal Mekanizmas\u0131 Tekli<br data-start=\"674\" data-end=\"677\" \/><strong data-start=\"677\" data-end=\"692\">Par\u00e7a Kodu:<\/strong> 130685<br data-start=\"699\" data-end=\"702\" \/><strong data-start=\"702\" data-end=\"714\">Malzeme:<\/strong> Y\u00fcksek dayan\u0131ml\u0131 metal ala\u015f\u0131m\u0131<br data-start=\"745\" data-end=\"748\" \/><strong data-start=\"748\" data-end=\"767\">Kullan\u0131m Alan\u0131:<\/strong> Forklift \u00e7atallar\u0131 hareket kontrol\u00fc<br data-start=\"803\" data-end=\"806\" \/><strong data-start=\"806\" data-end=\"818\">Avantaj:<\/strong> Uzun \u00f6m\u00fcrl\u00fc, y\u00fcksek performans, kolay montaj, g\u00fcvenli y\u00fck ta\u015f\u0131ma<\/p>\n<p data-start=\"887\" data-end=\"1366\">\n","protected":false},"featured_media":10251,"template":"","meta":[],"product_brand":[],"product_cat":[251,406,407,521,531],"product_tag":[],"class_list":{"0":"post-10232","1":"product","2":"type-product","3":"status-publish","4":"has-post-thumbnail","6":"product_cat-bt","7":"product_cat-catal-mekanizma","8":"product_cat-bt-catal-mekanizmalari","9":"product_cat-toyota","10":"product_cat-mekanizmalar-toyota","12":"first","13":"instock","14":"taxable","15":"shipping-taxable","16":"purchasable","17":"product-type-simple"},"_links":{"self":[{"href":"https:\/\/ceoparts.com\/tr\/wp-json\/wp\/v2\/product\/10232","targetHints":{"allow":["GET"]}}],"collection":[{"href":"https:\/\/ceoparts.com\/tr\/wp-json\/wp\/v2\/product"}],"about":[{"href":"https:\/\/ceoparts.com\/tr\/wp-json\/wp\/v2\/types\/product"}],"wp:featuredmedia":[{"embeddable":true,"href":"https:\/\/ceoparts.com\/tr\/wp-json\/wp\/v2\/media\/10251"}],"wp:attachment":[{"href":"https:\/\/ceoparts.com\/tr\/wp-json\/wp\/v2\/media?parent=10232"}],"wp:term":[{"taxonomy":"product_brand","embeddable":true,"href":"https:\/\/ceoparts.com\/tr\/wp-json\/wp\/v2\/product_brand?post=10232"},{"taxonomy":"product_cat","embeddable":true,"href":"https:\/\/ceoparts.com\/tr\/wp-json\/wp\/v2\/product_cat?post=10232"},{"taxonomy":"product_tag","embeddable":true,"href":"https:\/\/ceoparts.com\/tr\/wp-json\/wp\/v2\/product_tag?post=10232"}],"curies":[{"name":"wp","href":"https:\/\/api.w.org\/{rel}","templated":true}]}}