{"id":10250,"date":"2024-09-12T17:10:38","date_gmt":"2024-09-12T14:10:38","guid":{"rendered":"https:\/\/ceoparts.com\/?post_type=product&#038;p=10250"},"modified":"2026-05-16T18:40:12","modified_gmt":"2026-05-16T15:40:12","slug":"bt-lwe-catal-mekanizmasi-takim-ciftli","status":"publish","type":"product","link":"https:\/\/ceoparts.com\/tr\/urun\/bt-lwe-catal-mekanizmasi-takim-ciftli\/","title":{"rendered":"BT Toyota LWE\/SWE \u00c7atal Mekanizmas\u0131 \u00c7iftli &#8211; 130685 , 179206"},"content":{"rendered":"<p>BT Toyota LWE\/SWE \u00c7atal Mekanizmas\u0131 \u00c7iftli &#8211; 130685 , 179206<\/p>\n<ul>\n<li>BT Toyota L2000<\/li>\n<li>BT Toyota L23<\/li>\n<li>BT Toyota LHM230<\/li>\n<li>BT Toyota LWE130<\/li>\n<li>BT Toyota LWE140<\/li>\n<li>BT Toyota LWE160<\/li>\n<li>BT Toyota OEC2300<\/li>\n<\/ul>","protected":false},"excerpt":{"rendered":"<p data-start=\"119\" data-end=\"597\"><br data-start=\"124\" data-end=\"127\" \/><strong data-start=\"127\" data-end=\"169\">BT Toyota LWE,SWE \u00c7atal Mekanizmas\u0131 \u00c7iftli<\/strong>, forklift ve i\u015f makinelerinde kullan\u0131lan dayan\u0131kl\u0131 ve y\u00fcksek performansl\u0131 bir \u00e7atal mekanizmas\u0131d\u0131r. \u00c7iftli yap\u0131s\u0131 sayesinde forklift \u00e7atallar\u0131n\u0131n daha dengeli ve g\u00fc\u00e7l\u00fc hareketini sa\u011flar. Y\u00fcklerin g\u00fcvenli ve hassas ta\u015f\u0131nmas\u0131na olanak tan\u0131r. Sa\u011flam metal ala\u015f\u0131mdan \u00fcretilmi\u015f olup, uzun \u00f6m\u00fcrl\u00fc kullan\u0131m ve \u00fcst\u00fcn performans sunar. BT Toyota LWE modeline \u00f6zel tasar\u0131m\u0131 ile kolay montaj avantaj\u0131 sa\u011flar ve i\u015f verimlili\u011finizi art\u0131r\u0131r.<\/p>\n<p data-start=\"599\" data-end=\"901\"><strong data-start=\"599\" data-end=\"613\">\u00d6zellikler<\/strong><br data-start=\"613\" data-end=\"616\" \/><strong data-start=\"616\" data-end=\"629\">\u00dcr\u00fcn Ad\u0131:<\/strong> BT Toyota LWE\/SWE \u00c7atal Mekanizmas\u0131 \u00c7iftli<br data-start=\"668\" data-end=\"671\" \/><strong data-start=\"671\" data-end=\"689\">Par\u00e7a Kodlar\u0131:<\/strong> 130685, 179206<br data-start=\"704\" data-end=\"707\" \/><strong data-start=\"707\" data-end=\"719\">Malzeme:<\/strong> Y\u00fcksek dayan\u0131ml\u0131 metal ala\u015f\u0131m\u0131<br data-start=\"750\" data-end=\"753\" \/><strong data-start=\"753\" data-end=\"772\">Kullan\u0131m Alan\u0131:<\/strong> Forklift \u00e7atallar\u0131 hareket kontrol\u00fc<br data-start=\"808\" data-end=\"811\" \/><strong data-start=\"811\" data-end=\"823\">Avantaj:<\/strong> Uzun \u00f6m\u00fcrl\u00fc, y\u00fcksek performans, kolay montaj, g\u00fcvenli ve dengeli y\u00fck ta\u015f\u0131ma<\/p>\n<p data-start=\"903\" data-end=\"1360\">\n","protected":false},"featured_media":10245,"template":"","meta":[],"product_brand":[],"product_cat":[531,251,406,407,521],"product_tag":[],"class_list":{"0":"post-10250","1":"product","2":"type-product","3":"status-publish","4":"has-post-thumbnail","6":"product_cat-mekanizmalar-toyota","7":"product_cat-bt","8":"product_cat-catal-mekanizma","9":"product_cat-bt-catal-mekanizmalari","10":"product_cat-toyota","12":"first","13":"instock","14":"taxable","15":"shipping-taxable","16":"purchasable","17":"product-type-simple"},"_links":{"self":[{"href":"https:\/\/ceoparts.com\/tr\/wp-json\/wp\/v2\/product\/10250","targetHints":{"allow":["GET"]}}],"collection":[{"href":"https:\/\/ceoparts.com\/tr\/wp-json\/wp\/v2\/product"}],"about":[{"href":"https:\/\/ceoparts.com\/tr\/wp-json\/wp\/v2\/types\/product"}],"wp:featuredmedia":[{"embeddable":true,"href":"https:\/\/ceoparts.com\/tr\/wp-json\/wp\/v2\/media\/10245"}],"wp:attachment":[{"href":"https:\/\/ceoparts.com\/tr\/wp-json\/wp\/v2\/media?parent=10250"}],"wp:term":[{"taxonomy":"product_brand","embeddable":true,"href":"https:\/\/ceoparts.com\/tr\/wp-json\/wp\/v2\/product_brand?post=10250"},{"taxonomy":"product_cat","embeddable":true,"href":"https:\/\/ceoparts.com\/tr\/wp-json\/wp\/v2\/product_cat?post=10250"},{"taxonomy":"product_tag","embeddable":true,"href":"https:\/\/ceoparts.com\/tr\/wp-json\/wp\/v2\/product_tag?post=10250"}],"curies":[{"name":"wp","href":"https:\/\/api.w.org\/{rel}","templated":true}]}}