{"id":10267,"date":"2024-09-13T09:31:19","date_gmt":"2024-09-13T06:31:19","guid":{"rendered":"https:\/\/ceoparts.com\/?post_type=product&#038;p=10267"},"modified":"2026-05-16T10:51:01","modified_gmt":"2026-05-16T07:51:01","slug":"jungheinrich-ere-120-catal-mekanizmasi-bos","status":"publish","type":"product","link":"https:\/\/ceoparts.com\/tr\/urun\/jungheinrich-ere-120-catal-mekanizmasi-bos\/","title":{"rendered":"Jungheinrich ERE 120 \u00c7atal Mekanizmas\u0131 (Tekerleksiz) &#8211; 51448827"},"content":{"rendered":"<p>Jungheinrich ERE 120 \u00c7atal Mekanizmas\u0131 (Tekerleksiz) &#8211; 51448827<\/p>\n<p>Jungheinrich 51448827<\/p>\n<p>ERE 120 \/ 125 \/ 225\u00a010.16 \u2013<br \/>\nERE 120 \/ 125 \/ 225 (US)\u00a010.16 \u2013<br \/>\nEJE 114 \/ 116 \/ 118 \/ 120\u00a03.18 \u2013<br \/>\nEJE 120 US\u00a03.18 \u2013<br \/>\nPW23P\u00a03.18 \u2013<br \/>\n2WP4500\u00a03.18 \u2013<br \/>\nEJE 222\/225\u00a08.18 \u2013<br \/>\nEJE 225 (USA)\u00a08.18 \u2013<br \/>\nPW30P\u00a08.18 \u2013<br \/>\n2WP6000\u00a08.18 \u2013<br \/>\nEJE 230-235\u00a02.20 \u2013<br \/>\nERE 225i\u00a010.21 \u2013<br \/>\nERE 225i (US)\u00a010.21<\/p>","protected":false},"excerpt":{"rendered":"<p data-start=\"127\" data-end=\"650\"><br data-start=\"132\" data-end=\"135\" \/><strong data-start=\"135\" data-end=\"191\">Jungheinrich ERE 120 \u00c7atal Mekanizmas\u0131 (Tekerleksiz)<\/strong>, forkliftlerde kullan\u0131lan y\u00fcksek kaliteli ve dayan\u0131kl\u0131 bir \u00e7atal mekanizmas\u0131d\u0131r. Tekerleksiz tasar\u0131m\u0131 sayesinde bak\u0131m ve de\u011fi\u015fim i\u015flemlerinde kolayl\u0131k sa\u011flar. Jungheinrich markas\u0131n\u0131n sa\u011flaml\u0131\u011f\u0131 ve teknolojisiyle \u00fcretilmi\u015f olup, forklift \u00e7atallar\u0131n\u0131n hareketini hassas ve g\u00fcvenli \u015fekilde kontrol eder. Bu mekanizma, y\u00fcklerin dengeli ve emniyetli ta\u015f\u0131nmas\u0131 i\u00e7in idealdir. Uzun \u00f6m\u00fcrl\u00fc malzeme kullan\u0131m\u0131 ve kolay montaj \u00f6zellikleriyle i\u015f verimlili\u011finizi art\u0131r\u0131r.<\/p>\n<p data-start=\"652\" data-end=\"959\"><strong data-start=\"652\" data-end=\"666\">\u00d6zellikler<\/strong><br data-start=\"666\" data-end=\"669\" \/><strong data-start=\"669\" data-end=\"682\">\u00dcr\u00fcn Ad\u0131:<\/strong> Jungheinrich ERE 120 \u00c7atal Mekanizmas\u0131 (Tekerleksiz)<br data-start=\"735\" data-end=\"738\" \/><strong data-start=\"738\" data-end=\"753\">Par\u00e7a Kodu:<\/strong> 51448827<br data-start=\"762\" data-end=\"765\" \/><strong data-start=\"765\" data-end=\"777\">Malzeme:<\/strong> Dayan\u0131kl\u0131 metal ala\u015f\u0131m\u0131<br data-start=\"801\" data-end=\"804\" \/><strong data-start=\"804\" data-end=\"823\">Kullan\u0131m Alan\u0131:<\/strong> Forklift \u00e7atallar\u0131 hareket kontrol\u00fc<br data-start=\"859\" data-end=\"862\" \/><strong data-start=\"862\" data-end=\"874\">Avantaj:<\/strong> Tekerleksiz tasar\u0131m, kolay bak\u0131m, uzun \u00f6m\u00fcr, y\u00fcksek performans, g\u00fcvenli y\u00fck ta\u015f\u0131ma<\/p>\n<p data-start=\"961\" data-end=\"1437\">\n","protected":false},"featured_media":10268,"template":"","meta":[],"product_brand":[],"product_cat":[406,408],"product_tag":[],"class_list":{"0":"post-10267","1":"product","2":"type-product","3":"status-publish","4":"has-post-thumbnail","6":"product_cat-catal-mekanizma","7":"product_cat-jungheinrich-catal-mekanizma","9":"first","10":"instock","11":"taxable","12":"shipping-taxable","13":"purchasable","14":"product-type-simple"},"_links":{"self":[{"href":"https:\/\/ceoparts.com\/tr\/wp-json\/wp\/v2\/product\/10267","targetHints":{"allow":["GET"]}}],"collection":[{"href":"https:\/\/ceoparts.com\/tr\/wp-json\/wp\/v2\/product"}],"about":[{"href":"https:\/\/ceoparts.com\/tr\/wp-json\/wp\/v2\/types\/product"}],"wp:featuredmedia":[{"embeddable":true,"href":"https:\/\/ceoparts.com\/tr\/wp-json\/wp\/v2\/media\/10268"}],"wp:attachment":[{"href":"https:\/\/ceoparts.com\/tr\/wp-json\/wp\/v2\/media?parent=10267"}],"wp:term":[{"taxonomy":"product_brand","embeddable":true,"href":"https:\/\/ceoparts.com\/tr\/wp-json\/wp\/v2\/product_brand?post=10267"},{"taxonomy":"product_cat","embeddable":true,"href":"https:\/\/ceoparts.com\/tr\/wp-json\/wp\/v2\/product_cat?post=10267"},{"taxonomy":"product_tag","embeddable":true,"href":"https:\/\/ceoparts.com\/tr\/wp-json\/wp\/v2\/product_tag?post=10267"}],"curies":[{"name":"wp","href":"https:\/\/api.w.org\/{rel}","templated":true}]}}