{"id":10370,"date":"2024-09-13T12:59:25","date_gmt":"2024-09-13T09:59:25","guid":{"rendered":"https:\/\/ceoparts.com\/?post_type=product&#038;p=10370"},"modified":"2026-05-16T14:32:28","modified_gmt":"2026-05-16T11:32:28","slug":"catal-teker-mekanizma","status":"publish","type":"product","link":"https:\/\/ceoparts.com\/tr\/urun\/catal-teker-mekanizma\/","title":{"rendered":"Poliamid \u00c7atal Teker Mekanizmas\u0131"},"content":{"rendered":"<p>Poliamid \u00c7atal Teker Mekanizmas\u0131<\/p>","protected":false},"excerpt":{"rendered":"<p data-start=\"131\" data-end=\"1068\"><br data-start=\"136\" data-end=\"139\" \/>Poliamid \u00c7atal Teker Mekanizmas\u0131, forklift ve transpalet makinelerinde \u00e7atal \u00fczerindeki denge ve ta\u015f\u0131y\u0131c\u0131 tekerlekleri sabitlemek i\u00e7in kullan\u0131lan y\u00fcksek mukavemetli bir ba\u011flant\u0131 sistemidir. Poliamid malzemeden \u00fcretilmesi sayesinde, metal sistemlere g\u00f6re hafif ve a\u015f\u0131nmaya kar\u015f\u0131 daha diren\u00e7lidir. Tekerlek hareketlerini g\u00fcvenli ve dengeli \u015fekilde kontrol ederek y\u00fck ta\u015f\u0131ma s\u0131ras\u0131nda maksimum manevra kabiliyeti ve denge sa\u011flar. \u00d6zellikle g\u0131da, ila\u00e7, tekstil ve kimya sekt\u00f6rleri gibi temiz ve sessiz \u00e7al\u0131\u015fma gerektiren alanlarda tercih edilir. Uzun \u00f6m\u00fcrl\u00fc yap\u0131s\u0131 ve darbelere kar\u015f\u0131 dayan\u0131m\u0131yla lojistik ve end\u00fcstriyel kullan\u0131mda makine verimlili\u011fini art\u0131r\u0131r.<br data-start=\"795\" data-end=\"798\" \/><strong data-start=\"798\" data-end=\"813\">\u00d6zellikler:<\/strong><br data-start=\"813\" data-end=\"816\" \/><strong data-start=\"816\" data-end=\"829\">\u00dcr\u00fcn Ad\u0131:<\/strong> Poliamid \u00c7atal Teker Mekanizmas\u0131<br data-start=\"862\" data-end=\"865\" \/><strong data-start=\"865\" data-end=\"877\">Malzeme:<\/strong> Y\u00fcksek mukavemetli poliamid<br data-start=\"905\" data-end=\"908\" \/><strong data-start=\"908\" data-end=\"927\">Kullan\u0131m Alan\u0131:<\/strong> Forklift ve transpalet \u00e7atal tekerlek sistemleri<br data-start=\"976\" data-end=\"979\" \/><strong data-start=\"979\" data-end=\"991\">Avantaj:<\/strong> Hafif yap\u0131, y\u00fcksek a\u015f\u0131nma ve darbe direnci, sessiz ve uzun \u00f6m\u00fcrl\u00fc kullan\u0131m<\/p>\n<p data-start=\"1070\" data-end=\"1983\">\n","protected":false},"featured_media":10371,"template":"","meta":[],"product_brand":[],"product_cat":[406,410],"product_tag":[],"class_list":{"0":"post-10370","1":"product","2":"type-product","3":"status-publish","4":"has-post-thumbnail","6":"product_cat-catal-mekanizma","7":"product_cat-catal-takim","9":"first","10":"instock","11":"taxable","12":"shipping-taxable","13":"purchasable","14":"product-type-simple"},"_links":{"self":[{"href":"https:\/\/ceoparts.com\/tr\/wp-json\/wp\/v2\/product\/10370","targetHints":{"allow":["GET"]}}],"collection":[{"href":"https:\/\/ceoparts.com\/tr\/wp-json\/wp\/v2\/product"}],"about":[{"href":"https:\/\/ceoparts.com\/tr\/wp-json\/wp\/v2\/types\/product"}],"wp:featuredmedia":[{"embeddable":true,"href":"https:\/\/ceoparts.com\/tr\/wp-json\/wp\/v2\/media\/10371"}],"wp:attachment":[{"href":"https:\/\/ceoparts.com\/tr\/wp-json\/wp\/v2\/media?parent=10370"}],"wp:term":[{"taxonomy":"product_brand","embeddable":true,"href":"https:\/\/ceoparts.com\/tr\/wp-json\/wp\/v2\/product_brand?post=10370"},{"taxonomy":"product_cat","embeddable":true,"href":"https:\/\/ceoparts.com\/tr\/wp-json\/wp\/v2\/product_cat?post=10370"},{"taxonomy":"product_tag","embeddable":true,"href":"https:\/\/ceoparts.com\/tr\/wp-json\/wp\/v2\/product_tag?post=10370"}],"curies":[{"name":"wp","href":"https:\/\/api.w.org\/{rel}","templated":true}]}}