{"id":10454,"date":"2024-09-16T14:20:20","date_gmt":"2024-09-16T11:20:20","guid":{"rendered":"https:\/\/ceoparts.com\/?post_type=product&#038;p=10454"},"modified":"2026-05-03T01:10:21","modified_gmt":"2026-05-02T22:10:21","slug":"100x40-15-wicke-kapakli-denge-tekeri","status":"publish","type":"product","link":"https:\/\/ceoparts.com\/tr\/urun\/100x40-15-wicke-kapakli-denge-tekeri\/","title":{"rendered":"100&#215;40-15 Wicke Kapakl\u0131 Denge Tekeri &#8211; 51643862 , 582010614"},"content":{"rendered":"<p>100&#215;40-15 Wicke Kapakl\u0131 Denge Tekeri &#8211; 51643862 , 582010614<\/p>\n<table border=\"0\" width=\"243\" cellspacing=\"0\" cellpadding=\"0\">\n<colgroup>\n<col width=\"179\" \/>\n<col width=\"64\" \/><\/colgroup>\n<tbody>\n<tr>\n<td width=\"179\" height=\"19\"><span style=\"font-family: Calibri;\">EJE 114 \/ 116 \/ 118 \/ 120<\/span><\/td>\n<td width=\"64\"><span style=\"font-family: Calibri;\">3.18 &#8211;\u00a0<\/span><\/td>\n<\/tr>\n<tr>\n<td height=\"19\"><span style=\"font-family: Calibri;\">EJE 114-120 fvz<\/span><\/td>\n<td><span style=\"font-family: Calibri;\">8.19 &#8211;\u00a0<\/span><\/td>\n<\/tr>\n<tr>\n<td height=\"19\"><span style=\"font-family: Calibri;\">EJE 120 US<\/span><\/td>\n<td><span style=\"font-family: Calibri;\">3.18 &#8211;\u00a0<\/span><\/td>\n<\/tr>\n<tr>\n<td height=\"19\"><span style=\"font-family: Calibri;\">EJE 222\/225<\/span><\/td>\n<td><span style=\"font-family: Calibri;\">8.18 &#8211;\u00a0<\/span><\/td>\n<\/tr>\n<tr>\n<td height=\"19\"><span style=\"font-family: Calibri;\">EJE 222R\/225R<\/span><\/td>\n<td><span style=\"font-family: Calibri;\">3.20 &#8211;\u00a0<\/span><\/td>\n<\/tr>\n<tr>\n<td height=\"19\"><span style=\"font-family: Calibri;\">EJE 225 (USA)<\/span><\/td>\n<td><span style=\"font-family: Calibri;\">8.18 &#8211;\u00a0<\/span><\/td>\n<\/tr>\n<tr>\n<td height=\"19\"><span style=\"font-family: Calibri;\">EJE 230-235<\/span><\/td>\n<td><span style=\"font-family: Calibri;\">2.20 &#8211;\u00a0<\/span><\/td>\n<\/tr>\n<tr>\n<td height=\"19\"><span style=\"font-family: Calibri;\">EJE C20<\/span><\/td>\n<td><span style=\"font-family: Calibri;\">9.18 &#8211;\u00a0<\/span><\/td>\n<\/tr>\n<tr>\n<td height=\"19\"><span style=\"font-family: Calibri;\">EJE C20 (US)<\/span><\/td>\n<td><span style=\"font-family: Calibri;\">9.18 &#8211;\u00a0<\/span><\/td>\n<\/tr>\n<tr>\n<td height=\"19\"><span style=\"font-family: Calibri;\">PW23P<\/span><\/td>\n<td><span style=\"font-family: Calibri;\">3.18 &#8211;\u00a0<\/span><\/td>\n<\/tr>\n<tr>\n<td height=\"19\"><span style=\"font-family: Calibri;\">PW30P<\/span><\/td>\n<td><span style=\"font-family: Calibri;\">8.18 &#8211;\u00a0<\/span><\/td>\n<\/tr>\n<tr>\n<td height=\"19\"><span style=\"font-family: Calibri;\">Sonderbau<\/span><\/td>\n<td><span style=\"font-family: Calibri;\">12.04 &#8211;\u00a0<\/span><\/td>\n<\/tr>\n<\/tbody>\n<\/table>","protected":false},"excerpt":{"rendered":"<p data-start=\"0\" data-end=\"880\"><br data-start=\"5\" data-end=\"8\" \/>100\u00d740-15 Wicke Kapakl\u0131 Denge Tekeri, Wicke marka forklift ve istif makineleri i\u00e7in \u00f6zel olarak \u00fcretilmi\u015f, kapakl\u0131 yap\u0131ya sahip dayan\u0131kl\u0131 ve y\u00fcksek performansl\u0131 bir denge tekeridir. Sa\u011flam metal ala\u015f\u0131m\u0131 ve a\u015f\u0131nmaya dayan\u0131kl\u0131 kaplamas\u0131 sayesinde a\u011f\u0131r y\u00fck ta\u015f\u0131ma ve s\u00fcrekli operasyonlarda makinenin denge kontrol\u00fcn\u00fc sa\u011flar. Kapakl\u0131 tasar\u0131m\u0131, rulmanlar\u0131n d\u0131\u015f etkenlerden korunmas\u0131na yard\u0131mc\u0131 olarak tekerin \u00f6mr\u00fcn\u00fc uzat\u0131r ve bak\u0131m ihtiyac\u0131n\u0131 azalt\u0131r. Depo, lojistik ve end\u00fcstriyel uygulamalarda sessiz, stabil ve uzun \u00f6m\u00fcrl\u00fc \u00e7al\u0131\u015fma avantaj\u0131 sunar.<br data-start=\"552\" data-end=\"555\" \/><strong data-start=\"555\" data-end=\"570\">\u00d6zellikler:<\/strong><br data-start=\"570\" data-end=\"573\" \/><strong data-start=\"573\" data-end=\"586\">\u00dcr\u00fcn Ad\u0131:<\/strong> 100\u00d740-15 Wicke Kapakl\u0131 Denge Tekeri<br data-start=\"623\" data-end=\"626\" \/><strong data-start=\"626\" data-end=\"641\">Par\u00e7a Kodu:<\/strong> 51643862, 582010614<br data-start=\"661\" data-end=\"664\" \/><strong data-start=\"664\" data-end=\"676\">Malzeme:<\/strong> Y\u00fcksek dayan\u0131ml\u0131 metal ala\u015f\u0131m<br data-start=\"706\" data-end=\"709\" \/><strong data-start=\"709\" data-end=\"728\">Kullan\u0131m Alan\u0131:<\/strong> Wicke forklift ve istif makineleri<br data-start=\"763\" data-end=\"766\" \/><strong data-start=\"766\" data-end=\"778\">Avantaj:<\/strong> Kapakl\u0131 tasar\u0131m ile rulman korumas\u0131, y\u00fcksek a\u015f\u0131nma ve darbe direnci, sessiz ve uzun \u00f6m\u00fcrl\u00fc kullan\u0131m<\/p>\n<p data-start=\"882\" data-end=\"1741\">\n","protected":false},"featured_media":15077,"template":"","meta":[],"product_brand":[],"product_cat":[403,185],"product_tag":[],"class_list":{"0":"post-10454","1":"product","2":"type-product","3":"status-publish","4":"has-post-thumbnail","6":"product_cat-denge-tekeri-wicke","7":"product_cat-denge-tekeri","9":"first","10":"instock","11":"taxable","12":"shipping-taxable","13":"purchasable","14":"product-type-simple"},"_links":{"self":[{"href":"https:\/\/ceoparts.com\/tr\/wp-json\/wp\/v2\/product\/10454","targetHints":{"allow":["GET"]}}],"collection":[{"href":"https:\/\/ceoparts.com\/tr\/wp-json\/wp\/v2\/product"}],"about":[{"href":"https:\/\/ceoparts.com\/tr\/wp-json\/wp\/v2\/types\/product"}],"wp:featuredmedia":[{"embeddable":true,"href":"https:\/\/ceoparts.com\/tr\/wp-json\/wp\/v2\/media\/15077"}],"wp:attachment":[{"href":"https:\/\/ceoparts.com\/tr\/wp-json\/wp\/v2\/media?parent=10454"}],"wp:term":[{"taxonomy":"product_brand","embeddable":true,"href":"https:\/\/ceoparts.com\/tr\/wp-json\/wp\/v2\/product_brand?post=10454"},{"taxonomy":"product_cat","embeddable":true,"href":"https:\/\/ceoparts.com\/tr\/wp-json\/wp\/v2\/product_cat?post=10454"},{"taxonomy":"product_tag","embeddable":true,"href":"https:\/\/ceoparts.com\/tr\/wp-json\/wp\/v2\/product_tag?post=10454"}],"curies":[{"name":"wp","href":"https:\/\/api.w.org\/{rel}","templated":true}]}}