{"id":10466,"date":"2024-09-16T15:15:27","date_gmt":"2024-09-16T12:15:27","guid":{"rendered":"https:\/\/ceoparts.com\/?post_type=product&#038;p=10466"},"modified":"2026-05-16T17:04:59","modified_gmt":"2026-05-16T14:04:59","slug":"125x40-45-15-tellure-rota-denge-tekeri","status":"publish","type":"product","link":"https:\/\/ceoparts.com\/tr\/urun\/125x40-45-15-tellure-rota-denge-tekeri\/","title":{"rendered":"125&#215;40\/45-15 Tellure Rota Denge Tekeri &#8211; 00039903563"},"content":{"rendered":"<p>125&#215;40\/45-15 Tellure Rota Denge Tekeri &#8211; 00039903563<\/p>\n<table border=\"0\" width=\"173\" cellspacing=\"0\" cellpadding=\"0\">\n<tbody>\n<tr>\n<td class=\"xl65\" width=\"109\" height=\"20\"><span style=\"font-family: tim;\">1151<\/span><\/td>\n<td width=\"64\"><span style=\"font-family: tim;\">T16\/T16P\/T20\/T20P<\/span><\/td>\n<\/tr>\n<tr>\n<td class=\"xl65\" height=\"20\"><span style=\"font-family: tim;\">1151<\/span><\/td>\n<td><span style=\"font-family: tim;\">T16\/T16P\/T20\/T20P<\/span><\/td>\n<\/tr>\n<tr>\n<td class=\"xl65\" height=\"20\"><span style=\"font-family: tim;\">1152<\/span><\/td>\n<td><span style=\"font-family: tim;\">T16\/T18\/T20\/T16L<\/span><\/td>\n<\/tr>\n<tr>\n<td class=\"xl65\" height=\"20\"><span style=\"font-family: tim;\">1152<\/span><\/td>\n<td><span style=\"font-family: tim;\">T16\/T18\/T20\/T16L<\/span><\/td>\n<\/tr>\n<\/tbody>\n<\/table>\n<p>&nbsp;<\/p>\n<p><span style=\"font-family: tim;\">EXU 0153\/0154\/0155\/0157<\/span><\/p>\n<p><span style=\"font-family: tim;\">EXU-H AC<\/span><\/p>","protected":false},"excerpt":{"rendered":"<p data-start=\"0\" data-end=\"886\"><br data-start=\"5\" data-end=\"8\" \/>125\u00d740\/45-15 Tellure Rota Denge Tekeri, Tellure Rota marka forklift ve istif makineleri i\u00e7in \u00f6zel olarak \u00fcretilmi\u015f y\u00fcksek kaliteli bir denge tekeridir. Sa\u011flam metal g\u00f6vdesi ve a\u015f\u0131nmaya kar\u015f\u0131 diren\u00e7li yap\u0131s\u0131 sayesinde a\u011f\u0131r y\u00fck ta\u015f\u0131ma ve yo\u011fun operasyonlarda makinenin dengesini maksimum seviyede korur. Dar alanlarda y\u00fcksek manevra kabiliyeti, sessiz ve sars\u0131nt\u0131s\u0131z \u00e7al\u0131\u015fma avantaj\u0131 sunar. Tellure Rota forkliftlerin uzun \u00f6m\u00fcrl\u00fc ve g\u00fcvenli \u00e7al\u0131\u015fmas\u0131 i\u00e7in ideal yedek par\u00e7a tercihidir. Depo, lojistik ve end\u00fcstriyel tesislerde \u00fcst\u00fcn performans sa\u011flar.<br data-start=\"557\" data-end=\"560\" \/><strong data-start=\"560\" data-end=\"575\">\u00d6zellikler:<\/strong><br data-start=\"575\" data-end=\"578\" \/><strong data-start=\"578\" data-end=\"591\">\u00dcr\u00fcn Ad\u0131:<\/strong> 125\u00d740\/45-15 Tellure Rota Denge Tekeri<br data-start=\"630\" data-end=\"633\" \/><strong data-start=\"633\" data-end=\"648\">Par\u00e7a Kodu:<\/strong> 00039903563<br data-start=\"660\" data-end=\"663\" \/><strong data-start=\"663\" data-end=\"675\">Malzeme:<\/strong> Y\u00fcksek dayan\u0131ml\u0131 metal ala\u015f\u0131m<br data-start=\"705\" data-end=\"708\" \/><strong data-start=\"708\" data-end=\"727\">Kullan\u0131m Alan\u0131:<\/strong> Tellure Rota forklift ve istif makineleri<br data-start=\"769\" data-end=\"772\" \/><strong data-start=\"772\" data-end=\"784\">Avantaj:<\/strong> Y\u00fcksek ta\u015f\u0131ma kapasitesi, a\u015f\u0131nma direnci, dar alanlarda manevra kolayl\u0131\u011f\u0131, sessiz ve stabil \u00e7al\u0131\u015fma<\/p>\n<p data-start=\"888\" data-end=\"1744\">\n","protected":false},"featured_media":15086,"template":"","meta":[],"product_brand":[],"product_cat":[412,413,185],"product_tag":[],"class_list":{"0":"post-10466","1":"product","2":"type-product","3":"status-publish","4":"has-post-thumbnail","6":"product_cat-tellure-rota","7":"product_cat-tellure-rota-denge-tekeri","8":"product_cat-denge-tekeri","10":"first","11":"instock","12":"taxable","13":"shipping-taxable","14":"purchasable","15":"product-type-simple"},"_links":{"self":[{"href":"https:\/\/ceoparts.com\/tr\/wp-json\/wp\/v2\/product\/10466","targetHints":{"allow":["GET"]}}],"collection":[{"href":"https:\/\/ceoparts.com\/tr\/wp-json\/wp\/v2\/product"}],"about":[{"href":"https:\/\/ceoparts.com\/tr\/wp-json\/wp\/v2\/types\/product"}],"wp:featuredmedia":[{"embeddable":true,"href":"https:\/\/ceoparts.com\/tr\/wp-json\/wp\/v2\/media\/15086"}],"wp:attachment":[{"href":"https:\/\/ceoparts.com\/tr\/wp-json\/wp\/v2\/media?parent=10466"}],"wp:term":[{"taxonomy":"product_brand","embeddable":true,"href":"https:\/\/ceoparts.com\/tr\/wp-json\/wp\/v2\/product_brand?post=10466"},{"taxonomy":"product_cat","embeddable":true,"href":"https:\/\/ceoparts.com\/tr\/wp-json\/wp\/v2\/product_cat?post=10466"},{"taxonomy":"product_tag","embeddable":true,"href":"https:\/\/ceoparts.com\/tr\/wp-json\/wp\/v2\/product_tag?post=10466"}],"curies":[{"name":"wp","href":"https:\/\/api.w.org\/{rel}","templated":true}]}}