{"id":10479,"date":"2024-09-16T16:15:55","date_gmt":"2024-09-16T13:15:55","guid":{"rendered":"https:\/\/ceoparts.com\/?post_type=product&#038;p=10479"},"modified":"2026-05-16T12:52:52","modified_gmt":"2026-05-16T09:52:52","slug":"140x54-60-20-tellure-rota-denge-tekeri","status":"publish","type":"product","link":"https:\/\/ceoparts.com\/tr\/urun\/140x54-60-20-tellure-rota-denge-tekeri\/","title":{"rendered":"140&#215;54\/60-20 Tellure Rota Denge Tekeri &#8211; 50432647, 50019777"},"content":{"rendered":"<p>140&#215;54\/60-20 Tellure Rota Denge Tekeri &#8211; 50432647, 50019777<\/p>\n<p>140\u00d754\/60-20 Jungheinrich 50432647, 50019777, 51065641, 27885180,939503, 50056035 EJC,ERE,ERC,ERD,ESD,ESE,ESC<\/p>\n<p>Ko\u0142o podporowe Jungheinrich \/\u00a0Suporting wheel 140\u00d754 used on Jungheinrich<\/p>\n<p>140\u00d754\/60-20\u00a0 Alternative<\/p>\n<p>&nbsp;<\/p>\n<p>27885180, 50056035 50019777, 51065641, 50432647, 50312941<\/p>\n<p>&nbsp;<\/p>\n<p>EJC 12-16 \/ 7.96 \u2013 4.98<br \/>\nEJC 10\/12 \/ 10.97 \u2013<br \/>\nEJC 14\/16 \/ 6.98 \u2013 2.06<br \/>\nEJC-Z 14\/16 \/ 1.99 \u2013 4.05<br \/>\nEJC 12 C \/ 7.03 \u2013 1<br \/>\nEJC-20\/25 \/ 4.05 \u2013 12.06<br \/>\nEJC Z14\/Z16 \/ 5.05 \u2013 1<br \/>\nEJC 212-216 \/ 1.06 \u2013 5.08<br \/>\nEJC 220 \/ 8.06 \u2013<br \/>\nEJC 110\/112 \/ 8.07 \u2013 10.07<br \/>\nEJC 110\/112 \/ 9.07 \u2013<br \/>\nEJC 212 \/ 214 \/ 216 \/ 6.08 \u2013<br \/>\nEJC M10 \/ 6.09 \u2013 6.09 1<br \/>\nEJC 110n\/112n \/ 10.09 \u2013<\/p>\n<p>EJD 16-4 \/ 8.96 \u2013 12.99<\/p>\n<p>EJE 16-4 \/ 1.00 \u2013<\/p>\n<p>ERE 20 \/ 5.94 \u2013 6.97<br \/>\nERE 20 \/ 7.97 \u2013 9.98<br \/>\nERE 20 \/ 11.98 \u2013 1.01<br \/>\nERE 220 \/ 10.03 \u2013 9.05<br \/>\nERE 224 \/ 10.05 \u2013 9.07<br \/>\nERE 225 \/ 9.07 \u2013<br \/>\nERE 225 KP \/ 7.08 \u2013<\/p>\n<p>ERC 12-16 \/ 10.94 \u2013 3.01<br \/>\nERC-Z 12\/14 \/ 11.94 \u2013 3.01<br \/>\nERC 12-16 \/ 10.94 \u2013 3.01<br \/>\nERC 212\/214\/216 \/ 4.04 \u2013<br \/>\nERC Z12\/Z14\/Z16 \/ 4.04 \u2013<\/p>\n<p>ERD 16-20 \/ 4.95 \u2013 12.99<br \/>\nERD 16-20 \/ 7.94 \u2013 3.95<br \/>\nERD 16-20 \/ 1.00 \u2013 6.00<br \/>\nERD 16-20 \/ 3.03 \u2013 10.03<br \/>\nERD 220 \/ 10.03 \u2013<\/p>\n<p>ESE 20 \/ 3.99 \u2013 3.04<br \/>\nESE 20 \/ 4.04 \u2013 12.04<br \/>\nESE 120 \/ 1.05 \u2013<br \/>\nESE 220 \/ 1.05 \u2013 1.10<br \/>\nESE 220\/320 \/ 2.10 \u2013<\/p>\n<p>ESD 20 \/ 11.99 \u2013 7.03<br \/>\nESD 20 \/ 8.03 \u2013 12.04<br \/>\nESD 120 \/ 1.05 \u2013<\/p>\n<p>ESC 214\/216Z \/ 8.09 \u2013<\/p>","protected":false},"excerpt":{"rendered":"<p data-start=\"0\" data-end=\"875\"><br data-start=\"5\" data-end=\"8\" \/>140\u00d754\/60-20 Tellure Rota Denge Tekeri, Tellure Rota marka forklift ve istif makineleri i\u00e7in \u00f6zel olarak tasarlanm\u0131\u015f y\u00fcksek performansl\u0131 bir denge tekeridir. Sa\u011flam metal g\u00f6vdesi ve kaliteli kaplamas\u0131 sayesinde makinenin dengesini maksimum seviyede tutar, a\u011f\u0131r y\u00fck ta\u015f\u0131ma ve manevra s\u0131ras\u0131nda stabil ve g\u00fcvenli bir kullan\u0131m sunar. A\u015f\u0131nmaya ve darbeye kar\u015f\u0131 y\u00fcksek dayan\u0131m\u0131 ile zorlu depo, fabrika ve lojistik alanlar\u0131nda uzun \u00f6m\u00fcrl\u00fc performans sa\u011flar. Dar alanlarda y\u00fcksek manevra kabiliyeti ve sessiz \u00e7al\u0131\u015fma avantaj\u0131yla i\u015fletme verimlili\u011fini art\u0131r\u0131r.<br data-start=\"560\" data-end=\"563\" \/><strong data-start=\"563\" data-end=\"578\">\u00d6zellikler:<\/strong><br data-start=\"578\" data-end=\"581\" \/><strong data-start=\"581\" data-end=\"594\">\u00dcr\u00fcn Ad\u0131:<\/strong> 140\u00d754\/60-20 Tellure Rota Denge Tekeri<br data-start=\"633\" data-end=\"636\" \/><strong data-start=\"636\" data-end=\"651\">Par\u00e7a Kodu:<\/strong> 50432647, 50019777<br data-start=\"670\" data-end=\"673\" \/><strong data-start=\"673\" data-end=\"685\">Malzeme:<\/strong> Y\u00fcksek dayan\u0131ml\u0131 metal ala\u015f\u0131m<br data-start=\"715\" data-end=\"718\" \/><strong data-start=\"718\" data-end=\"737\">Kullan\u0131m Alan\u0131:<\/strong> Tellure Rota forklift ve istif makineleri<br data-start=\"779\" data-end=\"782\" \/><strong data-start=\"782\" data-end=\"794\">Avantaj:<\/strong> Y\u00fcksek a\u015f\u0131nma ve darbe direnci, uzun \u00f6m\u00fcrl\u00fc kullan\u0131m, sessiz ve stabil \u00e7al\u0131\u015fma<\/p>\n<p data-start=\"877\" data-end=\"1732\">\n","protected":false},"featured_media":16427,"template":"","meta":[],"product_brand":[],"product_cat":[236,237,412,413,185],"product_tag":[],"class_list":{"0":"post-10479","1":"product","2":"type-product","3":"status-publish","4":"has-post-thumbnail","6":"product_cat-jungheinrich","7":"product_cat-denge-tekeri-jungheinrich","8":"product_cat-tellure-rota","9":"product_cat-tellure-rota-denge-tekeri","10":"product_cat-denge-tekeri","12":"first","13":"instock","14":"taxable","15":"shipping-taxable","16":"purchasable","17":"product-type-simple"},"_links":{"self":[{"href":"https:\/\/ceoparts.com\/tr\/wp-json\/wp\/v2\/product\/10479","targetHints":{"allow":["GET"]}}],"collection":[{"href":"https:\/\/ceoparts.com\/tr\/wp-json\/wp\/v2\/product"}],"about":[{"href":"https:\/\/ceoparts.com\/tr\/wp-json\/wp\/v2\/types\/product"}],"wp:featuredmedia":[{"embeddable":true,"href":"https:\/\/ceoparts.com\/tr\/wp-json\/wp\/v2\/media\/16427"}],"wp:attachment":[{"href":"https:\/\/ceoparts.com\/tr\/wp-json\/wp\/v2\/media?parent=10479"}],"wp:term":[{"taxonomy":"product_brand","embeddable":true,"href":"https:\/\/ceoparts.com\/tr\/wp-json\/wp\/v2\/product_brand?post=10479"},{"taxonomy":"product_cat","embeddable":true,"href":"https:\/\/ceoparts.com\/tr\/wp-json\/wp\/v2\/product_cat?post=10479"},{"taxonomy":"product_tag","embeddable":true,"href":"https:\/\/ceoparts.com\/tr\/wp-json\/wp\/v2\/product_tag?post=10479"}],"curies":[{"name":"wp","href":"https:\/\/api.w.org\/{rel}","templated":true}]}}