{"id":10486,"date":"2024-09-17T15:36:04","date_gmt":"2024-09-17T12:36:04","guid":{"rendered":"https:\/\/ceoparts.com\/?post_type=product&#038;p=10486"},"modified":"2026-05-16T18:22:58","modified_gmt":"2026-05-16T15:22:58","slug":"125x40-45-15-wicke-denge-tekeri","status":"publish","type":"product","link":"https:\/\/ceoparts.com\/tr\/urun\/125x40-45-15-wicke-denge-tekeri\/","title":{"rendered":"125&#215;40\/45-15 Wicke Denge Tekeri &#8211; 00039903563"},"content":{"rendered":"<p>125&#215;40\/45-15 Wicke Denge Tekeri &#8211; 00039903563<\/p>\n<table border=\"0\" width=\"173\" cellspacing=\"0\" cellpadding=\"0\">\n<tbody>\n<tr>\n<td class=\"xl65\" width=\"109\" height=\"20\"><span style=\"font-family: tim;\">1151<\/span><\/td>\n<td width=\"64\"><span style=\"font-family: tim;\">T16\/T16P\/T20\/T20P<\/span><\/td>\n<\/tr>\n<tr>\n<td class=\"xl65\" height=\"20\"><span style=\"font-family: tim;\">1151<\/span><\/td>\n<td><span style=\"font-family: tim;\">T16\/T16P\/T20\/T20P<\/span><\/td>\n<\/tr>\n<tr>\n<td class=\"xl65\" height=\"20\"><span style=\"font-family: tim;\">1152<\/span><\/td>\n<td><span style=\"font-family: tim;\">T16\/T18\/T20\/T16L<\/span><\/td>\n<\/tr>\n<tr>\n<td class=\"xl65\" height=\"20\"><span style=\"font-family: tim;\">1152<\/span><\/td>\n<td><span style=\"font-family: tim;\">T16\/T18\/T20\/T16L<\/span><\/td>\n<\/tr>\n<\/tbody>\n<\/table>\n<p>&nbsp;<\/p>\n<p><span style=\"font-family: tim;\">EXU 0153\/0154\/0155\/0157<\/span><\/p>\n<p><span style=\"font-family: tim;\">EXU-H AC<\/span><\/p>","protected":false},"excerpt":{"rendered":"<p data-start=\"0\" data-end=\"795\"><br data-start=\"5\" data-end=\"8\" \/>125\u00d740\/45-15 Wicke Denge Tekeri, Wicke marka forklift ve istif makineleri i\u00e7in \u00f6zel olarak \u00fcretilmi\u015f, y\u00fcksek kaliteli bir denge tekeridir. G\u00fc\u00e7l\u00fc metal yap\u0131s\u0131 ve a\u015f\u0131nmaya dayan\u0131kl\u0131 kaplamas\u0131 ile makinenin denge kontrol\u00fcn\u00fc sa\u011flar ve zorlu \u00e7al\u0131\u015fma \u015fartlar\u0131nda uzun \u00f6m\u00fcrl\u00fc performans sunar. Y\u00fck ta\u015f\u0131ma ve manevra s\u0131ras\u0131nda makinenin stabilitesini art\u0131rarak g\u00fcvenli ve verimli \u00e7al\u0131\u015fma imk\u00e2n\u0131 sunar. \u00d6zellikle dar alanlarda ve yo\u011fun operasyonlarda forklift performans\u0131n\u0131 optimize eder.<br data-start=\"487\" data-end=\"490\" \/><strong data-start=\"490\" data-end=\"505\">\u00d6zellikler:<\/strong><br data-start=\"505\" data-end=\"508\" \/><strong data-start=\"508\" data-end=\"521\">\u00dcr\u00fcn Ad\u0131:<\/strong> 125\u00d740\/45-15 Wicke Denge Tekeri<br data-start=\"553\" data-end=\"556\" \/><strong data-start=\"556\" data-end=\"571\">Par\u00e7a Kodu:<\/strong> 00039903563<br data-start=\"583\" data-end=\"586\" \/><strong data-start=\"586\" data-end=\"598\">Malzeme:<\/strong> Y\u00fcksek dayan\u0131ml\u0131 metal ala\u015f\u0131m<br data-start=\"628\" data-end=\"631\" \/><strong data-start=\"631\" data-end=\"650\">Kullan\u0131m Alan\u0131:<\/strong> Wicke forklift ve istif makineleri<br data-start=\"685\" data-end=\"688\" \/><strong data-start=\"688\" data-end=\"700\">Avantaj:<\/strong> Y\u00fcksek dayan\u0131kl\u0131l\u0131k, uzun \u00f6m\u00fcrl\u00fc kullan\u0131m, darbelere kar\u015f\u0131 diren\u00e7, stabil ve g\u00fcvenli \u00e7al\u0131\u015fma<\/p>\n<p data-start=\"797\" data-end=\"1527\">\n","protected":false},"featured_media":15089,"template":"","meta":[],"product_brand":[],"product_cat":[403,185],"product_tag":[],"class_list":{"0":"post-10486","1":"product","2":"type-product","3":"status-publish","4":"has-post-thumbnail","6":"product_cat-denge-tekeri-wicke","7":"product_cat-denge-tekeri","9":"first","10":"instock","11":"taxable","12":"shipping-taxable","13":"purchasable","14":"product-type-simple"},"_links":{"self":[{"href":"https:\/\/ceoparts.com\/tr\/wp-json\/wp\/v2\/product\/10486","targetHints":{"allow":["GET"]}}],"collection":[{"href":"https:\/\/ceoparts.com\/tr\/wp-json\/wp\/v2\/product"}],"about":[{"href":"https:\/\/ceoparts.com\/tr\/wp-json\/wp\/v2\/types\/product"}],"wp:featuredmedia":[{"embeddable":true,"href":"https:\/\/ceoparts.com\/tr\/wp-json\/wp\/v2\/media\/15089"}],"wp:attachment":[{"href":"https:\/\/ceoparts.com\/tr\/wp-json\/wp\/v2\/media?parent=10486"}],"wp:term":[{"taxonomy":"product_brand","embeddable":true,"href":"https:\/\/ceoparts.com\/tr\/wp-json\/wp\/v2\/product_brand?post=10486"},{"taxonomy":"product_cat","embeddable":true,"href":"https:\/\/ceoparts.com\/tr\/wp-json\/wp\/v2\/product_cat?post=10486"},{"taxonomy":"product_tag","embeddable":true,"href":"https:\/\/ceoparts.com\/tr\/wp-json\/wp\/v2\/product_tag?post=10486"}],"curies":[{"name":"wp","href":"https:\/\/api.w.org\/{rel}","templated":true}]}}