{"id":10501,"date":"2024-09-17T16:10:32","date_gmt":"2024-09-17T13:10:32","guid":{"rendered":"https:\/\/ceoparts.com\/?post_type=product&#038;p=10501"},"modified":"2026-05-16T13:16:18","modified_gmt":"2026-05-16T10:16:18","slug":"125x50-54-20-tellure-rota-denge-tekeri","status":"publish","type":"product","link":"https:\/\/ceoparts.com\/tr\/urun\/125x50-54-20-tellure-rota-denge-tekeri\/","title":{"rendered":"125&#215;50\/54-20 Tellure Rota Denge Tekeri &#8211; 156259"},"content":{"rendered":"<p>125&#215;50\/54-20 Tellure Rota Denge Tekeri &#8211; 156259<\/p>\n<p>MO 15<\/p>\n<p>PPO 1500MX<\/p>\n<p>MPH 16<br \/>\nMPL 10<br \/>\nMPL 12<br \/>\nMPL 12 F<br \/>\nMPL 16D<\/p>\n<p>PPH 1600 MX<\/p>\n<p>PPS 1000 MX<br \/>\nPPS 1200 MX<br \/>\nPPS 1200MXF<br \/>\nPPS 1600 MXD<\/p>\n<p>S12 F<br \/>\nS16 D<\/p>\n<p>SWE 080 L<br \/>\nSWE100 STAXIO<br \/>\nSWE 120 IKEA<br \/>\nSWE 120 STAXIO<br \/>\nSWE 120 L<br \/>\nSWE 120 LIKEA<br \/>\nSWE 140 STAXIO<br \/>\nSWE 140 L STAXIO<br \/>\nSWE 160 D IKEA<br \/>\nSWE 160D<br \/>\nSWE 200 D IKEA<br \/>\nSWE 200 D<\/p>\n<p>LWE 140 LEVIO<br \/>\nLWE 160LEVIO<br \/>\nLWE 180<br \/>\nLWE 180 LEVIO<br \/>\nLWE 200<br \/>\nLWE 200 N<br \/>\nLWE 250LEVIO<\/p>\n<p>MP 14 C<br \/>\nMP 14<br \/>\nMP 16<br \/>\nMP 20<br \/>\nMP 20L<\/p>\n<p>PPL 2000 MX<\/p>\n<p>PPT 1400 C<br \/>\nPPT 1400 MX<br \/>\nPPT 1400MXC<br \/>\nPPT 1600 MX<br \/>\nPPT 1800 MMD<br \/>\nPPT 2000 MX<br \/>\nPPT 2000MMD<\/p>\n<p>W18 ORION<br \/>\nW20 ORION<br \/>\nW20 N<\/p>","protected":false},"excerpt":{"rendered":"<p data-start=\"0\" data-end=\"847\"><br data-start=\"5\" data-end=\"8\" \/>125\u00d750\/54-20 Tellure Rota Denge Tekeri, Tellure Rota marka forklift ve istif makineleri i\u00e7in tasarlanm\u0131\u015f, y\u00fcksek kaliteli ve dayan\u0131kl\u0131 bir denge tekeridir. G\u00fc\u00e7l\u00fc metal g\u00f6vdesi ve a\u015f\u0131nmaya kar\u015f\u0131 dayan\u0131kl\u0131 kaplamas\u0131 sayesinde makinenin denge kontrol\u00fcn\u00fc sa\u011flar ve uzun s\u00fcreli, sorunsuz kullan\u0131m imk\u00e2n\u0131 sunar. Y\u00fcksek ta\u015f\u0131ma kapasitesi ve darbe emici yap\u0131s\u0131 sayesinde a\u011f\u0131r y\u00fck ta\u015f\u0131yan makinelerde dengeyi destekleyerek, g\u00fcvenli ve sessiz bir \u00e7al\u0131\u015fma ortam\u0131 olu\u015fturur. Tellure Rota forkliftler i\u00e7in ideal bir yedek par\u00e7a tercihidir.<br data-start=\"534\" data-end=\"537\" \/><strong data-start=\"537\" data-end=\"552\">\u00d6zellikler:<\/strong><br data-start=\"552\" data-end=\"555\" \/><strong data-start=\"555\" data-end=\"568\">\u00dcr\u00fcn Ad\u0131:<\/strong> 125\u00d750\/54-20 Tellure Rota Denge Tekeri<br data-start=\"607\" data-end=\"610\" \/><strong data-start=\"610\" data-end=\"625\">Par\u00e7a Kodu:<\/strong> 156259<br data-start=\"632\" data-end=\"635\" \/><strong data-start=\"635\" data-end=\"647\">Malzeme:<\/strong> Y\u00fcksek dayan\u0131ml\u0131 metal ala\u015f\u0131m<br data-start=\"677\" data-end=\"680\" \/><strong data-start=\"680\" data-end=\"699\">Kullan\u0131m Alan\u0131:<\/strong> Tellure Rota forklift ve istif makineleri<br data-start=\"741\" data-end=\"744\" \/><strong data-start=\"744\" data-end=\"756\">Avantaj:<\/strong> Y\u00fcksek ta\u015f\u0131ma kapasitesi, darbe emilimi, uzun \u00f6m\u00fcrl\u00fc kullan\u0131m, sessiz ve g\u00fcvenli \u00e7al\u0131\u015fma<\/p>\n<p data-start=\"849\" data-end=\"1635\">\n","protected":false},"featured_media":12046,"template":"","meta":[],"product_brand":[],"product_cat":[412,413,185],"product_tag":[],"class_list":{"0":"post-10501","1":"product","2":"type-product","3":"status-publish","4":"has-post-thumbnail","6":"product_cat-tellure-rota","7":"product_cat-tellure-rota-denge-tekeri","8":"product_cat-denge-tekeri","10":"first","11":"instock","12":"taxable","13":"shipping-taxable","14":"purchasable","15":"product-type-simple"},"_links":{"self":[{"href":"https:\/\/ceoparts.com\/tr\/wp-json\/wp\/v2\/product\/10501","targetHints":{"allow":["GET"]}}],"collection":[{"href":"https:\/\/ceoparts.com\/tr\/wp-json\/wp\/v2\/product"}],"about":[{"href":"https:\/\/ceoparts.com\/tr\/wp-json\/wp\/v2\/types\/product"}],"wp:featuredmedia":[{"embeddable":true,"href":"https:\/\/ceoparts.com\/tr\/wp-json\/wp\/v2\/media\/12046"}],"wp:attachment":[{"href":"https:\/\/ceoparts.com\/tr\/wp-json\/wp\/v2\/media?parent=10501"}],"wp:term":[{"taxonomy":"product_brand","embeddable":true,"href":"https:\/\/ceoparts.com\/tr\/wp-json\/wp\/v2\/product_brand?post=10501"},{"taxonomy":"product_cat","embeddable":true,"href":"https:\/\/ceoparts.com\/tr\/wp-json\/wp\/v2\/product_cat?post=10501"},{"taxonomy":"product_tag","embeddable":true,"href":"https:\/\/ceoparts.com\/tr\/wp-json\/wp\/v2\/product_tag?post=10501"}],"curies":[{"name":"wp","href":"https:\/\/api.w.org\/{rel}","templated":true}]}}