{"id":10548,"date":"2024-09-18T11:11:26","date_gmt":"2024-09-18T08:11:26","guid":{"rendered":"https:\/\/ceoparts.com\/?post_type=product&#038;p=10548"},"modified":"2026-05-16T15:33:17","modified_gmt":"2026-05-16T12:33:17","slug":"150x48-65-12-wicke-denge-tekeri","status":"publish","type":"product","link":"https:\/\/ceoparts.com\/tr\/urun\/150x48-65-12-wicke-denge-tekeri\/","title":{"rendered":"150&#215;48\/65-12 Wicke Denge Tekeri &#8211; 0039903515"},"content":{"rendered":"<p>150&#215;48\/65-12 Wicke Denge Tekeri &#8211; 0039903515<\/p>\n<p>0039903515, 0039903514, 0039903577<\/p>\n<p>50\u00d748\/60\/65-12\u00a0 Linde 0039903515<\/p>\n<p>372\u00a0L14\/16<br \/>\n372\u00a0L14\/16\/L14AP\/16AP<br \/>\n379\u00a0L10\/12-L10\/12AS<\/p>","protected":false},"excerpt":{"rendered":"<p data-start=\"0\" data-end=\"676\"><br data-start=\"5\" data-end=\"8\" \/>150\u00d748\/65-12 Wicke Denge Tekeri, Wicke forklift ve istif makineleri i\u00e7in \u00fcretilmi\u015f dayan\u0131kl\u0131 ve y\u00fcksek performansl\u0131 bir denge tekeridir. Y\u00fcksek kaliteli malzemelerle imal edilerek makinenizin dengede kalmas\u0131n\u0131 sa\u011flar ve g\u00fcvenli, stabil hareket kabiliyeti sunar. Zorlu \u00e7al\u0131\u015fma ko\u015fullar\u0131na dayan\u0131kl\u0131 yap\u0131s\u0131 ile uzun \u00f6m\u00fcrl\u00fc kullan\u0131m garanti eder. Wicke forkliftler i\u00e7in ideal yedek par\u00e7ad\u0131r.<br data-start=\"396\" data-end=\"399\" \/><strong data-start=\"399\" data-end=\"414\">\u00d6zellikler:<\/strong><br data-start=\"414\" data-end=\"417\" \/><strong data-start=\"417\" data-end=\"430\">\u00dcr\u00fcn Ad\u0131:<\/strong> 150\u00d748\/65-12 Wicke Denge Tekeri<br data-start=\"462\" data-end=\"465\" \/><strong data-start=\"465\" data-end=\"480\">Par\u00e7a Kodu:<\/strong> 0039903515<br data-start=\"491\" data-end=\"494\" \/><strong data-start=\"494\" data-end=\"506\">Malzeme:<\/strong> Y\u00fcksek dayan\u0131ml\u0131 metal ala\u015f\u0131m<br data-start=\"536\" data-end=\"539\" \/><strong data-start=\"539\" data-end=\"558\">Kullan\u0131m Alan\u0131:<\/strong> Wicke forklift ve istif makineleri<br data-start=\"593\" data-end=\"596\" \/><strong data-start=\"596\" data-end=\"608\">Avantaj:<\/strong> Uzun \u00f6m\u00fcrl\u00fc, y\u00fcksek dayan\u0131kl\u0131l\u0131k, stabilite, darbeye kar\u015f\u0131 diren\u00e7<\/p>\n<p data-start=\"678\" data-end=\"1317\">\n","protected":false},"featured_media":16439,"template":"","meta":[],"product_brand":[],"product_cat":[246,247,403,185],"product_tag":[],"class_list":{"0":"post-10548","1":"product","2":"type-product","3":"status-publish","4":"has-post-thumbnail","6":"product_cat-linde","7":"product_cat-denge-tekeri-linde","8":"product_cat-denge-tekeri-wicke","9":"product_cat-denge-tekeri","11":"first","12":"instock","13":"taxable","14":"shipping-taxable","15":"purchasable","16":"product-type-simple"},"_links":{"self":[{"href":"https:\/\/ceoparts.com\/tr\/wp-json\/wp\/v2\/product\/10548","targetHints":{"allow":["GET"]}}],"collection":[{"href":"https:\/\/ceoparts.com\/tr\/wp-json\/wp\/v2\/product"}],"about":[{"href":"https:\/\/ceoparts.com\/tr\/wp-json\/wp\/v2\/types\/product"}],"wp:featuredmedia":[{"embeddable":true,"href":"https:\/\/ceoparts.com\/tr\/wp-json\/wp\/v2\/media\/16439"}],"wp:attachment":[{"href":"https:\/\/ceoparts.com\/tr\/wp-json\/wp\/v2\/media?parent=10548"}],"wp:term":[{"taxonomy":"product_brand","embeddable":true,"href":"https:\/\/ceoparts.com\/tr\/wp-json\/wp\/v2\/product_brand?post=10548"},{"taxonomy":"product_cat","embeddable":true,"href":"https:\/\/ceoparts.com\/tr\/wp-json\/wp\/v2\/product_cat?post=10548"},{"taxonomy":"product_tag","embeddable":true,"href":"https:\/\/ceoparts.com\/tr\/wp-json\/wp\/v2\/product_tag?post=10548"}],"curies":[{"name":"wp","href":"https:\/\/api.w.org\/{rel}","templated":true}]}}