{"id":10556,"date":"2024-09-18T11:39:10","date_gmt":"2024-09-18T08:39:10","guid":{"rendered":"https:\/\/ceoparts.com\/?post_type=product&#038;p=10556"},"modified":"2026-05-17T00:40:33","modified_gmt":"2026-05-16T21:40:33","slug":"150x50-50-45-wicke-denge-tekeri","status":"publish","type":"product","link":"https:\/\/ceoparts.com\/tr\/urun\/150x50-50-45-wicke-denge-tekeri\/","title":{"rendered":"150&#215;50\/54-45 Wicke Klavuz Denge Tekeri"},"content":{"rendered":"<p>150&#215;50\/54-45 Wicke Klavuz Denge Tekeri<\/p>","protected":false},"excerpt":{"rendered":"<p data-start=\"0\" data-end=\"733\"><br data-start=\"5\" data-end=\"8\" \/>150\u00d750\/54-45 Wicke Klavuz Denge Tekeri, Wicke marka forklift ve istif makineleri i\u00e7in \u00f6zel olarak tasarlanm\u0131\u015f y\u00fcksek kaliteli bir klavuz ve denge tekeridir. Dayan\u0131kl\u0131 malzemelerden \u00fcretilmi\u015f olup, makinenin hassas y\u00f6nlendirilmesini ve dengede kalmas\u0131n\u0131 sa\u011flar. Y\u00fcksek a\u015f\u0131nma direnci ve darbeye kar\u015f\u0131 dayan\u0131kl\u0131l\u0131\u011f\u0131 ile zorlu \u00e7al\u0131\u015fma ko\u015fullar\u0131nda uzun \u00f6m\u00fcrl\u00fc kullan\u0131m sunar. Forklift operat\u00f6rleri i\u00e7in g\u00fcvenilir bir yedek par\u00e7ad\u0131r.<br data-start=\"437\" data-end=\"440\" \/><strong data-start=\"440\" data-end=\"455\">\u00d6zellikler:<\/strong><br data-start=\"455\" data-end=\"458\" \/><strong data-start=\"458\" data-end=\"471\">\u00dcr\u00fcn Ad\u0131:<\/strong> 150\u00d750\/54-45 Wicke Klavuz Denge Tekeri<br data-start=\"510\" data-end=\"513\" \/><strong data-start=\"513\" data-end=\"528\">Par\u00e7a Kodu:<\/strong> &#8211;<br data-start=\"530\" data-end=\"533\" \/><strong data-start=\"533\" data-end=\"545\">Malzeme:<\/strong> Y\u00fcksek dayan\u0131ml\u0131 metal ala\u015f\u0131m<br data-start=\"575\" data-end=\"578\" \/><strong data-start=\"578\" data-end=\"597\">Kullan\u0131m Alan\u0131:<\/strong> Wicke forklift ve istif makineleri<br data-start=\"632\" data-end=\"635\" \/><strong data-start=\"635\" data-end=\"647\">Avantaj:<\/strong> Hassas y\u00f6nlendirme, y\u00fcksek dayan\u0131kl\u0131l\u0131k, uzun \u00f6m\u00fcrl\u00fc kullan\u0131m, darbeye kar\u015f\u0131 diren\u00e7<\/p>\n<p data-start=\"735\" data-end=\"1419\">\n","protected":false},"featured_media":16447,"template":"","meta":[],"product_brand":[],"product_cat":[403,185],"product_tag":[],"class_list":{"0":"post-10556","1":"product","2":"type-product","3":"status-publish","4":"has-post-thumbnail","6":"product_cat-denge-tekeri-wicke","7":"product_cat-denge-tekeri","9":"first","10":"instock","11":"taxable","12":"shipping-taxable","13":"purchasable","14":"product-type-simple"},"_links":{"self":[{"href":"https:\/\/ceoparts.com\/tr\/wp-json\/wp\/v2\/product\/10556","targetHints":{"allow":["GET"]}}],"collection":[{"href":"https:\/\/ceoparts.com\/tr\/wp-json\/wp\/v2\/product"}],"about":[{"href":"https:\/\/ceoparts.com\/tr\/wp-json\/wp\/v2\/types\/product"}],"wp:featuredmedia":[{"embeddable":true,"href":"https:\/\/ceoparts.com\/tr\/wp-json\/wp\/v2\/media\/16447"}],"wp:attachment":[{"href":"https:\/\/ceoparts.com\/tr\/wp-json\/wp\/v2\/media?parent=10556"}],"wp:term":[{"taxonomy":"product_brand","embeddable":true,"href":"https:\/\/ceoparts.com\/tr\/wp-json\/wp\/v2\/product_brand?post=10556"},{"taxonomy":"product_cat","embeddable":true,"href":"https:\/\/ceoparts.com\/tr\/wp-json\/wp\/v2\/product_cat?post=10556"},{"taxonomy":"product_tag","embeddable":true,"href":"https:\/\/ceoparts.com\/tr\/wp-json\/wp\/v2\/product_tag?post=10556"}],"curies":[{"name":"wp","href":"https:\/\/api.w.org\/{rel}","templated":true}]}}