{"id":10566,"date":"2024-09-18T14:36:36","date_gmt":"2024-09-18T11:36:36","guid":{"rendered":"https:\/\/ceoparts.com\/?post_type=product&#038;p=10566"},"modified":"2026-05-16T18:33:44","modified_gmt":"2026-05-16T15:33:44","slug":"150x54-60-20-wicke-denge-tekeri","status":"publish","type":"product","link":"https:\/\/ceoparts.com\/tr\/urun\/150x54-60-20-wicke-denge-tekeri\/","title":{"rendered":"150&#215;54\/60-20 Wicke Denge Tekeri &#8211; 1694817"},"content":{"rendered":"<p>150&#215;54\/60-20 Wicke Denge Tekeri &#8211; 1694817<\/p>\n<div class=\"font12\">Hyster C456 (S 1.6 AC)<\/div>\n<div class=\"font12\"><\/div>\n<div class=\"font12\">EJC 12,5 \/ 9.92 &#8211; 7.93<br \/>\nEJC 12 \/ 9.92 &#8211; 7.93<br \/>\nEJC-L 10 \/ 5.93 &#8211; 7.93<br \/>\nEJC-L 10 \/ 5.94 &#8211; 6.96<br \/>\nEJC-Z 12,5\/16 \/ 7.94 &#8211; 6.96<br \/>\nEJC 08\/10 \/ 12.84 &#8211; 8.86<br \/>\nEJC 16 \/ 10.88 &#8211; 10.92<br \/>\nEJC 16 \/ 11.92 &#8211; 7.93<br \/>\nEJC-Z 12,5 \/ 10.88 &#8211; 12.92<br \/>\nEJC-Z 12,5 \/ 1.93 &#8211; 7.93<br \/>\nEJC-Z 16 \/ 1.93 &#8211; 7.93<br \/>\nEJC-L 10 \/ 7.96 &#8211; 9.97<br \/>\nEJC 14\/16 \/ 6.98 &#8211; 2.06<\/div>\n<div class=\"font12\"><\/div>\n<div class=\"font12\">EJD 20-4 \/ 5.94 \u2013 10.94<br \/>\nEJD 20-4 \/ 10.94 &#8211; 3.95<br \/>\nEJD 20-4 \/ 4.95 \u2013 12.01<\/div>\n<div class=\"font12\"><\/div>\n<div class=\"font12\">EJE 16-4 \/ 1.00 &#8211;<br \/>\nEJE 16-4 \/ 8.96 &#8211; 12.99<\/div>\n<div class=\"font12\"><\/div>\n<div class=\"font12\">ERC 12,5 \/ 7.88 &#8211; 9.94<br \/>\nERC 12,5 \/ 8.85 &#8211; 3.87<br \/>\nERC 12,5 \/ 4.87 &#8211; 6.88<\/div>\n<div class=\"font12\"><\/div>\n<div class=\"font12\">ERE 20 \/ 1.92 &#8211; 4.94<br \/>\nERE 20 \/ 5.94 &#8211; 6.97<br \/>\nERE 20 \/ 11.83 &#8211; 8.84<br \/>\nEMC 110\/ 10<\/div>","protected":false},"excerpt":{"rendered":"<div>\n<p data-start=\"0\" data-end=\"678\"><br data-start=\"5\" data-end=\"8\" \/>150\u00d754\/60-20 Wicke Denge Tekeri, Wicke marka forklift ve istif makineleri i\u00e7in tasarlanm\u0131\u015f dayan\u0131kl\u0131 ve g\u00fcvenilir bir denge tekeridir. Y\u00fcksek kaliteli malzemelerden \u00fcretilmi\u015f olup, makinenin dengede kalmas\u0131n\u0131 sa\u011flar ve g\u00fcvenli, stabil hareket sunar. Zorlu \u00e7al\u0131\u015fma ortamlar\u0131nda uzun \u00f6m\u00fcrl\u00fc performans g\u00f6sterir, darbeye ve a\u015f\u0131nmaya kar\u015f\u0131 diren\u00e7lidir. Wicke forkliftler i\u00e7in ideal yedek par\u00e7ad\u0131r.<br data-start=\"401\" data-end=\"404\" \/><strong data-start=\"404\" data-end=\"419\">\u00d6zellikler:<\/strong><br data-start=\"419\" data-end=\"422\" \/><strong data-start=\"422\" data-end=\"435\">\u00dcr\u00fcn Ad\u0131:<\/strong> 150\u00d754\/60-20 Wicke Denge Tekeri<br data-start=\"467\" data-end=\"470\" \/><strong data-start=\"470\" data-end=\"485\">Par\u00e7a Kodu:<\/strong> 1694817<br data-start=\"493\" data-end=\"496\" \/><strong data-start=\"496\" data-end=\"508\">Malzeme:<\/strong> Y\u00fcksek dayan\u0131ml\u0131 metal ala\u015f\u0131m<br data-start=\"538\" data-end=\"541\" \/><strong data-start=\"541\" data-end=\"560\">Kullan\u0131m Alan\u0131:<\/strong> Wicke forklift ve istif makineleri<br data-start=\"595\" data-end=\"598\" \/><strong data-start=\"598\" data-end=\"610\">Avantaj:<\/strong> Uzun \u00f6m\u00fcrl\u00fc, y\u00fcksek dayan\u0131kl\u0131l\u0131k, stabilite, darbeye kar\u015f\u0131 diren\u00e7<\/p>\n<p data-start=\"680\" data-end=\"1325\">\n","protected":false},"featured_media":16456,"template":"","meta":[],"product_brand":[],"product_cat":[256,258,403,185],"product_tag":[],"class_list":{"0":"post-10566","1":"product","2":"type-product","3":"status-publish","4":"has-post-thumbnail","6":"product_cat-hyster","7":"product_cat-denge-tekeri-hyster","8":"product_cat-denge-tekeri-wicke","9":"product_cat-denge-tekeri","11":"first","12":"instock","13":"taxable","14":"shipping-taxable","15":"purchasable","16":"product-type-simple"},"_links":{"self":[{"href":"https:\/\/ceoparts.com\/tr\/wp-json\/wp\/v2\/product\/10566","targetHints":{"allow":["GET"]}}],"collection":[{"href":"https:\/\/ceoparts.com\/tr\/wp-json\/wp\/v2\/product"}],"about":[{"href":"https:\/\/ceoparts.com\/tr\/wp-json\/wp\/v2\/types\/product"}],"wp:featuredmedia":[{"embeddable":true,"href":"https:\/\/ceoparts.com\/tr\/wp-json\/wp\/v2\/media\/16456"}],"wp:attachment":[{"href":"https:\/\/ceoparts.com\/tr\/wp-json\/wp\/v2\/media?parent=10566"}],"wp:term":[{"taxonomy":"product_brand","embeddable":true,"href":"https:\/\/ceoparts.com\/tr\/wp-json\/wp\/v2\/product_brand?post=10566"},{"taxonomy":"product_cat","embeddable":true,"href":"https:\/\/ceoparts.com\/tr\/wp-json\/wp\/v2\/product_cat?post=10566"},{"taxonomy":"product_tag","embeddable":true,"href":"https:\/\/ceoparts.com\/tr\/wp-json\/wp\/v2\/product_tag?post=10566"}],"curies":[{"name":"wp","href":"https:\/\/api.w.org\/{rel}","templated":true}]}}