{"id":10573,"date":"2024-09-18T14:57:44","date_gmt":"2024-09-18T11:57:44","guid":{"rendered":"https:\/\/ceoparts.com\/?post_type=product&#038;p=10573"},"modified":"2026-05-16T17:33:07","modified_gmt":"2026-05-16T14:33:07","slug":"150x79-20-wicke-denge-tekeri","status":"publish","type":"product","link":"https:\/\/ceoparts.com\/tr\/urun\/150x79-20-wicke-denge-tekeri\/","title":{"rendered":"150&#215;79\/79-20 Wicke Denge Tekeri &#8211; 1644573 PU"},"content":{"rendered":"<p>150&#215;79\/79-20 Wicke Denge Tekeri &#8211; 1644573 PU<\/p>","protected":false},"excerpt":{"rendered":"<p data-start=\"0\" data-end=\"744\"><br data-start=\"5\" data-end=\"8\" \/>150\u00d779\/79-20 Wicke Denge Tekeri, Wicke marka forklift ve istif makineleri i\u00e7in \u00fcretilmi\u015f dayan\u0131kl\u0131 ve y\u00fcksek performansl\u0131 bir denge tekeridir. Poli\u00fcretan (PU) malzemeden imal edilmi\u015ftir, bu sayede y\u00fcksek a\u015f\u0131nma direnci ve uzun \u00f6m\u00fcr sunar. Makinenin dengede kalmas\u0131n\u0131 sa\u011flayarak g\u00fcvenli ve stabil hareket kabiliyeti sa\u011flar. Zorlu \u00e7al\u0131\u015fma ko\u015fullar\u0131na dayan\u0131kl\u0131 yap\u0131s\u0131 ile operasyonel verimlili\u011fi art\u0131r\u0131r. Wicke forkliftler i\u00e7in ideal yedek par\u00e7ad\u0131r.<br data-start=\"455\" data-end=\"458\" \/><strong data-start=\"458\" data-end=\"473\">\u00d6zellikler:<\/strong><br data-start=\"473\" data-end=\"476\" \/><strong data-start=\"476\" data-end=\"489\">\u00dcr\u00fcn Ad\u0131:<\/strong> 150\u00d779\/79-20 Wicke Denge Tekeri (PU)<br data-start=\"526\" data-end=\"529\" \/><strong data-start=\"529\" data-end=\"544\">Par\u00e7a Kodu:<\/strong> 1644573<br data-start=\"552\" data-end=\"555\" \/><strong data-start=\"555\" data-end=\"567\">Malzeme:<\/strong> Poli\u00fcretan (PU), y\u00fcksek a\u015f\u0131nma direnci<br data-start=\"606\" data-end=\"609\" \/><strong data-start=\"609\" data-end=\"628\">Kullan\u0131m Alan\u0131:<\/strong> Wicke forklift ve istif makineleri<br data-start=\"663\" data-end=\"666\" \/><strong data-start=\"666\" data-end=\"678\">Avantaj:<\/strong> Uzun \u00f6m\u00fcr, y\u00fcksek dayan\u0131kl\u0131l\u0131k, stabilite, darbeye kar\u015f\u0131 diren\u00e7<\/p>\n<p data-start=\"746\" data-end=\"1457\">\n","protected":false},"featured_media":10576,"template":"","meta":[],"product_brand":[],"product_cat":[403,185],"product_tag":[],"class_list":{"0":"post-10573","1":"product","2":"type-product","3":"status-publish","4":"has-post-thumbnail","6":"product_cat-denge-tekeri-wicke","7":"product_cat-denge-tekeri","9":"first","10":"instock","11":"taxable","12":"shipping-taxable","13":"purchasable","14":"product-type-simple"},"_links":{"self":[{"href":"https:\/\/ceoparts.com\/tr\/wp-json\/wp\/v2\/product\/10573","targetHints":{"allow":["GET"]}}],"collection":[{"href":"https:\/\/ceoparts.com\/tr\/wp-json\/wp\/v2\/product"}],"about":[{"href":"https:\/\/ceoparts.com\/tr\/wp-json\/wp\/v2\/types\/product"}],"wp:featuredmedia":[{"embeddable":true,"href":"https:\/\/ceoparts.com\/tr\/wp-json\/wp\/v2\/media\/10576"}],"wp:attachment":[{"href":"https:\/\/ceoparts.com\/tr\/wp-json\/wp\/v2\/media?parent=10573"}],"wp:term":[{"taxonomy":"product_brand","embeddable":true,"href":"https:\/\/ceoparts.com\/tr\/wp-json\/wp\/v2\/product_brand?post=10573"},{"taxonomy":"product_cat","embeddable":true,"href":"https:\/\/ceoparts.com\/tr\/wp-json\/wp\/v2\/product_cat?post=10573"},{"taxonomy":"product_tag","embeddable":true,"href":"https:\/\/ceoparts.com\/tr\/wp-json\/wp\/v2\/product_tag?post=10573"}],"curies":[{"name":"wp","href":"https:\/\/api.w.org\/{rel}","templated":true}]}}