{"id":10579,"date":"2024-09-18T17:09:21","date_gmt":"2024-09-18T14:09:21","guid":{"rendered":"https:\/\/ceoparts.com\/?post_type=product&#038;p=10579"},"modified":"2026-05-16T15:09:29","modified_gmt":"2026-05-16T12:09:29","slug":"150x40-35-stellana-klavuz-denge-tekeri-8428366","status":"publish","type":"product","link":"https:\/\/ceoparts.com\/tr\/urun\/150x40-35-stellana-klavuz-denge-tekeri-8428366\/","title":{"rendered":"156&#215;40\/30-35 Stellana Vulkollan Klavuz Denge Tekeri &#8211; 8428366"},"content":{"rendered":"<p>156&#215;40\/30-35 Stellana Vulkollan Klavuz Denge Tekeri &#8211; 8428366<\/p>","protected":false},"excerpt":{"rendered":"<article class=\"text-token-text-primary w-full\" dir=\"auto\" data-testid=\"conversation-turn-28\" data-scroll-anchor=\"true\">\n<div class=\"text-base my-auto mx-auto py-5 [--thread-content-margin:--spacing(4)] @[37rem]:[--thread-content-margin:--spacing(6)] @[72rem]:[--thread-content-margin:--spacing(16)] px-(--thread-content-margin)\">\n<div class=\"[--thread-content-max-width:32rem] @[34rem]:[--thread-content-max-width:40rem] @[64rem]:[--thread-content-max-width:48rem] mx-auto flex max-w-(--thread-content-max-width) flex-1 text-base gap-4 md:gap-5 lg:gap-6 group\/turn-messages focus-visible:outline-hidden\" tabindex=\"-1\">\n<div class=\"group\/conversation-turn relative flex w-full min-w-0 flex-col agent-turn\">\n<div class=\"relative flex-col gap-1 md:gap-3\">\n<div class=\"flex max-w-full flex-col grow\">\n<div class=\"min-h-8 text-message relative flex w-full flex-col items-end gap-2 text-start break-words whitespace-normal [.text-message+&amp;]:mt-5\" dir=\"auto\" data-message-author-role=\"assistant\" data-message-id=\"24348097-f948-45fe-b7bb-a1f8e0319e39\" data-message-model-slug=\"gpt-4-1-mini\">\n<div class=\"flex w-full flex-col gap-1 empty:hidden first:pt-[3px]\">\n<div class=\"markdown prose dark:prose-invert w-full break-words light\">\n<p data-start=\"0\" data-end=\"861\"><br data-start=\"5\" data-end=\"8\" \/>156\u00d740\/30-35 Stellana Vulkollan Klavuz Denge Tekeri, forklift ve istif makineleri i\u00e7in \u00f6zel olarak tasarlanm\u0131\u015f y\u00fcksek kaliteli bir klavuz ve denge tekeridir. Stellana ve Vulkollan malzemelerin birle\u015fimiyle \u00fcretilen bu teker, \u00fcst\u00fcn a\u015f\u0131nma direnci ve y\u00fcksek dayan\u0131kl\u0131l\u0131k sunar. Makinenin dengede kalmas\u0131n\u0131 sa\u011flayarak stabil hareket ve hassas y\u00f6nlendirme imkan\u0131 verir. Darbeye kar\u015f\u0131 dayan\u0131kl\u0131 yap\u0131s\u0131 sayesinde zorlu \u00e7al\u0131\u015fma ko\u015fullar\u0131nda uzun \u00f6m\u00fcrl\u00fc performans sa\u011flar. Forklift operat\u00f6rleri i\u00e7in ideal yedek par\u00e7ad\u0131r.<br data-start=\"521\" data-end=\"524\" \/><strong data-start=\"524\" data-end=\"539\">\u00d6zellikler:<\/strong><br data-start=\"539\" data-end=\"542\" \/><strong data-start=\"542\" data-end=\"555\">\u00dcr\u00fcn Ad\u0131:<\/strong> 156\u00d740\/30-35 Stellana Vulkollan Klavuz Denge Tekeri<br data-start=\"607\" data-end=\"610\" \/><strong data-start=\"610\" data-end=\"625\">Par\u00e7a Kodu:<\/strong> 8428366<br data-start=\"633\" data-end=\"636\" \/><strong data-start=\"636\" data-end=\"648\">Malzeme:<\/strong> Stellana ve Vulkollan, y\u00fcksek a\u015f\u0131nma direnci ve dayan\u0131kl\u0131l\u0131k<br data-start=\"709\" data-end=\"712\" \/><strong data-start=\"712\" data-end=\"731\">Kullan\u0131m Alan\u0131:<\/strong> Forklift ve istif makineleri<br data-start=\"760\" data-end=\"763\" \/><strong data-start=\"763\" data-end=\"775\">Avantaj:<\/strong> Y\u00fcksek dayan\u0131kl\u0131l\u0131k, hassas y\u00f6nlendirme, uzun \u00f6m\u00fcrl\u00fc kullan\u0131m, darbeye kar\u015f\u0131 diren\u00e7<\/p>\n<p data-start=\"863\" data-end=\"1701\">\n<\/div>\n<\/div>\n<\/div>\n<\/div>\n<\/div>\n<\/div>\n<\/div>\n<\/div>\n<\/article>\n","protected":false},"featured_media":16462,"template":"","meta":[],"product_brand":[],"product_cat":[416,417,185],"product_tag":[],"class_list":{"0":"post-10579","1":"product","2":"type-product","3":"status-publish","4":"has-post-thumbnail","6":"product_cat-stellana","7":"product_cat-denge-tekeri-stellana","8":"product_cat-denge-tekeri","10":"first","11":"instock","12":"taxable","13":"shipping-taxable","14":"purchasable","15":"product-type-simple"},"_links":{"self":[{"href":"https:\/\/ceoparts.com\/tr\/wp-json\/wp\/v2\/product\/10579","targetHints":{"allow":["GET"]}}],"collection":[{"href":"https:\/\/ceoparts.com\/tr\/wp-json\/wp\/v2\/product"}],"about":[{"href":"https:\/\/ceoparts.com\/tr\/wp-json\/wp\/v2\/types\/product"}],"wp:featuredmedia":[{"embeddable":true,"href":"https:\/\/ceoparts.com\/tr\/wp-json\/wp\/v2\/media\/16462"}],"wp:attachment":[{"href":"https:\/\/ceoparts.com\/tr\/wp-json\/wp\/v2\/media?parent=10579"}],"wp:term":[{"taxonomy":"product_brand","embeddable":true,"href":"https:\/\/ceoparts.com\/tr\/wp-json\/wp\/v2\/product_brand?post=10579"},{"taxonomy":"product_cat","embeddable":true,"href":"https:\/\/ceoparts.com\/tr\/wp-json\/wp\/v2\/product_cat?post=10579"},{"taxonomy":"product_tag","embeddable":true,"href":"https:\/\/ceoparts.com\/tr\/wp-json\/wp\/v2\/product_tag?post=10579"}],"curies":[{"name":"wp","href":"https:\/\/api.w.org\/{rel}","templated":true}]}}