{"id":10589,"date":"2024-09-19T09:49:25","date_gmt":"2024-09-19T06:49:25","guid":{"rendered":"https:\/\/ceoparts.com\/?post_type=product&#038;p=10589"},"modified":"2026-05-16T16:00:29","modified_gmt":"2026-05-16T13:00:29","slug":"180x65-25-stellana-denge-tekeri","status":"publish","type":"product","link":"https:\/\/ceoparts.com\/tr\/urun\/180x65-25-stellana-denge-tekeri\/","title":{"rendered":"180&#215;65\/75-25 Stellana Denge Tekeri &#8211; 51367028 ,27637400"},"content":{"rendered":"<p>180&#215;65\/75-25 Stellana Denge Tekeri &#8211; 51367028 ,27637400<\/p>\n<div class=\"font12\">Jungheinrich 27637400, 51056244, 50316136, 51367028<\/div>\n<div class=\"font12\"><\/div>\n<div class=\"font12\">ECE 20 \/ 3.93 &#8211; 8.97<\/div>\n<div class=\"font12\">ECC 10 \/ 5.94 &#8211; 3.98<br \/>\nECC 10 \/ 4.98 &#8211; 4.98<br \/>\nECC 10 AC \/ 2.03 &#8211; 3.04<br \/>\nECC SH 20 \/ 4.98 &#8211; 10.02<br \/>\nECC SH 20 AC \/ 11.02 &#8211; 3.04<\/div>\n<div class=\"font12\">ECE 20 \/ 3.93 &#8211; 8.97<br \/>\nECE 20 &#8211; TC \/ 7.99 &#8211; 3.03<br \/>\nECE 20 AC \/ 7.01 &#8211; 3.04<br \/>\nECE 20 AC XL \/ 6.02 &#8211; 3.04<br \/>\nECE 20 ASDA\/SAFEWAY \/ 3.00 &#8211; 9.02<br \/>\nECE 20 hebbare Standplattform \/ 9.97 &#8211; 12.02<br \/>\nECE 20 Serie\/Tesco -03.2000 \/ 4.98 &#8211; 2.00<br \/>\nECE 20 Tesco \/ 3.00 &#8211; 9.02<br \/>\nECE 220 HP AC \/ 4.04 &#8211; 11.07<br \/>\nECE 220 XL \/ 4.04 &#8211; 3.08<br \/>\nECE 220-ac \/ 4.04 &#8211; 4.07<br \/>\nECE 220\/225 \/ 12.06 &#8211; 7.09<br \/>\nECE 220\/225 \/ 8.09 &#8211;<br \/>\nECE 225 HP \/ 12.07 &#8211;<br \/>\nECE 225 XL \/ 12.07 &#8211; 12.08<br \/>\nECE 225 XL \/ 1.09 &#8211;<br \/>\nECE 310 \/ 4.04 &#8211; 12.07<br \/>\nECE 310 \/ 1.08 &#8211;<br \/>\nECE 320 \/ 4.04 &#8211; 12.07<br \/>\nECE 320 \/ 1.08 &#8211; 7.09<br \/>\nECE 320 \/ 8.09 &#8211;<\/div>\n<div class=\"font12\">EJE-L 16 \/ 8.93 &#8211; 1.96<\/div>\n<div class=\"font12\">EKC 12,5 \/ 16 \/ 2.95 &#8211; 12.99<br \/>\nEKC 12,5 \/ 16 \/ 1.00 &#8211; 4.04<br \/>\nEKC 20 \/ 5.04 &#8211; 12.04<br \/>\nEKC-Z \/ 5.04 &#8211; 12.04<br \/>\nEKC-Z 12,5 \/ 16 \/ 2.95 &#8211; 12.99<\/div>\n<div class=\"font12\">EKD 10-20 \/ 5.95 &#8211; 12.99<br \/>\nEKD 20 \/ 10.03 &#8211; 12.04<\/div>\n<div class=\"font12\">EKE 20 \/ 1.91 &#8211; 4.94<br \/>\nEKE 20 \/ 5.94 &#8211; 5.97<br \/>\nEKE 20 24V \/ 8.97 &#8211; 5.03<br \/>\nEKE 20 s \/ 8.03 &#8211; 12.04<\/div>\n<div class=\"font12\">ERC 12,5 \/ 7.88 &#8211; 9.94<br \/>\nESC 2 \/ 1.05 &#8211; 7.09<br \/>\nESC 214\/216Z \/ 8.09 &#8211;<br \/>\nESC 316\/316Z \/ 11.07 &#8211;<br \/>\nESC Z \/ 1.05 &#8211; 7.09<\/div>\n<div class=\"font12\">ESD 220 \/ 1.05 &#8211;<\/div>\n<div class=\"font12\">ESE 220 \/ 1.05 &#8211; 1.10<br \/>\nESE 320 \/ 1.05 &#8211; 1.10<\/div>","protected":false},"excerpt":{"rendered":"<p data-start=\"0\" data-end=\"739\"><br data-start=\"5\" data-end=\"8\" \/>180\u00d765\/75-25 Stellana Denge Tekeri, forklift ve istif makineleri i\u00e7in \u00fcretilmi\u015f y\u00fcksek kaliteli Stellana malzemeden yap\u0131lm\u0131\u015f denge tekeridir. Y\u00fcksek a\u015f\u0131nma direnci ve dayan\u0131kl\u0131l\u0131\u011f\u0131 sayesinde makinenizin dengede kalmas\u0131n\u0131 sa\u011flar, g\u00fcvenli ve stabil hareket imkan\u0131 sunar. Darbelere kar\u015f\u0131 dayan\u0131kl\u0131 yap\u0131s\u0131 ile zorlu \u00e7al\u0131\u015fma ko\u015fullar\u0131nda uzun \u00f6m\u00fcrl\u00fc performans g\u00f6sterir. Forklift operat\u00f6rleri i\u00e7in ideal yedek par\u00e7ad\u0131r.<br data-start=\"422\" data-end=\"425\" \/><strong data-start=\"425\" data-end=\"440\">\u00d6zellikler:<\/strong><br data-start=\"440\" data-end=\"443\" \/><strong data-start=\"443\" data-end=\"456\">\u00dcr\u00fcn Ad\u0131:<\/strong> 180\u00d765\/75-25 Stellana Denge Tekeri<br data-start=\"491\" data-end=\"494\" \/><strong data-start=\"494\" data-end=\"509\">Par\u00e7a Kodu:<\/strong> 51367028, 27637400<br data-start=\"528\" data-end=\"531\" \/><strong data-start=\"531\" data-end=\"543\">Malzeme:<\/strong> Stellana, y\u00fcksek a\u015f\u0131nma direnci ve dayan\u0131kl\u0131l\u0131k<br data-start=\"591\" data-end=\"594\" \/><strong data-start=\"594\" data-end=\"613\">Kullan\u0131m Alan\u0131:<\/strong> Forklift ve istif makineleri<br data-start=\"642\" data-end=\"645\" \/><strong data-start=\"645\" data-end=\"657\">Avantaj:<\/strong> Y\u00fcksek dayan\u0131kl\u0131l\u0131k, m\u00fckemmel denge, uzun \u00f6m\u00fcrl\u00fc kullan\u0131m, darbeye kar\u015f\u0131 diren\u00e7<\/p>\n<p data-start=\"741\" data-end=\"1444\">\n","protected":false},"featured_media":16465,"template":"","meta":[],"product_brand":[],"product_cat":[236,237,417,185],"product_tag":[],"class_list":{"0":"post-10589","1":"product","2":"type-product","3":"status-publish","4":"has-post-thumbnail","6":"product_cat-jungheinrich","7":"product_cat-denge-tekeri-jungheinrich","8":"product_cat-denge-tekeri-stellana","9":"product_cat-denge-tekeri","11":"first","12":"instock","13":"taxable","14":"shipping-taxable","15":"purchasable","16":"product-type-simple"},"_links":{"self":[{"href":"https:\/\/ceoparts.com\/tr\/wp-json\/wp\/v2\/product\/10589","targetHints":{"allow":["GET"]}}],"collection":[{"href":"https:\/\/ceoparts.com\/tr\/wp-json\/wp\/v2\/product"}],"about":[{"href":"https:\/\/ceoparts.com\/tr\/wp-json\/wp\/v2\/types\/product"}],"wp:featuredmedia":[{"embeddable":true,"href":"https:\/\/ceoparts.com\/tr\/wp-json\/wp\/v2\/media\/16465"}],"wp:attachment":[{"href":"https:\/\/ceoparts.com\/tr\/wp-json\/wp\/v2\/media?parent=10589"}],"wp:term":[{"taxonomy":"product_brand","embeddable":true,"href":"https:\/\/ceoparts.com\/tr\/wp-json\/wp\/v2\/product_brand?post=10589"},{"taxonomy":"product_cat","embeddable":true,"href":"https:\/\/ceoparts.com\/tr\/wp-json\/wp\/v2\/product_cat?post=10589"},{"taxonomy":"product_tag","embeddable":true,"href":"https:\/\/ceoparts.com\/tr\/wp-json\/wp\/v2\/product_tag?post=10589"}],"curies":[{"name":"wp","href":"https:\/\/api.w.org\/{rel}","templated":true}]}}