{"id":10603,"date":"2024-09-19T14:53:58","date_gmt":"2024-09-19T11:53:58","guid":{"rendered":"https:\/\/ceoparts.com\/?post_type=product&#038;p=10603"},"modified":"2026-05-02T17:40:00","modified_gmt":"2026-05-02T14:40:00","slug":"150x81-25-bt-denge-tekeri","status":"publish","type":"product","link":"https:\/\/ceoparts.com\/tr\/urun\/150x81-25-bt-denge-tekeri\/","title":{"rendered":"152&#215;86-25 Stellana BT Vulkollan Denge Tekeri &#8211; BT 7509579, 210545"},"content":{"rendered":"<p>152&#215;86-25 Stellana BT Vulkollan Denge Tekeri &#8211; BT 7509579, 210545<\/p>\n<p>BT 7509579; 210545, 201254, 171204<\/p>\n<p>OL 20<br \/>\nOL 25<\/p>\n<p>OS 1.0<br \/>\nOS 1.8 X OPUS<br \/>\nOS 2.0<br \/>\nOS 2.0 TRINKS<br \/>\nOS 3.0 OPUS<\/p>\n<p>OSE 120<br \/>\nOSE 120 IKEA<br \/>\nOSE 120 P<br \/>\nOSE 180 X<br \/>\nOSE 180 XP<br \/>\nOSE 250<br \/>\nOSE 250 P<\/p>","protected":false},"excerpt":{"rendered":"<p data-start=\"0\" data-end=\"862\"><br data-start=\"5\" data-end=\"8\" \/>152\u00d786-25 Stellana BT Vulkollan Denge Tekeri, BT marka forklift ve istif makineleri i\u00e7in \u00f6zel olarak tasarlanm\u0131\u015f y\u00fcksek kaliteli denge tekeridir. Stellana ve Vulkollan malzemelerin birle\u015fimi ile \u00fcretilen bu teker, \u00fcst\u00fcn a\u015f\u0131nma direnci ve y\u00fcksek y\u00fck ta\u015f\u0131ma kapasitesi sunar. Makinenin dengede kalmas\u0131n\u0131 sa\u011flayarak g\u00fcvenli ve stabil hareket sa\u011flar. Darbelere kar\u015f\u0131 dayan\u0131kl\u0131 yap\u0131s\u0131 sayesinde zorlu \u00e7al\u0131\u015fma ko\u015fullar\u0131nda bile uzun \u00f6m\u00fcrl\u00fc performans g\u00f6sterir. BT forklift kullan\u0131c\u0131lar\u0131 i\u00e7in ideal bir yedek par\u00e7ad\u0131r.<br data-start=\"519\" data-end=\"522\" \/><strong data-start=\"522\" data-end=\"537\">\u00d6zellikler:<\/strong><br data-start=\"537\" data-end=\"540\" \/><strong data-start=\"540\" data-end=\"553\">\u00dcr\u00fcn Ad\u0131:<\/strong> 152\u00d786-25 Stellana BT Vulkollan Denge Tekeri<br data-start=\"598\" data-end=\"601\" \/><strong data-start=\"601\" data-end=\"616\">Par\u00e7a Kodu:<\/strong> BT 7509579, 210545<br data-start=\"635\" data-end=\"638\" \/><strong data-start=\"638\" data-end=\"650\">Malzeme:<\/strong> Stellana ve Vulkollan, y\u00fcksek a\u015f\u0131nma direnci ve dayan\u0131kl\u0131l\u0131k<br data-start=\"711\" data-end=\"714\" \/><strong data-start=\"714\" data-end=\"733\">Kullan\u0131m Alan\u0131:<\/strong> BT forklift ve istif makineleri<br data-start=\"765\" data-end=\"768\" \/><strong data-start=\"768\" data-end=\"780\">Avantaj:<\/strong> Y\u00fcksek dayan\u0131kl\u0131l\u0131k, m\u00fckemmel denge, uzun \u00f6m\u00fcrl\u00fc kullan\u0131m, darbeye kar\u015f\u0131 diren\u00e7<\/p>\n<p data-start=\"864\" data-end=\"1690\">\n","protected":false},"featured_media":16459,"template":"","meta":[],"product_brand":[],"product_cat":[251,252,416,417,185],"product_tag":[],"class_list":{"0":"post-10603","1":"product","2":"type-product","3":"status-publish","4":"has-post-thumbnail","6":"product_cat-bt","7":"product_cat-denge-tekeri-bt","8":"product_cat-stellana","9":"product_cat-denge-tekeri-stellana","10":"product_cat-denge-tekeri","12":"first","13":"instock","14":"taxable","15":"shipping-taxable","16":"purchasable","17":"product-type-simple"},"_links":{"self":[{"href":"https:\/\/ceoparts.com\/tr\/wp-json\/wp\/v2\/product\/10603","targetHints":{"allow":["GET"]}}],"collection":[{"href":"https:\/\/ceoparts.com\/tr\/wp-json\/wp\/v2\/product"}],"about":[{"href":"https:\/\/ceoparts.com\/tr\/wp-json\/wp\/v2\/types\/product"}],"wp:featuredmedia":[{"embeddable":true,"href":"https:\/\/ceoparts.com\/tr\/wp-json\/wp\/v2\/media\/16459"}],"wp:attachment":[{"href":"https:\/\/ceoparts.com\/tr\/wp-json\/wp\/v2\/media?parent=10603"}],"wp:term":[{"taxonomy":"product_brand","embeddable":true,"href":"https:\/\/ceoparts.com\/tr\/wp-json\/wp\/v2\/product_brand?post=10603"},{"taxonomy":"product_cat","embeddable":true,"href":"https:\/\/ceoparts.com\/tr\/wp-json\/wp\/v2\/product_cat?post=10603"},{"taxonomy":"product_tag","embeddable":true,"href":"https:\/\/ceoparts.com\/tr\/wp-json\/wp\/v2\/product_tag?post=10603"}],"curies":[{"name":"wp","href":"https:\/\/api.w.org\/{rel}","templated":true}]}}