{"id":10607,"date":"2024-09-19T16:00:09","date_gmt":"2024-09-19T13:00:09","guid":{"rendered":"https:\/\/ceoparts.com\/?post_type=product&#038;p=10607"},"modified":"2026-05-16T14:33:20","modified_gmt":"2026-05-16T11:33:20","slug":"125x60-64-20-linde-denge-tekeri","status":"publish","type":"product","link":"https:\/\/ceoparts.com\/tr\/urun\/125x60-64-20-linde-denge-tekeri\/","title":{"rendered":"125&#215;60\/62-20 Linde Stellana Denge Tekeri &#8211; 0009933803"},"content":{"rendered":"<p>125&#215;60\/62-20 Linde Stellana Denge Tekeri &#8211; 0009933803<\/p>\n<p>134 L 20 L\/LP<br \/>\n131 T20AP\/T20SP<br \/>\n131 T20AP\/T20SP<br \/>\n131 T20AP\/T20SP<br \/>\n132N20\/N24\/N20L\/N20LI<br \/>\n132 N20\/N24\/N20L\/N20LI<br \/>\n133L12\/L14-L12L\/L14L-L12LHP<br \/>\n141 T20AP<br \/>\n141 L12L\/L12LP<\/p>","protected":false},"excerpt":{"rendered":"<p data-start=\"0\" data-end=\"824\"><br data-start=\"5\" data-end=\"8\" \/>125\u00d760\/62-20 Linde Stellana Denge Tekeri, Linde marka forklift ve istif makineleri i\u00e7in \u00fcretilmi\u015f y\u00fcksek kaliteli denge tekeridir. Stellana malzemeden imal edilen bu teker, \u00fcst\u00fcn a\u015f\u0131nma direnci ve y\u00fcksek y\u00fck ta\u015f\u0131ma kapasitesi ile uzun \u00f6m\u00fcrl\u00fc performans sunar. Makinenin dengede kalmas\u0131n\u0131 sa\u011flayarak g\u00fcvenli ve stabil hareket sa\u011flar. Darbelere kar\u015f\u0131 dayan\u0131kl\u0131 yap\u0131s\u0131 sayesinde zorlu \u00e7al\u0131\u015fma ko\u015fullar\u0131nda bile y\u00fcksek performans g\u00f6sterir. Linde forklift kullan\u0131c\u0131lar\u0131 i\u00e7in ideal bir yedek par\u00e7ad\u0131r.<br data-start=\"503\" data-end=\"506\" \/><strong data-start=\"506\" data-end=\"521\">\u00d6zellikler:<\/strong><br data-start=\"521\" data-end=\"524\" \/><strong data-start=\"524\" data-end=\"537\">\u00dcr\u00fcn Ad\u0131:<\/strong> 125\u00d760\/62-20 Linde Stellana Denge Tekeri<br data-start=\"578\" data-end=\"581\" \/><strong data-start=\"581\" data-end=\"596\">Par\u00e7a Kodu:<\/strong> 0009933803<br data-start=\"607\" data-end=\"610\" \/><strong data-start=\"610\" data-end=\"622\">Malzeme:<\/strong> Stellana, y\u00fcksek a\u015f\u0131nma direnci ve dayan\u0131kl\u0131l\u0131k<br data-start=\"670\" data-end=\"673\" \/><strong data-start=\"673\" data-end=\"692\">Kullan\u0131m Alan\u0131:<\/strong> Linde forklift ve istif makineleri<br data-start=\"727\" data-end=\"730\" \/><strong data-start=\"730\" data-end=\"742\">Avantaj:<\/strong> Y\u00fcksek dayan\u0131kl\u0131l\u0131k, m\u00fckemmel denge, uzun \u00f6m\u00fcrl\u00fc kullan\u0131m, darbeye kar\u015f\u0131 diren\u00e7<\/p>\n<p data-start=\"826\" data-end=\"1606\">\n","protected":false},"featured_media":16418,"template":"","meta":[],"product_brand":[],"product_cat":[417,246,247,252,416,185],"product_tag":[],"class_list":{"0":"post-10607","1":"product","2":"type-product","3":"status-publish","4":"has-post-thumbnail","6":"product_cat-denge-tekeri-stellana","7":"product_cat-linde","8":"product_cat-denge-tekeri-linde","9":"product_cat-denge-tekeri-bt","10":"product_cat-stellana","11":"product_cat-denge-tekeri","13":"first","14":"instock","15":"taxable","16":"shipping-taxable","17":"purchasable","18":"product-type-simple"},"_links":{"self":[{"href":"https:\/\/ceoparts.com\/tr\/wp-json\/wp\/v2\/product\/10607","targetHints":{"allow":["GET"]}}],"collection":[{"href":"https:\/\/ceoparts.com\/tr\/wp-json\/wp\/v2\/product"}],"about":[{"href":"https:\/\/ceoparts.com\/tr\/wp-json\/wp\/v2\/types\/product"}],"wp:featuredmedia":[{"embeddable":true,"href":"https:\/\/ceoparts.com\/tr\/wp-json\/wp\/v2\/media\/16418"}],"wp:attachment":[{"href":"https:\/\/ceoparts.com\/tr\/wp-json\/wp\/v2\/media?parent=10607"}],"wp:term":[{"taxonomy":"product_brand","embeddable":true,"href":"https:\/\/ceoparts.com\/tr\/wp-json\/wp\/v2\/product_brand?post=10607"},{"taxonomy":"product_cat","embeddable":true,"href":"https:\/\/ceoparts.com\/tr\/wp-json\/wp\/v2\/product_cat?post=10607"},{"taxonomy":"product_tag","embeddable":true,"href":"https:\/\/ceoparts.com\/tr\/wp-json\/wp\/v2\/product_tag?post=10607"}],"curies":[{"name":"wp","href":"https:\/\/api.w.org\/{rel}","templated":true}]}}