{"id":10611,"date":"2024-09-19T16:15:15","date_gmt":"2024-09-19T13:15:15","guid":{"rendered":"https:\/\/ceoparts.com\/?post_type=product&#038;p=10611"},"modified":"2026-05-16T18:34:58","modified_gmt":"2026-05-16T15:34:58","slug":"125x60-62-20-stellana-vulkollan-denge-tekeri","status":"publish","type":"product","link":"https:\/\/ceoparts.com\/tr\/urun\/125x60-62-20-stellana-vulkollan-denge-tekeri\/","title":{"rendered":"125&#215;60\/62-20 Wicke Vulkollan Denge Tekeri &#8211; 0009933803"},"content":{"rendered":"<p>125&#215;60\/62-20 Wicke Vulkollan Denge Tekeri &#8211; 0009933803<\/p>\n<p>134 L 20 L\/LP<br \/>\n131 T20AP\/T20SP<br \/>\n131 T20AP\/T20SP<br \/>\n131 T20AP\/T20SP<br \/>\n132N20\/N24\/N20L\/N20LI<br \/>\n132 N20\/N24\/N20L\/N20LI<br \/>\n133L12\/L14-L12L\/L14L-L12LHP<br \/>\n141 T20AP<br \/>\n141 L12L\/L12LP<\/p>","protected":false},"excerpt":{"rendered":"<p data-start=\"0\" data-end=\"857\"><br data-start=\"5\" data-end=\"8\" \/>125\u00d760\/62-20 Wicke Vulkollan Denge Tekeri, Wicke marka forklift ve istif makineleri i\u00e7in \u00f6zel olarak \u00fcretilmi\u015f y\u00fcksek kaliteli denge tekeridir. Vulkollan malzemeden imal edilen bu teker, \u00fcst\u00fcn a\u015f\u0131nma direnci ve m\u00fckemmel y\u00fck ta\u015f\u0131ma kapasitesi sunar. Operasyon s\u0131ras\u0131nda makinenizin dengede kalmas\u0131n\u0131 sa\u011flayarak g\u00fcvenli ve stabil hareket imkan\u0131 sa\u011flar. Y\u00fcksek elastikiyeti sayesinde darbelere kar\u015f\u0131 dayan\u0131kl\u0131d\u0131r ve zorlu \u00e7al\u0131\u015fma ko\u015fullar\u0131nda uzun \u00f6m\u00fcrl\u00fc performans g\u00f6sterir. Wicke forklift kullan\u0131c\u0131lar\u0131 i\u00e7in ideal bir yedek par\u00e7ad\u0131r.<br data-start=\"540\" data-end=\"543\" \/><strong data-start=\"543\" data-end=\"558\">\u00d6zellikler:<\/strong><br data-start=\"558\" data-end=\"561\" \/><strong data-start=\"561\" data-end=\"574\">\u00dcr\u00fcn Ad\u0131:<\/strong> 125\u00d760\/62-20 Wicke Vulkollan Denge Tekeri<br data-start=\"616\" data-end=\"619\" \/><strong data-start=\"619\" data-end=\"634\">Par\u00e7a Kodu:<\/strong> 0009933803<br data-start=\"645\" data-end=\"648\" \/><strong data-start=\"648\" data-end=\"660\">Malzeme:<\/strong> Vulkollan, y\u00fcksek a\u015f\u0131nma ve darbe dayan\u0131m\u0131<br data-start=\"703\" data-end=\"706\" \/><strong data-start=\"706\" data-end=\"725\">Kullan\u0131m Alan\u0131:<\/strong> Wicke forklift ve istif makineleri<br data-start=\"760\" data-end=\"763\" \/><strong data-start=\"763\" data-end=\"775\">Avantaj:<\/strong> Y\u00fcksek dayan\u0131kl\u0131l\u0131k, m\u00fckemmel denge, uzun \u00f6m\u00fcrl\u00fc kullan\u0131m, darbeye kar\u015f\u0131 diren\u00e7<\/p>\n<p data-start=\"859\" data-end=\"1666\">\n","protected":false},"featured_media":16415,"template":"","meta":[],"product_brand":[],"product_cat":[403,185],"product_tag":[],"class_list":{"0":"post-10611","1":"product","2":"type-product","3":"status-publish","4":"has-post-thumbnail","6":"product_cat-denge-tekeri-wicke","7":"product_cat-denge-tekeri","9":"first","10":"instock","11":"taxable","12":"shipping-taxable","13":"purchasable","14":"product-type-simple"},"_links":{"self":[{"href":"https:\/\/ceoparts.com\/tr\/wp-json\/wp\/v2\/product\/10611","targetHints":{"allow":["GET"]}}],"collection":[{"href":"https:\/\/ceoparts.com\/tr\/wp-json\/wp\/v2\/product"}],"about":[{"href":"https:\/\/ceoparts.com\/tr\/wp-json\/wp\/v2\/types\/product"}],"wp:featuredmedia":[{"embeddable":true,"href":"https:\/\/ceoparts.com\/tr\/wp-json\/wp\/v2\/media\/16415"}],"wp:attachment":[{"href":"https:\/\/ceoparts.com\/tr\/wp-json\/wp\/v2\/media?parent=10611"}],"wp:term":[{"taxonomy":"product_brand","embeddable":true,"href":"https:\/\/ceoparts.com\/tr\/wp-json\/wp\/v2\/product_brand?post=10611"},{"taxonomy":"product_cat","embeddable":true,"href":"https:\/\/ceoparts.com\/tr\/wp-json\/wp\/v2\/product_cat?post=10611"},{"taxonomy":"product_tag","embeddable":true,"href":"https:\/\/ceoparts.com\/tr\/wp-json\/wp\/v2\/product_tag?post=10611"}],"curies":[{"name":"wp","href":"https:\/\/api.w.org\/{rel}","templated":true}]}}