{"id":10620,"date":"2024-09-20T14:34:50","date_gmt":"2024-09-20T11:34:50","guid":{"rendered":"https:\/\/ceoparts.com\/?post_type=product&#038;p=10620"},"modified":"2026-05-02T11:48:33","modified_gmt":"2026-05-02T08:48:33","slug":"still-ecu-denge-mekanizmasi-takim-45584505505","status":"publish","type":"product","link":"https:\/\/ceoparts.com\/tr\/urun\/still-ecu-denge-mekanizmasi-takim-45584505505\/","title":{"rendered":"100&#215;40 Still ECU Denge Mekanizmas\u0131 &#8211; 45584505505"},"content":{"rendered":"<p>100&#215;40 Still ECU Denge Mekanizmas\u0131 &#8211; 45584505505<\/p>\n<p>Still 45584505501<\/p>\n<p>Still ECU 14\/16\/18\/20<\/p>\n<p>Serie:<\/p>\n<p>F20164A&#8230;.<\/p>\n<p>F20176F&#8230;..<\/p>\n<p>F20165A&#8230;..<\/p>\n<p>F20166A&#8230;..<\/p>\n<p>F20167A&#8230;&#8230;<\/p>","protected":false},"excerpt":{"rendered":"<p data-start=\"111\" data-end=\"1029\"><br data-start=\"116\" data-end=\"119\" \/>100\u00d740 Still ECU Denge Mekanizmas\u0131, Still marka transpalet ve istif makineleri i\u00e7in \u00f6zel olarak tasarlanm\u0131\u015f y\u00fcksek performansl\u0131 tekerleksiz denge mekanizmas\u0131d\u0131r. Makinenin y\u00fck ta\u015f\u0131ma ve manevra esnas\u0131nda stabilitesini sa\u011flayarak operat\u00f6rlere g\u00fcvenli ve kontroll\u00fc \u00e7al\u0131\u015fma imkan\u0131 sunar. Ani y\u00f6n de\u011fi\u015fikliklerinde denge kay\u0131plar\u0131n\u0131 \u00f6nler, b\u00f6ylece operasyonel verimlilik ve i\u015f g\u00fcvenli\u011fi artar. Dayan\u0131kl\u0131 metal ala\u015f\u0131m\u0131 sayesinde uzun \u00f6m\u00fcrl\u00fc kullan\u0131m sa\u011flar ve bak\u0131m maliyetlerini azalt\u0131r. Still forkliftler i\u00e7in optimize edilmi\u015f bu denge mekanizmas\u0131, makinenizin performans\u0131n\u0131 ve dayan\u0131kl\u0131l\u0131\u011f\u0131n\u0131 art\u0131r\u0131r.<br data-start=\"718\" data-end=\"721\" \/><strong data-start=\"721\" data-end=\"736\">\u00d6zellikler:<\/strong><br data-start=\"736\" data-end=\"739\" \/><strong data-start=\"739\" data-end=\"752\">\u00dcr\u00fcn Ad\u0131:<\/strong> 100\u00d740 Still ECU Denge Mekanizmas\u0131 (Tekerleksiz)<br data-start=\"801\" data-end=\"804\" \/><strong data-start=\"804\" data-end=\"819\">Par\u00e7a Kodu:<\/strong> 45584505505<br data-start=\"831\" data-end=\"834\" \/><strong data-start=\"834\" data-end=\"846\">Malzeme:<\/strong> Y\u00fcksek dayan\u0131ml\u0131 metal ala\u015f\u0131m<br data-start=\"876\" data-end=\"879\" \/><strong data-start=\"879\" data-end=\"898\">Kullan\u0131m Alan\u0131:<\/strong> Still transpalet ve istif makineleri<br data-start=\"935\" data-end=\"938\" \/><strong data-start=\"938\" data-end=\"950\">Avantaj:<\/strong> Y\u00fck dengesi sa\u011flar, g\u00fcvenli kullan\u0131m, dayan\u0131kl\u0131 yap\u0131, uzun \u00f6m\u00fcrl\u00fc performans<\/p>\n<p data-start=\"1031\" data-end=\"1936\">\n","protected":false},"featured_media":13804,"template":"","meta":[],"product_brand":[],"product_cat":[241,242,420,421],"product_tag":[],"class_list":{"0":"post-10620","1":"product","2":"type-product","3":"status-publish","4":"has-post-thumbnail","6":"product_cat-still","7":"product_cat-denge-tekeri-still","8":"product_cat-denge-mekanizmalar","9":"product_cat-hyster-denge-mekanizma","11":"first","12":"instock","13":"taxable","14":"shipping-taxable","15":"purchasable","16":"product-type-simple"},"_links":{"self":[{"href":"https:\/\/ceoparts.com\/tr\/wp-json\/wp\/v2\/product\/10620","targetHints":{"allow":["GET"]}}],"collection":[{"href":"https:\/\/ceoparts.com\/tr\/wp-json\/wp\/v2\/product"}],"about":[{"href":"https:\/\/ceoparts.com\/tr\/wp-json\/wp\/v2\/types\/product"}],"wp:featuredmedia":[{"embeddable":true,"href":"https:\/\/ceoparts.com\/tr\/wp-json\/wp\/v2\/media\/13804"}],"wp:attachment":[{"href":"https:\/\/ceoparts.com\/tr\/wp-json\/wp\/v2\/media?parent=10620"}],"wp:term":[{"taxonomy":"product_brand","embeddable":true,"href":"https:\/\/ceoparts.com\/tr\/wp-json\/wp\/v2\/product_brand?post=10620"},{"taxonomy":"product_cat","embeddable":true,"href":"https:\/\/ceoparts.com\/tr\/wp-json\/wp\/v2\/product_cat?post=10620"},{"taxonomy":"product_tag","embeddable":true,"href":"https:\/\/ceoparts.com\/tr\/wp-json\/wp\/v2\/product_tag?post=10620"}],"curies":[{"name":"wp","href":"https:\/\/api.w.org\/{rel}","templated":true}]}}