{"id":10625,"date":"2024-09-20T15:47:15","date_gmt":"2024-09-20T12:47:15","guid":{"rendered":"https:\/\/ceoparts.com\/?post_type=product&#038;p=10625"},"modified":"2026-05-16T21:01:48","modified_gmt":"2026-05-16T18:01:48","slug":"140x54-jungheinrich-denge-mekanizmasi-takim","status":"publish","type":"product","link":"https:\/\/ceoparts.com\/tr\/urun\/140x54-jungheinrich-denge-mekanizmasi-takim\/","title":{"rendered":"140&#215;54 Jungheinrich Denge Mekanizmas\u0131 &#8211; 51587409 , 51222048"},"content":{"rendered":"<p>140&#215;54 Jungheinrich Denge Mekanizmas\u0131 &#8211; 51587409 , 51222048<\/p>\n<p>Jungheinrich 51222048<\/p>\n<p>&nbsp;<\/p>\n<table border=\"0\" width=\"242\" cellspacing=\"0\" cellpadding=\"0\">\n<colgroup><\/colgroup>\n<colgroup>\n<col width=\"146\" \/>\n<col width=\"96\" \/><\/colgroup>\n<tbody>\n<tr>\n<td width=\"146\" height=\"20\"><span style=\"font-family: tim;\">ERC 212\/214\/216<\/span><\/td>\n<td width=\"96\"><span style=\"font-family: tim;\">3.11 &#8211;\u00a0<\/span><\/td>\n<\/tr>\n<tr>\n<td height=\"20\"><span style=\"font-family: tim;\">EJC 212z \/ 214z \/ 216z<\/span><\/td>\n<td><span style=\"font-family: tim;\">12.10 &#8211;\u00a0<\/span><\/td>\n<\/tr>\n<tr>\n<td height=\"20\"><span style=\"font-family: tim;\">EJC 214 \/ 216<\/span><\/td>\n<td><span style=\"font-family: tim;\">4.11 &#8211;\u00a0<\/span><\/td>\n<\/tr>\n<tr>\n<td height=\"20\"><span style=\"font-family: tim;\">EJC 110\/112\/212<\/span><\/td>\n<td><span style=\"font-family: tim;\">8.11 &#8211;\u00a0<\/span><\/td>\n<\/tr>\n<tr>\n<td height=\"20\"><span style=\"font-family: tim;\">EJC 214 \/ 216 (US)<\/span><\/td>\n<td><span style=\"font-family: tim;\">12.11 &#8211;\u00a0<\/span><\/td>\n<\/tr>\n<tr>\n<td height=\"20\"><span style=\"font-family: tim;\">EJC 220<\/span><\/td>\n<td><span style=\"font-family: tim;\">9.12 &#8211;\u00a0<\/span><\/td>\n<\/tr>\n<tr>\n<td height=\"20\"><span style=\"font-family: tim;\">EJC 112 RK<\/span><\/td>\n<td><span style=\"font-family: tim;\">2.13 &#8211;\u00a0<\/span><\/td>\n<\/tr>\n<tr>\n<td height=\"20\"><span style=\"font-family: tim;\">EJC 214 \/ 216<\/span><\/td>\n<td><span style=\"font-family: Calibri;\"><span style=\"font-family: tim;\">3.13 &#8211;<\/span>\u00a0<\/span><\/td>\n<\/tr>\n<\/tbody>\n<\/table>\n<p><\/p>","protected":false},"excerpt":{"rendered":"<p data-start=\"133\" data-end=\"1103\"><br data-start=\"138\" data-end=\"141\" \/>140\u00d754 Jungheinrich Denge Mekanizmas\u0131, Jungheinrich marka transpalet ve istif makineleri i\u00e7in \u00f6zel olarak tasarlanm\u0131\u015f tekerleksiz denge mekanizmas\u0131d\u0131r. Y\u00fck ta\u015f\u0131ma ve manevra s\u0131ras\u0131nda makinenin stabilitesini sa\u011flayarak operat\u00f6rlerin g\u00fcvenli ve kontroll\u00fc \u00e7al\u0131\u015fmas\u0131na olanak tan\u0131r. Ani y\u00f6n de\u011fi\u015fikliklerinde denge kay\u0131plar\u0131n\u0131 \u00f6nler ve makinelerin performans\u0131n\u0131 art\u0131r\u0131r. Dayan\u0131kl\u0131 metal ala\u015f\u0131m\u0131 ile uzun \u00f6m\u00fcrl\u00fc kullan\u0131m sa\u011flar, bak\u0131m ihtiya\u00e7lar\u0131n\u0131 azalt\u0131r. Jungheinrich forkliftlerin optimum verimle \u00e7al\u0131\u015fmas\u0131n\u0131 destekleyen bu denge mekanizmas\u0131, i\u015f g\u00fcvenli\u011fi ve operasyonel s\u00fcreklilik a\u00e7\u0131s\u0131ndan kritik \u00f6neme sahiptir.<br data-start=\"755\" data-end=\"758\" \/><strong data-start=\"758\" data-end=\"773\">\u00d6zellikler:<\/strong><br data-start=\"773\" data-end=\"776\" \/><strong data-start=\"776\" data-end=\"789\">\u00dcr\u00fcn Ad\u0131:<\/strong> 140\u00d754 Jungheinrich Denge Mekanizmas\u0131 (Tekerleksiz)<br data-start=\"841\" data-end=\"844\" \/><strong data-start=\"844\" data-end=\"859\">Par\u00e7a Kodu:<\/strong> 51587409, 51222048<br data-start=\"878\" data-end=\"881\" \/><strong data-start=\"881\" data-end=\"893\">Malzeme:<\/strong> Y\u00fcksek dayan\u0131ml\u0131 metal ala\u015f\u0131m<br data-start=\"923\" data-end=\"926\" \/><strong data-start=\"926\" data-end=\"945\">Kullan\u0131m Alan\u0131:<\/strong> Jungheinrich marka transpalet ve istif makineleri<br data-start=\"995\" data-end=\"998\" \/><strong data-start=\"998\" data-end=\"1010\">Avantaj:<\/strong> Y\u00fck dengesi sa\u011flar, g\u00fcvenli \u00e7al\u0131\u015fma, dayan\u0131kl\u0131 ve uzun \u00f6m\u00fcrl\u00fc yap\u0131, operasyonel verimlilik<\/p>\n<hr data-start=\"1105\" data-end=\"1108\" \/>\n<p data-start=\"1110\" data-end=\"2056\">\n","protected":false},"featured_media":13802,"template":"","meta":[],"product_brand":[],"product_cat":[236,420,422,522],"product_tag":[],"class_list":{"0":"post-10625","1":"product","2":"type-product","3":"status-publish","4":"has-post-thumbnail","6":"product_cat-jungheinrich","7":"product_cat-denge-mekanizmalar","8":"product_cat-jungheinrich-denge-mekanizma","9":"product_cat-yedek-parca-jungheinrich","11":"first","12":"instock","13":"taxable","14":"shipping-taxable","15":"purchasable","16":"product-type-simple"},"_links":{"self":[{"href":"https:\/\/ceoparts.com\/tr\/wp-json\/wp\/v2\/product\/10625","targetHints":{"allow":["GET"]}}],"collection":[{"href":"https:\/\/ceoparts.com\/tr\/wp-json\/wp\/v2\/product"}],"about":[{"href":"https:\/\/ceoparts.com\/tr\/wp-json\/wp\/v2\/types\/product"}],"wp:featuredmedia":[{"embeddable":true,"href":"https:\/\/ceoparts.com\/tr\/wp-json\/wp\/v2\/media\/13802"}],"wp:attachment":[{"href":"https:\/\/ceoparts.com\/tr\/wp-json\/wp\/v2\/media?parent=10625"}],"wp:term":[{"taxonomy":"product_brand","embeddable":true,"href":"https:\/\/ceoparts.com\/tr\/wp-json\/wp\/v2\/product_brand?post=10625"},{"taxonomy":"product_cat","embeddable":true,"href":"https:\/\/ceoparts.com\/tr\/wp-json\/wp\/v2\/product_cat?post=10625"},{"taxonomy":"product_tag","embeddable":true,"href":"https:\/\/ceoparts.com\/tr\/wp-json\/wp\/v2\/product_tag?post=10625"}],"curies":[{"name":"wp","href":"https:\/\/api.w.org\/{rel}","templated":true}]}}