{"id":10629,"date":"2024-09-20T15:53:23","date_gmt":"2024-09-20T12:53:23","guid":{"rendered":"https:\/\/ceoparts.com\/?post_type=product&#038;p=10629"},"modified":"2026-05-16T18:41:16","modified_gmt":"2026-05-16T15:41:16","slug":"150x48-65-12-linde-still-denge-mekanizmasi-takim","status":"publish","type":"product","link":"https:\/\/ceoparts.com\/tr\/urun\/150x48-65-12-linde-still-denge-mekanizmasi-takim\/","title":{"rendered":"150&#215;48\/65-12 Linde\/ Still Denge Mekanizmas\u0131 &#8211; 3794505500"},"content":{"rendered":"<p>150&#215;48\/65-12 Linde\/ Still Denge Mekanizmas\u0131 &#8211; 3794505500<\/p>\n<p>Linde 3794505500<\/p>\n<p>&nbsp;<\/p>\n<table border=\"0\" width=\"128\" cellspacing=\"0\" cellpadding=\"0\">\n<colgroup>\n<col span=\"2\" width=\"64\" \/><\/colgroup>\n<tbody>\n<tr>\n<td class=\"xl63\" width=\"64\" height=\"20\"><span style=\"font-family: tim;\">Family<\/span><\/td>\n<td class=\"xl63\" width=\"64\"><span style=\"font-family: tim;\">Model<\/span><\/td>\n<\/tr>\n<tr>\n<td class=\"xl63\" height=\"20\"><span style=\"font-family: tim;\">1173<\/span><\/td>\n<td class=\"xl63\"><span style=\"font-family: tim;\">L14\/L16\/L20<\/span><\/td>\n<\/tr>\n<tr>\n<td class=\"xl63\" height=\"20\"><span style=\"font-family: tim;\">372<\/span><\/td>\n<td class=\"xl63\"><span style=\"font-family: tim;\">L14\/16<\/span><\/td>\n<\/tr>\n<tr>\n<td class=\"xl63\" height=\"20\"><span style=\"font-family: tim;\">372<\/span><\/td>\n<td class=\"xl63\"><span style=\"font-family: tim;\">L14\/16\/L14AP\/16AP<\/span><\/td>\n<\/tr>\n<tr>\n<td class=\"xl63\" height=\"20\"><span style=\"font-family: tim;\">379<\/span><\/td>\n<td class=\"xl63\"><span style=\"font-family: tim;\">L10\/12-L10\/12AS<\/span><\/td>\n<\/tr>\n<\/tbody>\n<\/table>","protected":false},"excerpt":{"rendered":"<p data-start=\"139\" data-end=\"547\"><br data-start=\"144\" data-end=\"147\" \/>150\u00d748\/65-12 Linde\/Still Denge Mekanizmas\u0131, Linde ve Still marka transpalet ve istif makineleri i\u00e7in \u00fcretilmi\u015f <strong data-start=\"258\" data-end=\"294\">tekerleksiz denge mekanizmas\u0131d\u0131r<\/strong>. Y\u00fck ta\u015f\u0131ma ve manevra s\u0131ras\u0131nda makinenin dengesini sa\u011flayarak, g\u00fcvenli ve stabil hareket kabiliyeti sunar. Ani y\u00f6n de\u011fi\u015fimlerinde denge kay\u0131plar\u0131n\u0131 \u00f6nler, operasyonel verimlili\u011fi art\u0131r\u0131r. Dayan\u0131kl\u0131 metal g\u00f6vdesiyle uzun \u00f6m\u00fcrl\u00fc kullan\u0131m imkan\u0131 sa\u011flar.<\/p>\n<p data-start=\"549\" data-end=\"861\"><strong data-start=\"549\" data-end=\"564\">\u00d6zellikler:<\/strong><br data-start=\"564\" data-end=\"567\" \/><strong data-start=\"567\" data-end=\"580\">\u00dcr\u00fcn Ad\u0131:<\/strong> 150\u00d748\/65-12 Linde\/Still Denge Mekanizmas\u0131 (Tekerleksiz)<br data-start=\"637\" data-end=\"640\" \/><strong data-start=\"640\" data-end=\"655\">Par\u00e7a Kodu:<\/strong> 3794505500<br data-start=\"666\" data-end=\"669\" \/><strong data-start=\"669\" data-end=\"681\">Malzeme:<\/strong> Y\u00fcksek dayan\u0131ml\u0131 metal ala\u015f\u0131m<br data-start=\"711\" data-end=\"714\" \/><strong data-start=\"714\" data-end=\"733\">Kullan\u0131m Alan\u0131:<\/strong> Linde ve Still transpalet ve istif makineleri<br data-start=\"779\" data-end=\"782\" \/><strong data-start=\"782\" data-end=\"794\">Avantaj:<\/strong> Y\u00fck dengesi sa\u011flar, sa\u011flam yap\u0131, g\u00fcvenli ve uzun \u00f6m\u00fcrl\u00fc kullan\u0131m<\/p>\n<p data-start=\"863\" data-end=\"1256\">\n","protected":false},"featured_media":13838,"template":"","meta":[],"product_brand":[],"product_cat":[423,425,241,242,246,247,420],"product_tag":[],"class_list":{"0":"post-10629","1":"product","2":"type-product","3":"status-publish","4":"has-post-thumbnail","6":"product_cat-still-denge-mekanizma","7":"product_cat-linde-denge-mekanizma","8":"product_cat-still","9":"product_cat-denge-tekeri-still","10":"product_cat-linde","11":"product_cat-denge-tekeri-linde","12":"product_cat-denge-mekanizmalar","14":"first","15":"instock","16":"taxable","17":"shipping-taxable","18":"purchasable","19":"product-type-simple"},"_links":{"self":[{"href":"https:\/\/ceoparts.com\/tr\/wp-json\/wp\/v2\/product\/10629","targetHints":{"allow":["GET"]}}],"collection":[{"href":"https:\/\/ceoparts.com\/tr\/wp-json\/wp\/v2\/product"}],"about":[{"href":"https:\/\/ceoparts.com\/tr\/wp-json\/wp\/v2\/types\/product"}],"wp:featuredmedia":[{"embeddable":true,"href":"https:\/\/ceoparts.com\/tr\/wp-json\/wp\/v2\/media\/13838"}],"wp:attachment":[{"href":"https:\/\/ceoparts.com\/tr\/wp-json\/wp\/v2\/media?parent=10629"}],"wp:term":[{"taxonomy":"product_brand","embeddable":true,"href":"https:\/\/ceoparts.com\/tr\/wp-json\/wp\/v2\/product_brand?post=10629"},{"taxonomy":"product_cat","embeddable":true,"href":"https:\/\/ceoparts.com\/tr\/wp-json\/wp\/v2\/product_cat?post=10629"},{"taxonomy":"product_tag","embeddable":true,"href":"https:\/\/ceoparts.com\/tr\/wp-json\/wp\/v2\/product_tag?post=10629"}],"curies":[{"name":"wp","href":"https:\/\/api.w.org\/{rel}","templated":true}]}}