{"id":10634,"date":"2024-09-20T16:07:52","date_gmt":"2024-09-20T13:07:52","guid":{"rendered":"https:\/\/ceoparts.com\/?post_type=product&#038;p=10634"},"modified":"2026-05-14T05:50:46","modified_gmt":"2026-05-14T02:50:46","slug":"150x54-hyster-denge-mekanizmasi-takim","status":"publish","type":"product","link":"https:\/\/ceoparts.com\/tr\/urun\/150x54-hyster-denge-mekanizmasi-takim\/","title":{"rendered":"150&#215;54 Hyster Denge Mekanizmas\u0131 (Tekerleksiz) &#8211; 1694818"},"content":{"rendered":"<p>150&#215;54 Hyster Denge Mekanizmas\u0131 (Tekerleksiz) &#8211; 1694818<\/p>\n<p>580092729<\/p>\n<p>Hyster (S.16) \/ Yale (MS16)<\/p>","protected":false},"excerpt":{"rendered":"<p data-start=\"137\" data-end=\"600\"><br data-start=\"142\" data-end=\"145\" \/>150\u00d754 Hyster Denge Mekanizmas\u0131 (Tekerleksiz), Hyster marka transpalet ve istif makineleri i\u00e7in \u00f6zel olarak tasarlanm\u0131\u015f <strong data-start=\"265\" data-end=\"289\">denge mekanizmas\u0131d\u0131r<\/strong>. \u00d6zellikle y\u00fck ta\u015f\u0131ma ve manevra s\u0131ras\u0131nda makinenin dengesini sa\u011flayarak, g\u00fcvenli ve kontroll\u00fc \u00e7al\u0131\u015fma imkan\u0131 sunar. Ani denge kay\u0131plar\u0131n\u0131 \u00f6nler, makine stabilitesini art\u0131r\u0131r. Yo\u011fun depo ve lojistik alanlar\u0131nda uzun \u00f6m\u00fcrl\u00fc ve sa\u011flam kullan\u0131m sunan bu \u00fcr\u00fcn, dayan\u0131kl\u0131 metal ala\u015f\u0131m\u0131yla y\u00fcksek performans sa\u011flar.<\/p>\n<p data-start=\"602\" data-end=\"890\"><strong data-start=\"602\" data-end=\"617\">\u00d6zellikler:<\/strong><br data-start=\"617\" data-end=\"620\" \/><strong data-start=\"620\" data-end=\"633\">\u00dcr\u00fcn Ad\u0131:<\/strong> 150\u00d754 Hyster Denge Mekanizmas\u0131 (Tekerleksiz)<br data-start=\"679\" data-end=\"682\" \/><strong data-start=\"682\" data-end=\"697\">Par\u00e7a Kodu:<\/strong> 1694818<br data-start=\"705\" data-end=\"708\" \/><strong data-start=\"708\" data-end=\"720\">Malzeme:<\/strong> Y\u00fcksek dayan\u0131ml\u0131 metal ala\u015f\u0131m<br data-start=\"750\" data-end=\"753\" \/><strong data-start=\"753\" data-end=\"772\">Kullan\u0131m Alan\u0131:<\/strong> Hyster transpalet ve istif makineleri<br data-start=\"810\" data-end=\"813\" \/><strong data-start=\"813\" data-end=\"825\">Avantaj:<\/strong> Y\u00fck dengesi sa\u011flar, sa\u011flam ve dayan\u0131kl\u0131 yap\u0131, g\u00fcvenli kullan\u0131m<\/p>\n<p data-start=\"892\" data-end=\"1338\">\n","protected":false},"featured_media":13816,"template":"","meta":[],"product_brand":[],"product_cat":[256,420,421],"product_tag":[],"class_list":{"0":"post-10634","1":"product","2":"type-product","3":"status-publish","4":"has-post-thumbnail","6":"product_cat-hyster","7":"product_cat-denge-mekanizmalar","8":"product_cat-hyster-denge-mekanizma","10":"first","11":"instock","12":"taxable","13":"shipping-taxable","14":"purchasable","15":"product-type-simple"},"_links":{"self":[{"href":"https:\/\/ceoparts.com\/tr\/wp-json\/wp\/v2\/product\/10634","targetHints":{"allow":["GET"]}}],"collection":[{"href":"https:\/\/ceoparts.com\/tr\/wp-json\/wp\/v2\/product"}],"about":[{"href":"https:\/\/ceoparts.com\/tr\/wp-json\/wp\/v2\/types\/product"}],"wp:featuredmedia":[{"embeddable":true,"href":"https:\/\/ceoparts.com\/tr\/wp-json\/wp\/v2\/media\/13816"}],"wp:attachment":[{"href":"https:\/\/ceoparts.com\/tr\/wp-json\/wp\/v2\/media?parent=10634"}],"wp:term":[{"taxonomy":"product_brand","embeddable":true,"href":"https:\/\/ceoparts.com\/tr\/wp-json\/wp\/v2\/product_brand?post=10634"},{"taxonomy":"product_cat","embeddable":true,"href":"https:\/\/ceoparts.com\/tr\/wp-json\/wp\/v2\/product_cat?post=10634"},{"taxonomy":"product_tag","embeddable":true,"href":"https:\/\/ceoparts.com\/tr\/wp-json\/wp\/v2\/product_tag?post=10634"}],"curies":[{"name":"wp","href":"https:\/\/api.w.org\/{rel}","templated":true}]}}