{"id":10653,"date":"2024-09-23T11:05:23","date_gmt":"2024-09-23T08:05:23","guid":{"rendered":"https:\/\/ceoparts.com\/?post_type=product&#038;p=10653"},"modified":"2026-05-16T15:08:33","modified_gmt":"2026-05-16T12:08:33","slug":"bt-lpe-spe-denge-mekanizmasi-bos-172107","status":"publish","type":"product","link":"https:\/\/ceoparts.com\/tr\/urun\/bt-lpe-spe-denge-mekanizmasi-bos-172107\/","title":{"rendered":"BT Toyota LPE\/SPE Denge Mekanizmas\u0131 (Tekerleksiz) &#8211; 172107"},"content":{"rendered":"<div class=\"wpb-content-wrapper\"><p>BT Toyota LPE\/SPE Denge Mekanizmas\u0131 (Tekerleksiz) &#8211; 172107<\/p>\n<p>[vc_row][vc_column][vc_column_text css=&#8221;&#8221; woodmart_inline=&#8221;no&#8221; text_larger=&#8221;no&#8221;]BT 172107<\/p>\n<p>SPE125<\/p>\n<p>SPE135<\/p>\n<p>SPE160<\/p>\n<p>SPE200<\/p>\n<p>LPE200<\/p>\n<p>P20 Orion[\/vc_column_text][\/vc_column][\/vc_row]<\/p>\n<\/div>","protected":false},"excerpt":{"rendered":"<p data-start=\"73\" data-end=\"494\"><br data-start=\"78\" data-end=\"81\" \/>BT Toyota LPE\/SPE Denge Mekanizmas\u0131, BT ve Toyota markal\u0131 LPE ve SPE model transpalet ve istif makineleri i\u00e7in \u00f6zel olarak \u00fcretilmi\u015f <strong data-start=\"214\" data-end=\"250\">tekerleksiz denge mekanizmas\u0131d\u0131r<\/strong>. Y\u00fck ta\u015f\u0131ma ve manevra esnas\u0131nda makinenin dengeli ve g\u00fcvenli hareket etmesini sa\u011flar. Ani denge kayb\u0131n\u0131 \u00f6nleyerek makine stabilitesini art\u0131r\u0131r. Sa\u011flam g\u00f6vdesi ve kaliteli malzemesi sayesinde yo\u011fun depo ortamlar\u0131nda uzun \u00f6m\u00fcrl\u00fc kullan\u0131m sunar.<\/p>\n<p data-start=\"496\" data-end=\"800\"><strong data-start=\"496\" data-end=\"511\">\u00d6zellikler:<\/strong><br data-start=\"511\" data-end=\"514\" \/><strong data-start=\"514\" data-end=\"527\">\u00dcr\u00fcn Ad\u0131:<\/strong> BT Toyota LPE\/SPE Denge Mekanizmas\u0131 (Tekerleksiz)<br data-start=\"577\" data-end=\"580\" \/><strong data-start=\"580\" data-end=\"595\">Par\u00e7a Kodu:<\/strong> 172107<br data-start=\"602\" data-end=\"605\" \/><strong data-start=\"605\" data-end=\"617\">Malzeme:<\/strong> Y\u00fcksek dayan\u0131ml\u0131 metal ala\u015f\u0131m<br data-start=\"647\" data-end=\"650\" \/><strong data-start=\"650\" data-end=\"669\">Kullan\u0131m Alan\u0131:<\/strong> BT ve Toyota LPE, SPE transpalet ve istif makineleri<br data-start=\"722\" data-end=\"725\" \/><strong data-start=\"725\" data-end=\"737\">Avantaj:<\/strong> Y\u00fck dengesi sa\u011flar, sa\u011flam yap\u0131, g\u00fcvenli kullan\u0131m, uzun \u00f6m\u00fcr<\/p>\n<p data-start=\"802\" data-end=\"1224\">\n","protected":false},"featured_media":13725,"template":"","meta":[],"product_brand":[],"product_cat":[251,420,426,521,531],"product_tag":[],"class_list":{"0":"post-10653","1":"product","2":"type-product","3":"status-publish","4":"has-post-thumbnail","6":"product_cat-bt","7":"product_cat-denge-mekanizmalar","8":"product_cat-bt-denge-mekanizma","9":"product_cat-toyota","10":"product_cat-mekanizmalar-toyota","12":"first","13":"instock","14":"taxable","15":"shipping-taxable","16":"purchasable","17":"product-type-simple"},"_links":{"self":[{"href":"https:\/\/ceoparts.com\/tr\/wp-json\/wp\/v2\/product\/10653","targetHints":{"allow":["GET"]}}],"collection":[{"href":"https:\/\/ceoparts.com\/tr\/wp-json\/wp\/v2\/product"}],"about":[{"href":"https:\/\/ceoparts.com\/tr\/wp-json\/wp\/v2\/types\/product"}],"wp:featuredmedia":[{"embeddable":true,"href":"https:\/\/ceoparts.com\/tr\/wp-json\/wp\/v2\/media\/13725"}],"wp:attachment":[{"href":"https:\/\/ceoparts.com\/tr\/wp-json\/wp\/v2\/media?parent=10653"}],"wp:term":[{"taxonomy":"product_brand","embeddable":true,"href":"https:\/\/ceoparts.com\/tr\/wp-json\/wp\/v2\/product_brand?post=10653"},{"taxonomy":"product_cat","embeddable":true,"href":"https:\/\/ceoparts.com\/tr\/wp-json\/wp\/v2\/product_cat?post=10653"},{"taxonomy":"product_tag","embeddable":true,"href":"https:\/\/ceoparts.com\/tr\/wp-json\/wp\/v2\/product_tag?post=10653"}],"curies":[{"name":"wp","href":"https:\/\/api.w.org\/{rel}","templated":true}]}}