{"id":10669,"date":"2024-09-23T12:58:01","date_gmt":"2024-09-23T09:58:01","guid":{"rendered":"https:\/\/ceoparts.com\/?post_type=product&#038;p=10669"},"modified":"2026-05-16T14:36:17","modified_gmt":"2026-05-16T11:36:17","slug":"bt-lpe-spe-denge-mekanizmasi-takim-172107","status":"publish","type":"product","link":"https:\/\/ceoparts.com\/tr\/urun\/bt-lpe-spe-denge-mekanizmasi-takim-172107\/","title":{"rendered":"BT Toyota LPE\/SPE Denge Mekanizmas\u0131 &#8211; 172107"},"content":{"rendered":"<p>BT Toyota LPE\/SPE Denge Mekanizmas\u0131 &#8211; 172107<\/p>","protected":false},"excerpt":{"rendered":"<p data-start=\"101\" data-end=\"516\"><br data-start=\"106\" data-end=\"109\" \/>BT Toyota LPE\/SPE Denge Mekanizmas\u0131, BT ve Toyota markal\u0131 LPE ve SPE model transpalet ve istif makineleri i\u00e7in \u00f6zel olarak geli\u015ftirilmi\u015f orijinal bir denge sistemidir. Y\u00fck ta\u015f\u0131ma, manevra ve frenleme s\u0131ras\u0131nda makinenin zeminde dengeli kalmas\u0131n\u0131 sa\u011flar ve ani denge kayb\u0131n\u0131 \u00f6nleyerek operat\u00f6r g\u00fcvenli\u011fini art\u0131r\u0131r. Sa\u011flam metal g\u00f6vdeye sahip olup, yo\u011fun ve zorlu depo ko\u015fullar\u0131nda uzun \u00f6m\u00fcrl\u00fc kullan\u0131m sunar.<\/p>\n<p data-start=\"518\" data-end=\"829\"><strong data-start=\"518\" data-end=\"533\">\u00d6zellikler:<\/strong><br data-start=\"533\" data-end=\"536\" \/><strong data-start=\"536\" data-end=\"549\">\u00dcr\u00fcn Ad\u0131:<\/strong> BT Toyota LPE\/SPE Denge Mekanizmas\u0131<br data-start=\"585\" data-end=\"588\" \/><strong data-start=\"588\" data-end=\"603\">Par\u00e7a Kodu:<\/strong> 172107<br data-start=\"610\" data-end=\"613\" \/><strong data-start=\"613\" data-end=\"625\">Malzeme:<\/strong> Y\u00fcksek mukavemetli metal ala\u015f\u0131m<br data-start=\"657\" data-end=\"660\" \/><strong data-start=\"660\" data-end=\"679\">Kullan\u0131m Alan\u0131:<\/strong> BT ve Toyota LPE, SPE model transpalet ve istif makineleri<br data-start=\"738\" data-end=\"741\" \/><strong data-start=\"741\" data-end=\"753\">Avantaj:<\/strong> Y\u00fck dengesi sa\u011flar, g\u00fcvenli kullan\u0131m, dayan\u0131kl\u0131 ve sa\u011flam yap\u0131, uzun \u00f6m\u00fcr<\/p>\n<p data-start=\"831\" data-end=\"1234\">\n","protected":false},"featured_media":13749,"template":"","meta":[],"product_brand":[],"product_cat":[531,251,420,426,521],"product_tag":[],"class_list":{"0":"post-10669","1":"product","2":"type-product","3":"status-publish","4":"has-post-thumbnail","6":"product_cat-mekanizmalar-toyota","7":"product_cat-bt","8":"product_cat-denge-mekanizmalar","9":"product_cat-bt-denge-mekanizma","10":"product_cat-toyota","12":"first","13":"instock","14":"taxable","15":"shipping-taxable","16":"purchasable","17":"product-type-simple"},"_links":{"self":[{"href":"https:\/\/ceoparts.com\/tr\/wp-json\/wp\/v2\/product\/10669","targetHints":{"allow":["GET"]}}],"collection":[{"href":"https:\/\/ceoparts.com\/tr\/wp-json\/wp\/v2\/product"}],"about":[{"href":"https:\/\/ceoparts.com\/tr\/wp-json\/wp\/v2\/types\/product"}],"wp:featuredmedia":[{"embeddable":true,"href":"https:\/\/ceoparts.com\/tr\/wp-json\/wp\/v2\/media\/13749"}],"wp:attachment":[{"href":"https:\/\/ceoparts.com\/tr\/wp-json\/wp\/v2\/media?parent=10669"}],"wp:term":[{"taxonomy":"product_brand","embeddable":true,"href":"https:\/\/ceoparts.com\/tr\/wp-json\/wp\/v2\/product_brand?post=10669"},{"taxonomy":"product_cat","embeddable":true,"href":"https:\/\/ceoparts.com\/tr\/wp-json\/wp\/v2\/product_cat?post=10669"},{"taxonomy":"product_tag","embeddable":true,"href":"https:\/\/ceoparts.com\/tr\/wp-json\/wp\/v2\/product_tag?post=10669"}],"curies":[{"name":"wp","href":"https:\/\/api.w.org\/{rel}","templated":true}]}}