{"id":10682,"date":"2024-09-23T13:08:47","date_gmt":"2024-09-23T10:08:47","guid":{"rendered":"https:\/\/ceoparts.com\/?post_type=product&#038;p=10682"},"modified":"2026-05-16T19:15:26","modified_gmt":"2026-05-16T16:15:26","slug":"bt-lwe-swe-denge-mekanizmasi-254316-136135-7647304","status":"publish","type":"product","link":"https:\/\/ceoparts.com\/tr\/urun\/bt-lwe-swe-denge-mekanizmasi-254316-136135-7647304\/","title":{"rendered":"BT Toyota LWE\/SWE Denge Mekanizmas\u0131 (Tekerleksiz) \u2013 254316 , 136135 , 7647304"},"content":{"rendered":"<div class=\"wpb-content-wrapper\"><p>BT Toyota LWE\/SWE Denge Mekanizmas\u0131 (Tekerleksiz) \u2013 254316 , 136135 , 7647304<\/p>\n<p>[vc_row][vc_column][vc_column_text css=&#8221;&#8221; woodmart_inline=&#8221;no&#8221; text_larger=&#8221;no&#8221;]BT 254316 136135 7647304<\/p>\n<p>BT \/ TOYOTA :<\/p>\n<p>SWE 140L<\/p>\n<p>SWE100<br \/>\nSWE120<br \/>\nSWE140<\/p>\n<p>LWE140<br \/>\nLWE160<br \/>\nLWE180<\/p>\n<p>LWE200<\/p>\n<p>LPE200 (do\/to 2014)[\/vc_column_text][\/vc_column][\/vc_row]<\/p>\n<\/div>","protected":false},"excerpt":{"rendered":"<p data-start=\"129\" data-end=\"541\"><br data-start=\"134\" data-end=\"137\" \/>BT Toyota LWE\/SWE Denge Mekanizmas\u0131, BT ve Toyota markal\u0131 LWE ve SWE model transpalet ve istif makineleri i\u00e7in \u00f6zel olarak \u00fcretilmi\u015f, <strong data-start=\"271\" data-end=\"307\">tekerleksiz denge mekanizmas\u0131d\u0131r<\/strong>. Makinenin y\u00fck ta\u015f\u0131ma ve manevra esnas\u0131nda dengeli hareket etmesini sa\u011flar, \u00f6zellikle dar ve zorlu \u00e7al\u0131\u015fma alanlar\u0131nda denge kayb\u0131n\u0131 \u00f6nleyerek g\u00fcvenli kullan\u0131m sunar. Dayan\u0131kl\u0131 metal g\u00f6vdesi sayesinde uzun \u00f6m\u00fcrl\u00fc ve sorunsuz \u00e7al\u0131\u015f\u0131r.<\/p>\n<p data-start=\"543\" data-end=\"872\"><strong data-start=\"543\" data-end=\"558\">\u00d6zellikler:<\/strong><br data-start=\"558\" data-end=\"561\" \/><strong data-start=\"561\" data-end=\"574\">\u00dcr\u00fcn Ad\u0131:<\/strong> BT Toyota LWE\/SWE Denge Mekanizmas\u0131 (Tekerleksiz)<br data-start=\"624\" data-end=\"627\" \/><strong data-start=\"627\" data-end=\"642\">Par\u00e7a Kodu:<\/strong> 254316 , 136135 , 7647304<br data-start=\"668\" data-end=\"671\" \/><strong data-start=\"671\" data-end=\"683\">Malzeme:<\/strong> Dayan\u0131kl\u0131 metal ala\u015f\u0131m<br data-start=\"706\" data-end=\"709\" \/><strong data-start=\"709\" data-end=\"728\">Kullan\u0131m Alan\u0131:<\/strong> BT ve Toyota LWE, SWE transpalet ve istif makineleri<br data-start=\"781\" data-end=\"784\" \/><strong data-start=\"784\" data-end=\"796\">Avantaj:<\/strong> Y\u00fck dengesi sa\u011flar, g\u00fcvenli kullan\u0131m, sa\u011flam yap\u0131, uzun \u00f6m\u00fcrl\u00fc performans<\/p>\n<p data-start=\"874\" data-end=\"1228\">\n","protected":false},"featured_media":13710,"template":"","meta":[],"product_brand":[],"product_cat":[251,420,426,521,531],"product_tag":[],"class_list":{"0":"post-10682","1":"product","2":"type-product","3":"status-publish","4":"has-post-thumbnail","6":"product_cat-bt","7":"product_cat-denge-mekanizmalar","8":"product_cat-bt-denge-mekanizma","9":"product_cat-toyota","10":"product_cat-mekanizmalar-toyota","12":"first","13":"instock","14":"taxable","15":"shipping-taxable","16":"purchasable","17":"product-type-simple"},"_links":{"self":[{"href":"https:\/\/ceoparts.com\/tr\/wp-json\/wp\/v2\/product\/10682","targetHints":{"allow":["GET"]}}],"collection":[{"href":"https:\/\/ceoparts.com\/tr\/wp-json\/wp\/v2\/product"}],"about":[{"href":"https:\/\/ceoparts.com\/tr\/wp-json\/wp\/v2\/types\/product"}],"wp:featuredmedia":[{"embeddable":true,"href":"https:\/\/ceoparts.com\/tr\/wp-json\/wp\/v2\/media\/13710"}],"wp:attachment":[{"href":"https:\/\/ceoparts.com\/tr\/wp-json\/wp\/v2\/media?parent=10682"}],"wp:term":[{"taxonomy":"product_brand","embeddable":true,"href":"https:\/\/ceoparts.com\/tr\/wp-json\/wp\/v2\/product_brand?post=10682"},{"taxonomy":"product_cat","embeddable":true,"href":"https:\/\/ceoparts.com\/tr\/wp-json\/wp\/v2\/product_cat?post=10682"},{"taxonomy":"product_tag","embeddable":true,"href":"https:\/\/ceoparts.com\/tr\/wp-json\/wp\/v2\/product_tag?post=10682"}],"curies":[{"name":"wp","href":"https:\/\/api.w.org\/{rel}","templated":true}]}}