{"id":10692,"date":"2024-09-23T13:23:44","date_gmt":"2024-09-23T10:23:44","guid":{"rendered":"https:\/\/ceoparts.com\/?post_type=product&#038;p=10692"},"modified":"2026-05-16T12:07:50","modified_gmt":"2026-05-16T09:07:50","slug":"bt-lwe-swe-denge-mekanizmasi-takim-254316-136135-7647304","status":"publish","type":"product","link":"https:\/\/ceoparts.com\/tr\/urun\/bt-lwe-swe-denge-mekanizmasi-takim-254316-136135-7647304\/","title":{"rendered":"BT Toyota LWE\/SWE Denge Mekanizmas\u0131 &#8211; 254316 , 136135 , 7647304"},"content":{"rendered":"<div class=\"wpb-content-wrapper\"><p>BT Toyota LWE\/SWE Denge Mekanizmas\u0131 &#8211; 254316 , 136135 , 7647304<\/p>\n<p>[vc_row][vc_column][vc_column_text css=&#8221;&#8221; woodmart_inline=&#8221;no&#8221; text_larger=&#8221;no&#8221;]BT 254316 136135 7647304<\/p>\n<p>BT \/ TOYOTA :<\/p>\n<p>SWE 140L<\/p>\n<p>SWE100<br \/>\nSWE120<br \/>\nSWE140<\/p>\n<p>&nbsp;<\/p>\n<p>LWE140<br \/>\nLWE160<br \/>\nLWE180<\/p>\n<p>LWE200<\/p>\n<p>LPE200 (do\/to 2014)[\/vc_column_text][\/vc_column][\/vc_row]<\/p>\n<\/div>","protected":false},"excerpt":{"rendered":"<p data-start=\"0\" data-end=\"385\"><br data-start=\"5\" data-end=\"8\" \/>BT Toyota LWE\/SWE Denge Mekanizmas\u0131, BT ve Toyota markal\u0131 LWE ve SWE model transpalet ve istif makineleri i\u00e7in \u00f6zel olarak tasarlanm\u0131\u015f orijinal denge mekanizmas\u0131d\u0131r. Y\u00fck ta\u015f\u0131ma ve s\u00fcr\u00fc\u015f s\u0131ras\u0131nda makinenin dengede kalmas\u0131n\u0131 sa\u011flar, zeminle olan temas\u0131n\u0131 g\u00fcvenli ve sabit tutar. Sa\u011flam g\u00f6vde yap\u0131s\u0131 ve uzun \u00f6m\u00fcrl\u00fc mekanik aksam\u0131 sayesinde zorlu \u00e7al\u0131\u015fma ko\u015fullar\u0131na dayan\u0131kl\u0131d\u0131r.<\/p>\n<p data-start=\"387\" data-end=\"692\"><strong data-start=\"387\" data-end=\"402\">\u00d6zellikler:<\/strong><br data-start=\"402\" data-end=\"405\" \/><strong data-start=\"405\" data-end=\"418\">\u00dcr\u00fcn Ad\u0131:<\/strong> BT Toyota LWE\/SWE Denge Mekanizmas\u0131<br data-start=\"454\" data-end=\"457\" \/><strong data-start=\"457\" data-end=\"472\">Par\u00e7a Kodu:<\/strong> 254316 , 136135 , 7647304<br data-start=\"498\" data-end=\"501\" \/><strong data-start=\"501\" data-end=\"513\">Malzeme:<\/strong> Y\u00fcksek dayan\u0131ml\u0131 metal<br data-start=\"536\" data-end=\"539\" \/><strong data-start=\"539\" data-end=\"558\">Kullan\u0131m Alan\u0131:<\/strong> BT ve Toyota LWE, SWE model transpalet ve istif makineleri<br data-start=\"617\" data-end=\"620\" \/><strong data-start=\"620\" data-end=\"632\">Avantaj:<\/strong> Y\u00fck dengesi, sa\u011flam yap\u0131, g\u00fcvenli ve uzun \u00f6m\u00fcrl\u00fc kullan\u0131m<\/p>\n<p data-start=\"694\" data-end=\"1045\">\n","protected":false},"featured_media":13717,"template":"","meta":[],"product_brand":[],"product_cat":[251,420,426,521,531],"product_tag":[],"class_list":{"0":"post-10692","1":"product","2":"type-product","3":"status-publish","4":"has-post-thumbnail","6":"product_cat-bt","7":"product_cat-denge-mekanizmalar","8":"product_cat-bt-denge-mekanizma","9":"product_cat-toyota","10":"product_cat-mekanizmalar-toyota","12":"first","13":"instock","14":"taxable","15":"shipping-taxable","16":"purchasable","17":"product-type-simple"},"_links":{"self":[{"href":"https:\/\/ceoparts.com\/tr\/wp-json\/wp\/v2\/product\/10692","targetHints":{"allow":["GET"]}}],"collection":[{"href":"https:\/\/ceoparts.com\/tr\/wp-json\/wp\/v2\/product"}],"about":[{"href":"https:\/\/ceoparts.com\/tr\/wp-json\/wp\/v2\/types\/product"}],"wp:featuredmedia":[{"embeddable":true,"href":"https:\/\/ceoparts.com\/tr\/wp-json\/wp\/v2\/media\/13717"}],"wp:attachment":[{"href":"https:\/\/ceoparts.com\/tr\/wp-json\/wp\/v2\/media?parent=10692"}],"wp:term":[{"taxonomy":"product_brand","embeddable":true,"href":"https:\/\/ceoparts.com\/tr\/wp-json\/wp\/v2\/product_brand?post=10692"},{"taxonomy":"product_cat","embeddable":true,"href":"https:\/\/ceoparts.com\/tr\/wp-json\/wp\/v2\/product_cat?post=10692"},{"taxonomy":"product_tag","embeddable":true,"href":"https:\/\/ceoparts.com\/tr\/wp-json\/wp\/v2\/product_tag?post=10692"}],"curies":[{"name":"wp","href":"https:\/\/api.w.org\/{rel}","templated":true}]}}