{"id":10694,"date":"2024-09-23T14:34:08","date_gmt":"2024-09-23T11:34:08","guid":{"rendered":"https:\/\/ceoparts.com\/?post_type=product&#038;p=10694"},"modified":"2026-05-16T13:16:16","modified_gmt":"2026-05-16T10:16:16","slug":"linde-t20ap-t20sp-denge-mekanizmasi-3724505508","status":"publish","type":"product","link":"https:\/\/ceoparts.com\/tr\/urun\/linde-t20ap-t20sp-denge-mekanizmasi-3724505508\/","title":{"rendered":"Linde T20AP \/ T20SP Denge Mekanizmas\u0131 &#8211; 3724505508"},"content":{"rendered":"<p>Linde T20AP \/ T20SP Denge Mekanizmas\u0131 &#8211; 3724505508<\/p>","protected":false},"excerpt":{"rendered":"<p data-start=\"0\" data-end=\"317\"><br data-start=\"5\" data-end=\"8\" \/>Linde T20AP \/ T20SP Denge Mekanizmas\u0131, Linde T20AP ve T20SP model transpalet ve istif makineleri i\u00e7in geli\u015ftirilmi\u015f denge mekanizmas\u0131d\u0131r. Y\u00fck ta\u015f\u0131ma ve manevralarda makinenin stabil kalmas\u0131n\u0131 sa\u011flar ve \u00e7al\u0131\u015fma g\u00fcvenli\u011fini art\u0131r\u0131r. Dayan\u0131kl\u0131 metal g\u00f6vdesi ve sa\u011flam montaj yap\u0131s\u0131yla uzun \u00f6m\u00fcrl\u00fc kullan\u0131m sunar.<\/p>\n<p data-start=\"319\" data-end=\"601\"><strong data-start=\"319\" data-end=\"334\">\u00d6zellikler:<\/strong><br data-start=\"334\" data-end=\"337\" \/><strong data-start=\"337\" data-end=\"350\">\u00dcr\u00fcn Ad\u0131:<\/strong> Linde T20AP \/ T20SP Denge Mekanizmas\u0131<br data-start=\"388\" data-end=\"391\" \/><strong data-start=\"391\" data-end=\"406\">Par\u00e7a Kodu:<\/strong> 3724505508<br data-start=\"417\" data-end=\"420\" \/><strong data-start=\"420\" data-end=\"432\">Malzeme:<\/strong> Dayan\u0131kl\u0131 metal ala\u015f\u0131m<br data-start=\"455\" data-end=\"458\" \/><strong data-start=\"458\" data-end=\"477\">Kullan\u0131m Alan\u0131:<\/strong> Linde T20AP, T20SP transpalet ve istif makineleri<br data-start=\"527\" data-end=\"530\" \/><strong data-start=\"530\" data-end=\"542\">Avantaj:<\/strong> Y\u00fck stabilitesi, g\u00fcvenli manevra, sa\u011flam yap\u0131, uzun \u00f6m\u00fcr<\/p>\n<p data-start=\"603\" data-end=\"909\">\n","protected":false},"featured_media":13856,"template":"","meta":[],"product_brand":[],"product_cat":[246,247,420,425],"product_tag":[],"class_list":{"0":"post-10694","1":"product","2":"type-product","3":"status-publish","4":"has-post-thumbnail","6":"product_cat-linde","7":"product_cat-denge-tekeri-linde","8":"product_cat-denge-mekanizmalar","9":"product_cat-linde-denge-mekanizma","11":"first","12":"instock","13":"taxable","14":"shipping-taxable","15":"purchasable","16":"product-type-simple"},"_links":{"self":[{"href":"https:\/\/ceoparts.com\/tr\/wp-json\/wp\/v2\/product\/10694","targetHints":{"allow":["GET"]}}],"collection":[{"href":"https:\/\/ceoparts.com\/tr\/wp-json\/wp\/v2\/product"}],"about":[{"href":"https:\/\/ceoparts.com\/tr\/wp-json\/wp\/v2\/types\/product"}],"wp:featuredmedia":[{"embeddable":true,"href":"https:\/\/ceoparts.com\/tr\/wp-json\/wp\/v2\/media\/13856"}],"wp:attachment":[{"href":"https:\/\/ceoparts.com\/tr\/wp-json\/wp\/v2\/media?parent=10694"}],"wp:term":[{"taxonomy":"product_brand","embeddable":true,"href":"https:\/\/ceoparts.com\/tr\/wp-json\/wp\/v2\/product_brand?post=10694"},{"taxonomy":"product_cat","embeddable":true,"href":"https:\/\/ceoparts.com\/tr\/wp-json\/wp\/v2\/product_cat?post=10694"},{"taxonomy":"product_tag","embeddable":true,"href":"https:\/\/ceoparts.com\/tr\/wp-json\/wp\/v2\/product_tag?post=10694"}],"curies":[{"name":"wp","href":"https:\/\/api.w.org\/{rel}","templated":true}]}}