{"id":10714,"date":"2024-09-23T14:58:48","date_gmt":"2024-09-23T11:58:48","guid":{"rendered":"https:\/\/ceoparts.com\/?post_type=product&#038;p=10714"},"modified":"2026-05-17T11:07:47","modified_gmt":"2026-05-17T08:07:47","slug":"linde-denge-mekanizma-3724560301","status":"publish","type":"product","link":"https:\/\/ceoparts.com\/tr\/urun\/linde-denge-mekanizma-3724560301\/","title":{"rendered":"Linde T20AP \/ T20SP Denge Mekanizmas\u0131 (Tekerleksiz) &#8211; 3724560301"},"content":{"rendered":"<p>Linde T20AP \/ T20SP Denge Mekanizmas\u0131 (Tekerleksiz) &#8211; 3724560301<\/p>\n<p>132\u00a0N20\/N24\/N20L\/N20LI<br \/>\n132\u00a0N20\/N24\/N20L\/N20LI<br \/>\n133\u00a0L12\/L14-L12L\/L14L-L12LHP<br \/>\n140\u00a0T20R<br \/>\n144\u00a0T20S\/T20SF<br \/>\n372\u00a0L14\/16\/L14AP\/16AP<\/p>","protected":false},"excerpt":{"rendered":"<p data-start=\"0\" data-end=\"338\"><br data-start=\"5\" data-end=\"8\" \/>Linde T20AP \/ T20SP Denge Mekanizmas\u0131, Linde T20AP ve T20SP model transpalet ve istif makineleri i\u00e7in \u00f6zel olarak \u00fcretilmi\u015f, tekerleksiz denge mekanizmas\u0131d\u0131r. Y\u00fck ta\u015f\u0131ma ve manevra s\u0131ras\u0131nda makinenin dengede kalmas\u0131n\u0131 sa\u011flar, titre\u015fim ve dengesizlikleri azalt\u0131r. Sa\u011flam metal g\u00f6vdesiyle uzun \u00f6m\u00fcrl\u00fc ve a\u011f\u0131r \u015fartlara dayan\u0131kl\u0131d\u0131r.<\/p>\n<p data-start=\"340\" data-end=\"636\"><strong data-start=\"340\" data-end=\"355\">\u00d6zellikler:<\/strong><br data-start=\"355\" data-end=\"358\" \/><strong data-start=\"358\" data-end=\"371\">\u00dcr\u00fcn Ad\u0131:<\/strong> Linde T20AP \/ T20SP Denge Mekanizmas\u0131 (Tekerleksiz)<br data-start=\"423\" data-end=\"426\" \/><strong data-start=\"426\" data-end=\"441\">Par\u00e7a Kodu:<\/strong> 3724560301<br data-start=\"452\" data-end=\"455\" \/><strong data-start=\"455\" data-end=\"467\">Malzeme:<\/strong> Dayan\u0131kl\u0131 metal ala\u015f\u0131m<br data-start=\"490\" data-end=\"493\" \/><strong data-start=\"493\" data-end=\"512\">Kullan\u0131m Alan\u0131:<\/strong> Linde T20AP, T20SP transpalet ve istif makineleri<br data-start=\"562\" data-end=\"565\" \/><strong data-start=\"565\" data-end=\"577\">Avantaj:<\/strong> Y\u00fck stabilitesi, uzun \u00f6m\u00fcr, sa\u011flam yap\u0131, g\u00fcvenli \u00e7al\u0131\u015fma<\/p>\n<p data-start=\"638\" data-end=\"959\">\n","protected":false},"featured_media":13857,"template":"","meta":[],"product_brand":[],"product_cat":[246,247,420,425],"product_tag":[],"class_list":{"0":"post-10714","1":"product","2":"type-product","3":"status-publish","4":"has-post-thumbnail","6":"product_cat-linde","7":"product_cat-denge-tekeri-linde","8":"product_cat-denge-mekanizmalar","9":"product_cat-linde-denge-mekanizma","11":"first","12":"instock","13":"taxable","14":"shipping-taxable","15":"purchasable","16":"product-type-simple"},"_links":{"self":[{"href":"https:\/\/ceoparts.com\/tr\/wp-json\/wp\/v2\/product\/10714","targetHints":{"allow":["GET"]}}],"collection":[{"href":"https:\/\/ceoparts.com\/tr\/wp-json\/wp\/v2\/product"}],"about":[{"href":"https:\/\/ceoparts.com\/tr\/wp-json\/wp\/v2\/types\/product"}],"wp:featuredmedia":[{"embeddable":true,"href":"https:\/\/ceoparts.com\/tr\/wp-json\/wp\/v2\/media\/13857"}],"wp:attachment":[{"href":"https:\/\/ceoparts.com\/tr\/wp-json\/wp\/v2\/media?parent=10714"}],"wp:term":[{"taxonomy":"product_brand","embeddable":true,"href":"https:\/\/ceoparts.com\/tr\/wp-json\/wp\/v2\/product_brand?post=10714"},{"taxonomy":"product_cat","embeddable":true,"href":"https:\/\/ceoparts.com\/tr\/wp-json\/wp\/v2\/product_cat?post=10714"},{"taxonomy":"product_tag","embeddable":true,"href":"https:\/\/ceoparts.com\/tr\/wp-json\/wp\/v2\/product_tag?post=10714"}],"curies":[{"name":"wp","href":"https:\/\/api.w.org\/{rel}","templated":true}]}}