{"id":10751,"date":"2024-09-23T16:12:06","date_gmt":"2024-09-23T13:12:06","guid":{"rendered":"https:\/\/ceoparts.com\/?post_type=product&#038;p=10751"},"modified":"2026-05-16T15:26:18","modified_gmt":"2026-05-16T12:26:18","slug":"frenli-denge-mekanizma-takim","status":"publish","type":"product","link":"https:\/\/ceoparts.com\/tr\/urun\/frenli-denge-mekanizma-takim\/","title":{"rendered":"Frenli Denge Mekanizma"},"content":{"rendered":"<p>Frenli Denge Mekanizma<\/p>","protected":false},"excerpt":{"rendered":"<p data-start=\"114\" data-end=\"475\"><br data-start=\"119\" data-end=\"122\" \/>Frenli Denge Mekanizmas\u0131, forklift ve istifleme ekipmanlar\u0131nda y\u00fck ta\u015f\u0131ma s\u0131ras\u0131nda dengeyi sa\u011flamak ve operat\u00f6r kontrol\u00fcn\u00fc art\u0131rmak amac\u0131yla kullan\u0131lan \u00f6nemli bir sistem par\u00e7as\u0131d\u0131r. \u00dczerinde bulunan fren sistemi sayesinde ta\u015f\u0131y\u0131c\u0131 tekerleklerin hareketini kontrol ederek g\u00fcvenli kullan\u0131m sa\u011flar. Y\u00fcksek dayan\u0131ml\u0131 ve uzun \u00f6m\u00fcrl\u00fc malzemeden \u00fcretilmi\u015ftir.<\/p>\n<p data-start=\"477\" data-end=\"759\"><strong data-start=\"477\" data-end=\"492\">\u00d6zellikler:<\/strong><br data-start=\"492\" data-end=\"495\" \/><strong data-start=\"495\" data-end=\"508\">\u00dcr\u00fcn Ad\u0131:<\/strong> Frenli Denge Mekanizmas\u0131<br data-start=\"533\" data-end=\"536\" \/><strong data-start=\"536\" data-end=\"551\">Par\u00e7a Kodu:<\/strong> &#8211;<br data-start=\"553\" data-end=\"556\" \/><strong data-start=\"556\" data-end=\"568\">Malzeme:<\/strong> Dayan\u0131kl\u0131 metal ve fren donan\u0131m\u0131<br data-start=\"601\" data-end=\"604\" \/><strong data-start=\"604\" data-end=\"623\">Kullan\u0131m Alan\u0131:<\/strong> Forklift ve istif arac\u0131 denge ve frenleme sistemi<br data-start=\"673\" data-end=\"676\" \/><strong data-start=\"676\" data-end=\"688\">Avantaj:<\/strong> Y\u00fck stabilitesi, kontroll\u00fc frenleme, sa\u011flam yap\u0131, uzun kullan\u0131m \u00f6mr\u00fc<\/p>\n<p data-start=\"761\" data-end=\"1080\">\n","protected":false},"featured_media":13854,"template":"","meta":[],"product_brand":[],"product_cat":[420],"product_tag":[],"class_list":{"0":"post-10751","1":"product","2":"type-product","3":"status-publish","4":"has-post-thumbnail","6":"product_cat-denge-mekanizmalar","8":"first","9":"instock","10":"taxable","11":"shipping-taxable","12":"purchasable","13":"product-type-simple"},"_links":{"self":[{"href":"https:\/\/ceoparts.com\/tr\/wp-json\/wp\/v2\/product\/10751","targetHints":{"allow":["GET"]}}],"collection":[{"href":"https:\/\/ceoparts.com\/tr\/wp-json\/wp\/v2\/product"}],"about":[{"href":"https:\/\/ceoparts.com\/tr\/wp-json\/wp\/v2\/types\/product"}],"wp:featuredmedia":[{"embeddable":true,"href":"https:\/\/ceoparts.com\/tr\/wp-json\/wp\/v2\/media\/13854"}],"wp:attachment":[{"href":"https:\/\/ceoparts.com\/tr\/wp-json\/wp\/v2\/media?parent=10751"}],"wp:term":[{"taxonomy":"product_brand","embeddable":true,"href":"https:\/\/ceoparts.com\/tr\/wp-json\/wp\/v2\/product_brand?post=10751"},{"taxonomy":"product_cat","embeddable":true,"href":"https:\/\/ceoparts.com\/tr\/wp-json\/wp\/v2\/product_cat?post=10751"},{"taxonomy":"product_tag","embeddable":true,"href":"https:\/\/ceoparts.com\/tr\/wp-json\/wp\/v2\/product_tag?post=10751"}],"curies":[{"name":"wp","href":"https:\/\/api.w.org\/{rel}","templated":true}]}}